{"id":958,"date":"2021-01-02T20:01:55","date_gmt":"2021-01-02T19:01:55","guid":{"rendered":"https:\/\/shaggyfluff.pl\/?page_id=958"},"modified":"2025-02-28T22:04:13","modified_gmt":"2025-02-28T21:04:13","slug":"ciekawostki","status":"publish","type":"page","link":"https:\/\/shaggyfluff.pl\/index.php\/ciekawostki\/","title":{"rendered":"Ciekawostki"},"content":{"rendered":"\n<p>&#8222;Chcecie pozna\u0107 ras\u0119 psa, kt\u00f3ra w sobie skupia chytro\u015b\u0107 pudla, ostro\u015b\u0107 foksteriera, odwag\u0119 niemieckiego owczarka, a do tego wszystkiego ma doskona\u0142y instynkt str\u00f3\u017cuj\u0105cy. Chcecie pozna\u0107 psa, kt\u00f3ry nigdy samopas nie w\u0119druje, nie goni zwierz\u0105t, jest przyjacielem wszystkich domowych zwierz\u0105t i jest idealnym wr\u0119cz weso\u0142ym towarzyszem. Chcecie mie\u0107 nieustraszonego obro\u0144c\u0119, kt\u00f3ry jednak nigdy nie ugryzie, do\u017cywa pi\u0119knego wieku i kt\u00f3ry dodatkowo ma wspania\u0142y eksterier. Wszystkie te cechy skupia w sobie zaniedbywany przez lata szpic&#8221; <br><strong><em>Melita Benesova<\/em><\/strong><\/p>\n\n\n\n<p>&#8222;&#8230; Wszystkie szpice, du\u017ce i ma\u0142e, maj\u0105 jedn\u0105 wsp\u00f3ln\u0105 cech\u0119 a mianowicie &#8222;charakterek&#8221;. Szpic to osobowo\u015b\u0107 w ka\u017cdym calu, od czubka ciekawskiego nosa do ko\u0144ca dumnie noszonego ogona. To impertynent ca\u0142\u0105 g\u0119b\u0105, arogancki i niezale\u017cny. Ale nie mo\u017cna odm\u00f3wi\u0107 mu ogromnego serca, bo szpic kocha sw\u00f3j dom i swoj\u0105 rodzin\u0119 bezgranicznie&#8230;&#8221;<br><strong><em>Joanna Milewska &#8211; Kuncewicz<\/em><\/strong><\/p>\n\n\n\n<p>&#8222;Posiadanie psa jest jak t\u0119cza. Szczeni\u0119ta s\u0105 rado\u015bci\u0105 na jednym jej ko\u0144cu. Stare psy s\u0105 skarbem na drugim&#8221; <br><strong><em>Carolyn Alexander<\/em><\/strong><\/p>\n\n\n\n<p>\u201eNa \u015bwiecie nie ma lepszego psychiatry od szczeniaka li\u017c\u0105cego ci\u0119 po twarzy\u201d&nbsp;<br><strong>Edward Abbey<\/strong><\/p>\n\n\n\n<p>\u201eNie ma znaczenia ile masz pieni\u0119dzy, ani ile rzeczy, mo\u017cesz by\u0107 biedakiem, ale maj\u0105c psa jeste\u015b bogaty\u201d<br><strong>Louis Sabin<\/strong><\/p>\n\n\n\n<p>\u201eNie ma na \u015bwiecie przyja\u017ani, kt\u00f3ra trwa wiecznie. Jedynym wyj\u0105tkiem jest ta, kt\u00f3r\u0105 obdarza nas pies. Jedynym ca\u0142kowicie przyjacielem, kt\u00f3rego mo\u017cna mie\u0107 na tym interesownym \u015bwiecie, takim, kt\u00f3ry nigdy go nie opu\u015bci, nigdy nie oka\u017ce si\u0119 niewdzi\u0119cznym lub zdradzieckim, jest pies\u2026\u201d<br><strong>N.N.<\/strong><\/p>\n\n\n\n<p>&#8222;Pies to jedyna istota na ziemi, kt\u00f3ra kocha Ci\u0119 bardziej ni\u017c siebie samego.&#8221;<br><strong> Jose Billings.<\/strong><\/p>\n\n\n\n<p>&#8222;Kto\u015b, kto nigdy nie mia\u0142&nbsp;psa, przeoczy\u0142&nbsp;cudown\u0105 cz\u0119\u015b\u0107 \u017cycia.&#8221;<br><strong>Bob Barker<\/strong><\/p>\n\n\n\n<p>&#8222;Nikt nie docenia wyj\u0105tkowego geniuszu twojej rozmowy, tak jak pies.&#8221; <br><strong>Christopher Morley<\/strong><\/p>\n\n\n\n<p>&#8222;Psy nie s\u0105 ca\u0142ym naszym \u017cyciem, ale sprawiaj\u0105, \u017ce nasze \u017cycie jest ca\u0142e.&#8221;<br><strong>Roger Caras<\/strong><\/p>\n\n\n\n<p>&#8222;\u015awiat by\u0142by lepszym miejscem, gdyby ka\u017cdy mia\u0142 mo\u017cliwo\u015b\u0107 kochania tak bezwarunkowo jak pies.&#8221; <br><strong>MK Clinton<\/strong><\/p>\n\n\n\n<p>&#8222;Szcz\u0119\u015bcie to ma\u0142y, ciep\u0142y szczeniaczek.&#8221; <br><strong>Charles Schultz<\/strong><\/p>\n\n\n\n<p>&#8222;Zwierz\u0119ta s\u0105 najlepszymi przyjaci\u00f3\u0142mi.&nbsp;Nie zadaj\u0105 pyta\u0144, nie krytykuj\u0105. &#8222;<br><strong>George Elliot<\/strong><\/p>\n\n\n\n<p>&#8221;&nbsp;Ktokolwiek powiedzia\u0142, \u017ce diamenty s\u0105 najlepszym przyjacielem dziewczyny, nigdy nie mia\u0142 psa.&#8221;<br><strong>N.N.<\/strong><\/p>\n\n\n\n<p>&#8222;Pies b\u0119dzie Twoim najlepszym przyjacielem bez wzgl\u0119du na wszystko.&nbsp;Ludzie&nbsp;nie zawsze.&#8221;<br><strong>N.N.<\/strong><\/p>\n\n\n\n<p>&#8222;G\u0142askanie, drapanie i przytulanie psa mo\u017ce by\u0107 tak samo koj\u0105ce dla umys\u0142u i serca jak g\u0142\u0119boka medytacja i prawie tak dobre dla duszy jak modlitwa.&#8221;<br><strong>Dean Koontz<\/strong><\/p>\n\n\n\n<p>&#8222;Moja filozofia mody polega na tym, \u017ce je\u015bli nie jeste\u015b pokryty psi\u0105 sier\u015bci\u0105, twoje \u017cycie jest puste.&#8221;<br><strong>Elayne Boosler<\/strong><\/p>\n\n\n\n<p>&#8222;Dobroczynno\u015b\u0107 nie polega na dawaniu ko\u015bci psu. Dobroczynno\u015b\u0107 to ko\u015b\u0107 dzielona z psem w\u00f3wczas, gdy jeste\u015b r\u00f3wnie g\u0142odny jak on.&#8221;<br><strong>Jack London<\/strong><\/p>\n\n\n\n<p>&#8222;Na tej przypadkowej planecie jeste\u015bmy samotni. Mi\u0119dzy wszystkimi otaczaj\u0105cymi nas formami \u017cycia \u017cadna, poza psem, nie zawar\u0142a z nami przymierza.&#8221;<br><strong>Maurice Maeterlinck<\/strong><\/p>\n\n\n\n<p>&#8222;Najwi\u0119ksz\u0105 przyjemno\u015bci\u0105 psa jest to, \u017ce mo\u017cesz zrobi\u0107 z siebie g\u0142upka, a on nie tylko ci\u0119 nie zbeszta, ale te\u017c zrobi z siebie g\u0142upka.&#8221;<br><strong>Samuel Butler<\/strong><\/p>\n\n\n\n<p>&#8222;Otwarcie swojego \u017cycia na psa, kt\u00f3ry potrzebuje domu, jest jedn\u0105 z najbardziej satysfakcjonuj\u0105cych rzeczy, jakie mo\u017cesz zrobi\u0107.&#8221;<br><strong>Emma Kenney<\/strong><\/p>\n\n\n\n<p>&#8222;Psy m\u00f3wi\u0105, ale tylko do tych, kt\u00f3rzy wiedz\u0105 jak s\u0142ucha\u0107.&#8221;<br><strong>Orhan Pamuk<\/strong><\/p>\n\n\n\n<p>\u201ePies jest jedyn\u0105 istot\u0105 na \u015bwiecie, kt\u00f3ra pokocha Ci\u0119 bardziej ni\u017c siebie samego\u201d <br><strong>Josh Billings<\/strong><\/p>\n\n\n\n<p>\u201eIm wi\u0119cej poznaj\u0119 ludzi, tym bardziej lubi\u0119 psy\u201d <br><strong>Charles de Gaulle<\/strong><\/p>\n\n\n\n<p>\u201eZwykle mo\u017cna powiedzie\u0107, \u017ce cz\u0142owiek jest dobry, je\u015bli ma psa, kt\u00f3ry go kocha\u201d <br><strong>Bruce Cameron<\/strong><\/p>\n\n\n\n<p>\u201ePsy to moi ulubieni ludzie\u201d <br><strong>Richard Anderson<\/strong><\/p>\n\n\n\n<p>\u201ePsy nie s\u0105 ca\u0142ym naszym \u017cyciem, ale sprawiaj\u0105, \u017ce nasze \u017cycie jest ca\u0142e\u201d <br><strong>Roger Caras<\/strong><\/p>\n\n\n\n<p>\u201e\u017bycie ps\u00f3w jest zbyt kr\u00f3tkie. To naprawd\u0119 ich jedyna wada\u201d <br><strong>Agnes Slight<\/strong><\/p>\n\n\n\n<p>\u201eNasze zwierzaki \u017cyj\u0105 kr\u00f3tko, ale wi\u0119kszo\u015b\u0107 swojego czasu sp\u0119dzaj\u0105 czekaj\u0105c, a\u017c wr\u00f3cimy do domu. To niesamowite ile \u015bmiechu i rado\u015bci potrafi\u0105 wprowadzi\u0107 w nasze \u017cycie. Dzi\u0119ki nim zbli\u017camy si\u0119 do siebie\u201d <br><strong>John Grogan<\/strong><\/p>\n\n\n\n<p>\u201eNajwi\u0119kszym l\u0119kiem psa jest mo\u017cliwo\u015b\u0107, \u017ce nigdy nie wr\u00f3cisz, gdy wyjdziesz z domu bez niego\u201d <br><strong>Stanley Coren<\/strong><\/p>\n\n\n\n<p>\u201eNajlepsz\u0105 rzecz\u0105 o psie jest to, \u017ce mo\u017cesz robi\u0107 g\u0142upie miny do niego, a co on zrobi? Nie b\u0119dzie ci\u0119 krytykowa\u0107, nie b\u0119dzie m\u00f3wi\u0142, \u017ce masz g\u0142upie pomys\u0142y, nie b\u0119dzie ci\u0119 zniech\u0119ca\u0107\u2026 po prostu b\u0119dzie na ciebie patrzy\u0142 i macha\u0142 ogonem\u201d <br><strong>George Foreman<\/strong><\/p>\n\n\n\n<p>\u201ePsy nigdy nie m\u00f3wi\u0105 o sobie, ale s\u0142uchaj\u0105, kiedy ty m\u00f3wisz o sobie i zachowuj\u0105 pozory zainteresowania rozmow\u0105\u201d<br> <strong>Jerome K.<\/strong><\/p>\n\n\n\n<p>\u201ePrzez ca\u0142e \u017cycie pr\u00f3bowa\u0142 by\u0107 dobrym cz\u0142owiekiem. Pr\u00f3bowa\u0142 wiele razy, ale nie wychodzi\u0142o mu. W ko\u0144cu by\u0142 tylko cz\u0142owiekiem. Nie by\u0142 psem\u201d <br><strong>Charles M. Schulz<\/strong><\/p>\n\n\n\n<p>\u201eOtwarcie swojego \u017cycia na psa, kt\u00f3ry potrzebuje domu, jest jedn\u0105 z najbardziej satysfakcjonuj\u0105cych rzeczy, jakie mo\u017cesz zrobi\u0107\u201d <br><strong>Emma Kenney<\/strong><\/p>\n\n\n\n<p>&#8222;My\u015bl\u0119, \u017ce psy s\u0105 najbardziej niesamowitymi stworzeniami; daj\u0105 bezwarunkow\u0105 mi\u0142o\u015b\u0107. S\u0105 dla mnie wzorem do na\u015bladowania. &#8222;<br><strong>Gilda Radner<\/strong><\/p>\n\n\n\n<p>&#8222;Za pieni\u0105dze mo\u017cna kupi\u0107 wspania\u0142ego psa , ale tylko mi\u0142o\u015bci\u0105 mo\u017cna sprawi\u0107, \u017ce zamerda ogonem.&#8221; <br><strong> Richard Friedman<\/strong><\/p>\n\n\n\n<p>\u201eA pies mo\u017ce by\u0107 \u017cywym dzie\u0142em sztuki, nieustaj\u0105cym przypomnieniem o wspania\u0142ym projekcie natury i zapieraj\u0105cej dech w piersiach realizacji, pi\u0119knem na czterech \u0142apach.\u201d  <br><strong>Dean Koontz<\/strong><\/p>\n\n\n\n<p>&#8222;Gdy Ci smutno, gdy Ci \u017ale <br>Ma\u0142y szpic pocieszy Ci\u0119 <br>Da buziaka cudownego <br>I spojrzenia uroczego <br>Ka\u017cdy domek rozweseli <br>Ma\u0142y puszek po k\u0105pieli <br>\u017bycie w domu bez szpicusia <br>B\u0119dzie smutne niczym trusia&#8221;<br><strong>Agnieszka Wilczek<\/strong><\/p>\n\n\n\n<p>&#8222;Mi\u0142o\u015b\u0107 Ci wszystko wybaczy<br>K\u0105piele, tabletki i stres<br>Mi\u0142o\u015b\u0107 Ci wszystko wybaczy<br>Bo mi\u0142o\u015b\u0107, ma mi\u0142a, to pies&#8221;<br><strong>N.N.<\/strong><\/p>\n\n\n\n<p>&#8222;Mi\u0142o\u015b\u0107 mojego psa jest warta ka\u017cdej sier\u015bci,<br>Ka\u017cdej ub\u0142oconej \u0142apy, <br>Ka\u017cdego wstawania o poranku<br>Oraz ka\u017cdej wydanej na niego z\u0142ot\u00f3wki&#8221;<br><strong>N.N.<\/strong><\/p>\n\n\n\n<p><\/p>\n","protected":false},"excerpt":{"rendered":"<p>&#8222;Chcecie pozna\u0107 ras\u0119 psa, kt\u00f3ra w sobie skupia chytro\u015b\u0107 pudla, ostro\u015b\u0107 foksteriera, odwag\u0119 niemieckiego owczarka, a do tego wszystkiego ma doskona\u0142y instynkt str\u00f3\u017cuj\u0105cy. Chcecie pozna\u0107 psa, kt\u00f3ry nigdy samopas nie w\u0119druje, nie goni zwierz\u0105t, jest przyjacielem wszystkich domowych zwierz\u0105t i [&hellip;]<\/p>\n","protected":false},"author":1,"featured_media":0,"parent":0,"menu_order":0,"comment_status":"closed","ping_status":"closed","template":"","meta":{"footnotes":""},"class_list":["post-958","page","type-page","status-publish","hentry","clearfix"],"_links":{"self":[{"href":"https:\/\/shaggyfluff.pl\/index.php\/wp-json\/wp\/v2\/pages\/958","targetHints":{"allow":["GET"]}}],"collection":[{"href":"https:\/\/shaggyfluff.pl\/index.php\/wp-json\/wp\/v2\/pages"}],"about":[{"href":"https:\/\/shaggyfluff.pl\/index.php\/wp-json\/wp\/v2\/types\/page"}],"author":[{"embeddable":true,"href":"https:\/\/shaggyfluff.pl\/index.php\/wp-json\/wp\/v2\/users\/1"}],"replies":[{"embeddable":true,"href":"https:\/\/shaggyfluff.pl\/index.php\/wp-json\/wp\/v2\/comments?post=958"}],"version-history":[{"count":22,"href":"https:\/\/shaggyfluff.pl\/index.php\/wp-json\/wp\/v2\/pages\/958\/revisions"}],"predecessor-version":[{"id":3285,"href":"https:\/\/shaggyfluff.pl\/index.php\/wp-json\/wp\/v2\/pages\/958\/revisions\/3285"}],"wp:attachment":[{"href":"https:\/\/shaggyfluff.pl\/index.php\/wp-json\/wp\/v2\/media?parent=958"}],"curies":[{"name":"wp","href":"https:\/\/api.w.org\/{rel}","templated":true}]}}