{"id":718,"date":"2020-07-19T22:02:58","date_gmt":"2020-07-19T20:02:58","guid":{"rendered":"http:\/\/shaggyfluff.pl\/?page_id=718"},"modified":"2024-11-28T22:09:56","modified_gmt":"2024-11-28T21:09:56","slug":"wystawy","status":"publish","type":"page","link":"https:\/\/shaggyfluff.pl\/index.php\/nasze-psy\/szpic-wilczy\/sonny-smile\/wystawy\/","title":{"rendered":"Wystawy"},"content":{"rendered":"\n<p><strong><em>OSI\u0104GNI\u0118CIA Z WYSTAW:<\/em><\/strong><\/p>\n\n\n\n<p><strong>14.01.2024<\/strong> Grodzisk Maz.<br>I Krajowa Wystawa Ps\u00f3w Rasowych<br> ocena doskona\u0142a, Lokata I, Najlepsza Doros\u0142a Suka BOS (CWC\/CAC) <br><br><strong>15-15.06.2023<\/strong> Gorz\u00f3w Wlkp.<br>III Mi\u0119dzynarodowa Wystawa Ps\u00f3w Rasowych<br>ocena doskona\u0142a, Lokata I, Najlepsza Doros\u0142a Suka BOS (CWC\/CAC CACIB) <\/p>\n\n\n\n<p><strong>28-29.05.2022<\/strong>&nbsp;Leszno<br>Mi\u0119dzynarodowa Wystawa Ps\u00f3w Rasowych PRESTIGE<br>ocena doskona\u0142a, lokata I, (CWC\/CAC res. CACIB)<\/p>\n\n\n\n<p><strong>21.05.2022<\/strong> Wroc\u0142aw<br>VIII Wroc\u0142awska Wystawa Szpic\u00f3w i Ps\u00f3w Ras Pierwotnych<br> ocena doskona\u0142a, Najlepsza Doros\u0142a Suka, BOB  (CWC\/CAC)<br><strong> Najlepsza para wystawy lok.4 <\/strong>wraz z Hoganem <\/p>\n\n\n\n<p><strong>14-15.05.2022<\/strong> \u0141\u00f3d\u017a<br>XXVIII Mi\u0119dzynarodowa Wystawa Ps\u00f3w Rasowych<br>ocena doskona\u0142a, Lokata I, Najlepsza Doros\u0142a Suka  (CWC\/CAC CACIB) <\/p>\n\n\n\n<p><strong>7-8.05.2022<\/strong> Kliczk\u00f3w<br>VIII Mi\u0119dzynarodowa Wystawa Ps\u00f3w Rasowych<br> ocena doskona\u0142a, Lokata I, Najlepsza Doros\u0142a Suka, BOS (CWC\/CAC CACIB)  <\/p>\n\n\n\n<p><strong>30.04-01.05.2022<\/strong> Babimost<br>Mi\u0119dzynarodowa Wystawa Ps\u00f3w Rasowych<br> ocena doskona\u0142a, Lokata I, Najlepsza Doros\u0142a Suka BOS (CWC\/CAC CACIB)  <\/p>\n\n\n\n<p><strong>12-13.02.2022<\/strong> Katowice<br>Jubileuszowa XXV Mi\u0119dzynarodowa Wystawa Ps\u00f3w Rasowych<br>ocena doskona\u0142a, Lokata I,  (CWC\/CAC res. CACIB) <\/p>\n\n\n\n<p><strong>15-16.01.2022<\/strong> Brodnica<br>VII Krajowa wystawa Ps\u00f3w Rasowych<br>ocena doskona\u0142a, Lokata I, Najlepsza Doros\u0142a Suka, BOB (CWC\/CAC)<\/p>\n\n\n\n<p><strong>15.08.2021<\/strong> Sopot<br>XXXI Mi\u0119dzynarodowa Wystawa Ps\u00f3w Rasowych<br>ocena doskona\u0142a, Lokata I, Najlepsza Doros\u0142a Suka, BOS (CWC\/CAC CACIB)<\/p>\n\n\n\n<p><strong>14.08.2021<\/strong> Sopot<br> XXX Mi\u0119dzynarodowa Wystawa Ps\u00f3w Rasowych <br>ocena doskona\u0142a, lokata I, (CWC\/CAC res. CACIB)<\/p>\n\n\n\n<p><strong>17-18.07.2021 <\/strong>Bydgoszcz<br>III Mi\u0119dzynarodowa Wystawa Ps\u00f3w Rasowych (CACIB)<br>ocena doskona\u0142a, Lokata I, Najlepsza Doros\u0142a Suka, BOS (CWC\/CAC CACIB)<\/p>\n\n\n\n<p><strong>4.07.2021<\/strong> Ostr\u00f3da<br>XLVII Warmi\u0144sko-Mazurska Wystawa Ps\u00f3w Rasowych<br>ocena doskona\u0142a, lokata I, (CWC\/CAC)<\/p>\n\n\n\n<p><strong>12.06.2021 <\/strong>Zakrz\u00f3w<br>28 Krajowa Wystawa Ps\u00f3w Rasowych w Raciborzu<br>ocena doskona\u0142a, Lokata I, Zwyci\u0119zca M\u0142odzie\u017cy, Najlepszy Junior, BOS<\/p>\n\n\n\n<p><strong>5-6.06.2021<\/strong> Manowo<br>55. Krajowa Wystawa Ps\u00f3w Rasowych<br>ocena doskona\u0142a, Lokata I, Zwyci\u0119zca M\u0142odzie\u017cy, Najlepszy Junior<\/p>\n\n\n\n<p><strong>29-30.05.2021<\/strong> Leszno<br>Mi\u0119dzynarodowa Wystawa Ps\u00f3w PRESTIGE<br>ocena doskona\u0142a, Lokata I, Zwyci\u0119zca M\u0142odzie\u017cy<\/p>\n\n\n\n<p><strong>03-04.10.2020<\/strong>&nbsp;Nowy Dw\u00f3r Mazowiecki<br>45 Krajowa Wystawa Ps\u00f3w Rasowych<br>ocena wybitnie obiecuj\u0105ca, Lokata I, Najlepsze Szczeni\u0119 w Rasie<\/p>\n\n\n\n<p><strong>13.09.2020<\/strong> Gorz\u00f3w Wielkopolski<br>IX Jesienna Wystawa Ps\u00f3w Rasowych<br>ocena wybitnie obiecuj\u0105ca, Lokata I, Najlepsze Szczeni\u0119 w Rasie<\/p>\n","protected":false},"excerpt":{"rendered":"<p>OSI\u0104GNI\u0118CIA Z WYSTAW: 14.01.2024 Grodzisk Maz.I Krajowa Wystawa Ps\u00f3w Rasowych ocena doskona\u0142a, Lokata I, Najlepsza Doros\u0142a Suka BOS (CWC\/CAC) 15-15.06.2023 Gorz\u00f3w Wlkp.III Mi\u0119dzynarodowa Wystawa Ps\u00f3w Rasowychocena doskona\u0142a, Lokata I, Najlepsza Doros\u0142a Suka BOS (CWC\/CAC CACIB) 28-29.05.2022&nbsp;LesznoMi\u0119dzynarodowa Wystawa Ps\u00f3w Rasowych PRESTIGEocena [&hellip;]<\/p>\n","protected":false},"author":1,"featured_media":0,"parent":581,"menu_order":0,"comment_status":"closed","ping_status":"closed","template":"","meta":[],"_links":{"self":[{"href":"https:\/\/shaggyfluff.pl\/index.php\/wp-json\/wp\/v2\/pages\/718"}],"collection":[{"href":"https:\/\/shaggyfluff.pl\/index.php\/wp-json\/wp\/v2\/pages"}],"about":[{"href":"https:\/\/shaggyfluff.pl\/index.php\/wp-json\/wp\/v2\/types\/page"}],"author":[{"embeddable":true,"href":"https:\/\/shaggyfluff.pl\/index.php\/wp-json\/wp\/v2\/users\/1"}],"replies":[{"embeddable":true,"href":"https:\/\/shaggyfluff.pl\/index.php\/wp-json\/wp\/v2\/comments?post=718"}],"version-history":[{"count":19,"href":"https:\/\/shaggyfluff.pl\/index.php\/wp-json\/wp\/v2\/pages\/718\/revisions"}],"predecessor-version":[{"id":3161,"href":"https:\/\/shaggyfluff.pl\/index.php\/wp-json\/wp\/v2\/pages\/718\/revisions\/3161"}],"up":[{"embeddable":true,"href":"https:\/\/shaggyfluff.pl\/index.php\/wp-json\/wp\/v2\/pages\/581"}],"wp:attachment":[{"href":"https:\/\/shaggyfluff.pl\/index.php\/wp-json\/wp\/v2\/media?parent=718"}],"curies":[{"name":"wp","href":"https:\/\/api.w.org\/{rel}","templated":true}]}}