{"id":53,"date":"2020-04-25T23:34:28","date_gmt":"2020-04-25T21:34:28","guid":{"rendered":"http:\/\/shaggyfluff.pl\/?page_id=53"},"modified":"2022-07-17T21:26:01","modified_gmt":"2022-07-17T19:26:01","slug":"opis-rasy","status":"publish","type":"page","link":"https:\/\/shaggyfluff.pl\/index.php\/opis-rasy-2\/opis-rasy\/","title":{"rendered":"Szpic Wilczy"},"content":{"rendered":"\n<p class=\"has-text-align-left\">Wi\u0119kszo\u015b\u0107 szpic\u00f3w pochodzi od Wolfspitz\u00f3w (pocz\u0105tki rasy datowane s\u0105 na 3000 r. p.n.e.). Bardzo prawdopodobne jest, \u017ce szpice stanowi\u0105 trzon dla wszystkich innych europejskich ras ps\u00f3w.<\/p>\n\n\n\n<p>Keeshond to ma\u0142o popularna w Polsce rasa \u2013 a szkoda! S\u0105 to bowiem wyj\u0105tkowo ciekawe psy, z kt\u00f3rych charakterystyk\u0105 warto si\u0119&nbsp;zapozna\u0107 nieco bli\u017cej. Szpice Wilcze \u2013 bo tak brzmi inna nazwa rasy, s\u0105 jednymi z najbardziej pierwotnych ps\u00f3w, jakie obecnie mo\u017cemy spotka\u0107. Cho\u0107 nazwa sugeruje nam co\u015b innego, z wilkami maj\u0105 wsp\u00f3lnego tyle, co nic. To \u015bwietnie ucywilizowane zwierzaki, kt\u00f3re s\u0105 doskona\u0142ymi kandydatami do wszelkiego rodzaju szkole\u0144!<\/p>\n\n\n\n<p>Dzisiejsze Szpice Wilcze to osobniki niezwykle weso\u0142e i towarzyskie,wspaniale sprawdzaj\u0105 si\u0119 jako psy rodzinne. Przedstawiciele rasy Keeshond s\u0105 bardzo uczuciowi i szybko przywi\u0105zuj\u0105 si\u0119 do swoich w\u0142a\u015bcicieli. Lubi\u0105 tak\u017ce kontakt i zabaw\u0119 z dzie\u0107mi, co czyni ich doskona\u0142ymi opiekunami. Opr\u00f3cz tego s\u0105 jednak r\u00f3wnie\u017c doskona\u0142ymi str\u00f3\u017cami, co wynika bezpo\u015brednio z ich przesz\u0142o\u015bci \u2013 dawniej pe\u0142ni\u0142y bowiem rol\u0119 ps\u00f3w str\u00f3\u017cuj\u0105cych. Szpice Wilcze nie wymagaj\u0105 od swoich w\u0142a\u015bcicieli przesadnej aktywno\u015bci fizycznej, nie trzeba z nimi biega\u0107 po parku, z ca\u0142\u0105 pewno\u015bci\u0105 wystarczy im spokojny spacer.<\/p>\n\n\n\n<p><strong>CIEKAWOSTKA!<\/strong><\/p>\n\n\n\n<p>Szpic Wilczy jest psem oddanym i kochaj\u0105cym swojego opiekuna, ale jego w\u0142a\u015bciciel powinien mie\u0107 \u015bwiadomo\u015b\u0107 tego, \u017ce to rasa pierwotna, kt\u00f3ra nigdy w stu procentach nie podporz\u0105dkuje si\u0119 cz\u0142owiekowi. Bez problemu przystosowuj\u0105 si\u0119 do stylu \u017cycia rodziny. Potrafi\u0105 wylegiwa\u0107 si\u0119 ca\u0142ymi dniami, ale r\u00f3wnie\u017c nie pogardz\u0105 kilkukilometrowym spacerem \ud83d\ude42 <\/p>\n\n\n\n<p><\/p>\n\n\n\n<figure class=\"wp-block-image size-large is-resized\"><img loading=\"lazy\" src=\"http:\/\/shaggyfluff.pl\/wp-content\/uploads\/2020\/04\/20200429_102936-1-768x1024.jpg\" alt=\"\" class=\"wp-image-146\" width=\"427\" height=\"569\" srcset=\"https:\/\/shaggyfluff.pl\/wp-content\/uploads\/2020\/04\/20200429_102936-1-768x1024.jpg 768w, https:\/\/shaggyfluff.pl\/wp-content\/uploads\/2020\/04\/20200429_102936-1-225x300.jpg 225w, https:\/\/shaggyfluff.pl\/wp-content\/uploads\/2020\/04\/20200429_102936-1-700x933.jpg 700w, https:\/\/shaggyfluff.pl\/wp-content\/uploads\/2020\/04\/20200429_102936-1-520x693.jpg 520w, https:\/\/shaggyfluff.pl\/wp-content\/uploads\/2020\/04\/20200429_102936-1-360x480.jpg 360w, https:\/\/shaggyfluff.pl\/wp-content\/uploads\/2020\/04\/20200429_102936-1-250x333.jpg 250w, https:\/\/shaggyfluff.pl\/wp-content\/uploads\/2020\/04\/20200429_102936-1-100x133.jpg 100w, https:\/\/shaggyfluff.pl\/wp-content\/uploads\/2020\/04\/20200429_102936-1.jpg 1044w\" sizes=\"(max-width: 427px) 100vw, 427px\" \/><\/figure>\n\n\n\n<p><\/p>\n","protected":false},"excerpt":{"rendered":"<p>Wi\u0119kszo\u015b\u0107 szpic\u00f3w pochodzi od Wolfspitz\u00f3w (pocz\u0105tki rasy datowane s\u0105 na 3000 r. p.n.e.). Bardzo prawdopodobne jest, \u017ce szpice stanowi\u0105 trzon dla wszystkich innych europejskich ras ps\u00f3w. Keeshond to ma\u0142o popularna w Polsce rasa \u2013 a szkoda! S\u0105 to bowiem wyj\u0105tkowo [&hellip;]<\/p>\n","protected":false},"author":1,"featured_media":0,"parent":1813,"menu_order":0,"comment_status":"closed","ping_status":"closed","template":"","meta":[],"_links":{"self":[{"href":"https:\/\/shaggyfluff.pl\/index.php\/wp-json\/wp\/v2\/pages\/53"}],"collection":[{"href":"https:\/\/shaggyfluff.pl\/index.php\/wp-json\/wp\/v2\/pages"}],"about":[{"href":"https:\/\/shaggyfluff.pl\/index.php\/wp-json\/wp\/v2\/types\/page"}],"author":[{"embeddable":true,"href":"https:\/\/shaggyfluff.pl\/index.php\/wp-json\/wp\/v2\/users\/1"}],"replies":[{"embeddable":true,"href":"https:\/\/shaggyfluff.pl\/index.php\/wp-json\/wp\/v2\/comments?post=53"}],"version-history":[{"count":10,"href":"https:\/\/shaggyfluff.pl\/index.php\/wp-json\/wp\/v2\/pages\/53\/revisions"}],"predecessor-version":[{"id":1816,"href":"https:\/\/shaggyfluff.pl\/index.php\/wp-json\/wp\/v2\/pages\/53\/revisions\/1816"}],"up":[{"embeddable":true,"href":"https:\/\/shaggyfluff.pl\/index.php\/wp-json\/wp\/v2\/pages\/1813"}],"wp:attachment":[{"href":"https:\/\/shaggyfluff.pl\/index.php\/wp-json\/wp\/v2\/media?parent=53"}],"curies":[{"name":"wp","href":"https:\/\/api.w.org\/{rel}","templated":true}]}}