{"id":48,"date":"2020-04-25T23:28:49","date_gmt":"2020-04-25T21:28:49","guid":{"rendered":"http:\/\/shaggyfluff.pl\/?page_id=48"},"modified":"2024-11-27T14:37:55","modified_gmt":"2024-11-27T13:37:55","slug":"chilli-element-of-me","status":"publish","type":"page","link":"https:\/\/shaggyfluff.pl\/index.php\/nasze-psy\/szpic-wilczy\/chilli-element-of-me\/","title":{"rendered":"CHILLI Element Of Me"},"content":{"rendered":"\n<p><strong><em>ZDOBYTE TYTU\u0141Y:<\/em><\/strong><\/p>\n\n\n\n<p><strong><span class=\"has-inline-color has-vivid-red-color\">M\u0142odzie\u017cowy Champion Polski<\/span><\/strong><\/p>\n\n\n\n<p><span class=\"has-inline-color has-vivid-red-color\"><strong>Champion<\/strong><\/span> <strong><span class=\"has-inline-color has-vivid-red-color\">Polski <\/span><\/strong><\/p>\n\n\n\n<p><strong><span class=\"has-inline-color has-vivid-red-color\">Grand Champion Polski<\/span><\/strong><\/p>\n\n\n\n<p> <strong><span class=\"has-inline-color has-vivid-red-color\">Zwyci\u0119zca Polski 2021<\/span><\/strong> <\/p>\n\n\n\n<figure class=\"wp-block-image size-large is-resized\"><img loading=\"lazy\" src=\"http:\/\/shaggyfluff.pl\/wp-content\/uploads\/2020\/09\/20200914_134424-1024x693.jpg\" alt=\"\" class=\"wp-image-772\" width=\"476\" height=\"322\" srcset=\"https:\/\/shaggyfluff.pl\/wp-content\/uploads\/2020\/09\/20200914_134424-1024x693.jpg 1024w, https:\/\/shaggyfluff.pl\/wp-content\/uploads\/2020\/09\/20200914_134424-300x203.jpg 300w, https:\/\/shaggyfluff.pl\/wp-content\/uploads\/2020\/09\/20200914_134424-768x520.jpg 768w, https:\/\/shaggyfluff.pl\/wp-content\/uploads\/2020\/09\/20200914_134424-700x474.jpg 700w, https:\/\/shaggyfluff.pl\/wp-content\/uploads\/2020\/09\/20200914_134424-520x352.jpg 520w, https:\/\/shaggyfluff.pl\/wp-content\/uploads\/2020\/09\/20200914_134424-360x244.jpg 360w, https:\/\/shaggyfluff.pl\/wp-content\/uploads\/2020\/09\/20200914_134424-250x169.jpg 250w, https:\/\/shaggyfluff.pl\/wp-content\/uploads\/2020\/09\/20200914_134424-100x68.jpg 100w, https:\/\/shaggyfluff.pl\/wp-content\/uploads\/2020\/09\/20200914_134424.jpg 1045w\" sizes=\"(max-width: 476px) 100vw, 476px\" \/><\/figure>\n\n\n\n<p><strong><em>URODZONA:<\/em><\/strong><\/p>\n\n\n\n<p>16.04.2019<\/p>\n\n\n\n<p><strong><em>KILKA S\u0141\u00d3W O CHILLI:<\/em><\/strong><\/p>\n\n\n\n<p>Chilli jest weso\u0142\u0105 i przemi\u0142\u0105 suni\u0105. Uwielbia by\u0107 blisko cz\u0142owieka oraz wylegiwa\u0107 si\u0119 obok niego. Nie odst\u0119puje swojego opiekuna na krok. \u0141atwo akceptuje inne zwierz\u0119ta domowe (psy, koty). Jest szybkim i zwinnym psem, a zabawy z innymi czworonogami sprawiaj\u0105 jej wielk\u0105 rado\u015b\u0107. Uwielbia d\u0142ugie spacery, jest ciekawa \u015bwiata, a odkrywanie nieznanych \u015bcie\u017cek sprawia jej wiele rado\u015bci. Kocha towarzystwo ludzi, zw\u0142aszcza dzieci, kt\u00f3re zach\u0119ca do wsp\u00f3lnej zabawy. Jest nieufna w stosunku do obcych ludzi.<\/p>\n\n\n\n<p><strong><em>OPINIE S\u0118DZI\u00d3W:<\/em><\/strong><\/p>\n\n\n\n<p>&#8222;5-letnia suka o doskona\u0142ych proporcjach cia\u0142a. Zgryz i uz\u0119bienie prawid\u0142owe. Wystarczaj\u0105co g\u0142\u0119boka klatka piersiowa. Dobra praca ko\u0144czyn. Szata doskonale utrzymana zgodna ze wzorcem. Z wyrazem pyska w\u0142a\u015bciwym dla rasy. Bardzo przyjazna&#8221;<br><strong>Iwona Krzyszowska<\/strong><\/p>\n\n\n\n<p>&#8222;\u0141adna suczka, dobre proporcje i ko\u015b\u0107. Dobra ekspresja i maska. Doskona\u0142a w ruchu po okr\u0119gu. Doskona\u0142a sier\u015b\u0107 i temperament&#8221;<br><strong>Vytautas Baranauskas<\/strong><\/p>\n\n\n\n<p>&#8222;Zgrabna suczka, dobre proporcje, doskona\u0142y zgryz, pigment, wyraz, dobrze wype\u0142niony korpus, dobre kontowanie ko\u0144czyn, doskona\u0142y ruch, szata w doskona\u0142ym gatunku, obfita&#8221;<br><strong>El\u017cbieta Augustyniak<\/strong><\/p>\n\n\n\n<p>&#8222;Zwarta, typowa sucza g\u0142owa, prawid\u0142owy zgryz, \u0142adny wygl\u0105d, poprawna klatka piersiowa, dobra muskulatura, doskona\u0142y ruch, prawid\u0142owa g\u00f3rna linia&#8221;<br><strong>Kristina Van\u00ed\u010dkov\u00e1<\/strong><\/p>\n\n\n\n<p>&#8222;Bardzo \u0142adny, swobodny ruch, weso\u0142y, ogon doskonale noszony, jest to szczeni\u0119 urodziwe, ma idealnie czarn\u0105 mask\u0119&#8221;<br><strong>Viva Maria Soleckyj Szpunar<\/strong><\/p>\n\n\n\n<p>&#8222;Cudowna we wszystkich szczeg\u00f3\u0142ach&#8221;<br><strong>Piotr Kr\u00f3l&nbsp;<\/strong><\/p>\n\n\n\n<p>&#8222;Bardzo pi\u0119kne szczeni\u0119, dobrze poruszaj\u0105ce si\u0119, pi\u0119kna szata, doskona\u0142y temperament&#8221;<br><strong>Monika Milian<\/strong><\/p>\n\n\n\n<p><strong><em><span class=\"has-inline-color has-vivid-cyan-blue-color\">MATKA:<\/span><\/em><\/strong><\/p>\n\n\n\n<p>Galadriela Mag Force (FCI)<\/p>\n\n\n\n<figure class=\"wp-block-image size-large is-resized\"><img loading=\"lazy\" src=\"http:\/\/shaggyfluff.pl\/wp-content\/uploads\/2020\/05\/received_1113147639030081.jpeg\" alt=\"\" class=\"wp-image-311\" width=\"447\" height=\"447\" srcset=\"https:\/\/shaggyfluff.pl\/wp-content\/uploads\/2020\/05\/received_1113147639030081.jpeg 552w, https:\/\/shaggyfluff.pl\/wp-content\/uploads\/2020\/05\/received_1113147639030081-300x300.jpeg 300w, https:\/\/shaggyfluff.pl\/wp-content\/uploads\/2020\/05\/received_1113147639030081-150x150.jpeg 150w, https:\/\/shaggyfluff.pl\/wp-content\/uploads\/2020\/05\/received_1113147639030081-520x520.jpeg 520w, https:\/\/shaggyfluff.pl\/wp-content\/uploads\/2020\/05\/received_1113147639030081-360x360.jpeg 360w, https:\/\/shaggyfluff.pl\/wp-content\/uploads\/2020\/05\/received_1113147639030081-250x250.jpeg 250w, https:\/\/shaggyfluff.pl\/wp-content\/uploads\/2020\/05\/received_1113147639030081-100x100.jpeg 100w\" sizes=\"(max-width: 447px) 100vw, 447px\" \/><\/figure>\n\n\n\n<p><strong><em><span class=\"has-inline-color has-vivid-cyan-blue-color\">TYTU\u0141Y MATKI:<\/span><\/em><\/strong><\/p>\n\n\n\n<p><strong><span class=\"has-inline-color has-vivid-red-color\">M\u0142odzie\u017cowy Champion Polski<\/span><\/strong><\/p>\n\n\n\n<p><strong><span class=\"has-inline-color has-vivid-red-color\">M\u0142odzie\u017cowy Champion S\u0142owacji<\/span><\/strong><\/p>\n\n\n\n<p><strong><span class=\"has-inline-color has-vivid-red-color\">M\u0142odzie\u017cowy Champion Czech<\/span><\/strong><\/p>\n\n\n\n<p><strong><span class=\"has-inline-color has-vivid-red-color\">M\u0142odzie\u017cowy Champion Macedonii<\/span><\/strong><\/p>\n\n\n\n<p><strong><span class=\"has-inline-color has-vivid-red-color\">Champion Polski<\/span><\/strong><\/p>\n\n\n\n<p><strong><span class=\"has-inline-color has-vivid-red-color\">Zwyci\u0119zca Polski 2017<\/span><\/strong><\/p>\n\n\n\n<p><strong><em><span class=\"has-inline-color has-vivid-cyan-blue-color\">OJCIEC:<\/span><\/em><\/strong><\/p>\n\n\n\n<p>Dior&#8217;s Souvenir Patland (FCI)<\/p>\n\n\n\n<figure class=\"wp-block-image size-large is-resized\"><img loading=\"lazy\" src=\"http:\/\/shaggyfluff.pl\/wp-content\/uploads\/2020\/05\/20200503_225817-1024x698.jpg\" alt=\"\" class=\"wp-image-509\" width=\"502\" height=\"342\" srcset=\"https:\/\/shaggyfluff.pl\/wp-content\/uploads\/2020\/05\/20200503_225817-1024x698.jpg 1024w, https:\/\/shaggyfluff.pl\/wp-content\/uploads\/2020\/05\/20200503_225817-300x205.jpg 300w, https:\/\/shaggyfluff.pl\/wp-content\/uploads\/2020\/05\/20200503_225817-768x524.jpg 768w, https:\/\/shaggyfluff.pl\/wp-content\/uploads\/2020\/05\/20200503_225817-700x477.jpg 700w, https:\/\/shaggyfluff.pl\/wp-content\/uploads\/2020\/05\/20200503_225817-520x355.jpg 520w, https:\/\/shaggyfluff.pl\/wp-content\/uploads\/2020\/05\/20200503_225817-360x245.jpg 360w, https:\/\/shaggyfluff.pl\/wp-content\/uploads\/2020\/05\/20200503_225817-250x170.jpg 250w, https:\/\/shaggyfluff.pl\/wp-content\/uploads\/2020\/05\/20200503_225817-100x68.jpg 100w, https:\/\/shaggyfluff.pl\/wp-content\/uploads\/2020\/05\/20200503_225817.jpg 1031w\" sizes=\"(max-width: 502px) 100vw, 502px\" \/><\/figure>\n\n\n\n<p><strong><em><span class=\"has-inline-color has-vivid-cyan-blue-color\">TYTU\u0141Y OJCA:<\/span><\/em><\/strong><\/p>\n\n\n\n<p><strong><span class=\"has-inline-color has-vivid-red-color\">BRAK<\/span><\/strong><\/p>\n\n\n\n<div class=\"wp-block-group\"><div class=\"wp-block-group__inner-container\">\n<figure class=\"wp-block-gallery columns-3 is-cropped\"><figcaption class=\"blocks-gallery-caption\"><strong><em><span class=\"has-inline-color has-very-dark-gray-color\">fot. Katarzyna Rybak<\/span><\/em><\/strong><\/figcaption><ul class=\"blocks-gallery-grid\"><li class=\"blocks-gallery-item\"><figure><img loading=\"lazy\" width=\"702\" height=\"1024\" src=\"http:\/\/shaggyfluff.pl\/wp-content\/uploads\/2020\/04\/20200429_170522-1-702x1024.jpg\" alt=\"\" data-id=\"175\" data-full-url=\"http:\/\/shaggyfluff.pl\/wp-content\/uploads\/2020\/04\/20200429_170522-1.jpg\" data-link=\"http:\/\/shaggyfluff.pl\/index.php\/nasze-psy\/chilli-element-of-me\/20200429_170522-1\/\" class=\"wp-image-175\" srcset=\"https:\/\/shaggyfluff.pl\/wp-content\/uploads\/2020\/04\/20200429_170522-1-702x1024.jpg 702w, https:\/\/shaggyfluff.pl\/wp-content\/uploads\/2020\/04\/20200429_170522-1-206x300.jpg 206w, https:\/\/shaggyfluff.pl\/wp-content\/uploads\/2020\/04\/20200429_170522-1-700x1022.jpg 700w, https:\/\/shaggyfluff.pl\/wp-content\/uploads\/2020\/04\/20200429_170522-1-520x759.jpg 520w, https:\/\/shaggyfluff.pl\/wp-content\/uploads\/2020\/04\/20200429_170522-1-360x525.jpg 360w, https:\/\/shaggyfluff.pl\/wp-content\/uploads\/2020\/04\/20200429_170522-1-250x365.jpg 250w, https:\/\/shaggyfluff.pl\/wp-content\/uploads\/2020\/04\/20200429_170522-1-100x146.jpg 100w, https:\/\/shaggyfluff.pl\/wp-content\/uploads\/2020\/04\/20200429_170522-1.jpg 718w\" sizes=\"(max-width: 702px) 100vw, 702px\" \/><\/figure><\/li><li class=\"blocks-gallery-item\"><figure><img loading=\"lazy\" width=\"790\" height=\"1004\" src=\"http:\/\/shaggyfluff.pl\/wp-content\/uploads\/2020\/04\/20200429_171825.jpg\" alt=\"\" data-id=\"177\" data-full-url=\"http:\/\/shaggyfluff.pl\/wp-content\/uploads\/2020\/04\/20200429_171825.jpg\" data-link=\"http:\/\/shaggyfluff.pl\/index.php\/nasze-psy\/chilli-element-of-me\/20200429_171825\/\" class=\"wp-image-177\" srcset=\"https:\/\/shaggyfluff.pl\/wp-content\/uploads\/2020\/04\/20200429_171825.jpg 790w, https:\/\/shaggyfluff.pl\/wp-content\/uploads\/2020\/04\/20200429_171825-236x300.jpg 236w, https:\/\/shaggyfluff.pl\/wp-content\/uploads\/2020\/04\/20200429_171825-768x976.jpg 768w, https:\/\/shaggyfluff.pl\/wp-content\/uploads\/2020\/04\/20200429_171825-700x890.jpg 700w, https:\/\/shaggyfluff.pl\/wp-content\/uploads\/2020\/04\/20200429_171825-520x661.jpg 520w, https:\/\/shaggyfluff.pl\/wp-content\/uploads\/2020\/04\/20200429_171825-360x458.jpg 360w, https:\/\/shaggyfluff.pl\/wp-content\/uploads\/2020\/04\/20200429_171825-250x318.jpg 250w, https:\/\/shaggyfluff.pl\/wp-content\/uploads\/2020\/04\/20200429_171825-100x127.jpg 100w\" sizes=\"(max-width: 790px) 100vw, 790px\" \/><\/figure><\/li><li class=\"blocks-gallery-item\"><figure><img loading=\"lazy\" width=\"1024\" height=\"938\" src=\"http:\/\/shaggyfluff.pl\/wp-content\/uploads\/2020\/04\/20200429_170549-1024x938.jpg\" alt=\"\" data-id=\"176\" data-full-url=\"http:\/\/shaggyfluff.pl\/wp-content\/uploads\/2020\/04\/20200429_170549.jpg\" data-link=\"http:\/\/shaggyfluff.pl\/index.php\/nasze-psy\/chilli-element-of-me\/20200429_170549\/\" class=\"wp-image-176\" srcset=\"https:\/\/shaggyfluff.pl\/wp-content\/uploads\/2020\/04\/20200429_170549-1024x938.jpg 1024w, https:\/\/shaggyfluff.pl\/wp-content\/uploads\/2020\/04\/20200429_170549-300x275.jpg 300w, https:\/\/shaggyfluff.pl\/wp-content\/uploads\/2020\/04\/20200429_170549-768x704.jpg 768w, https:\/\/shaggyfluff.pl\/wp-content\/uploads\/2020\/04\/20200429_170549-700x641.jpg 700w, https:\/\/shaggyfluff.pl\/wp-content\/uploads\/2020\/04\/20200429_170549-520x476.jpg 520w, https:\/\/shaggyfluff.pl\/wp-content\/uploads\/2020\/04\/20200429_170549-360x330.jpg 360w, https:\/\/shaggyfluff.pl\/wp-content\/uploads\/2020\/04\/20200429_170549-250x229.jpg 250w, https:\/\/shaggyfluff.pl\/wp-content\/uploads\/2020\/04\/20200429_170549-100x92.jpg 100w, https:\/\/shaggyfluff.pl\/wp-content\/uploads\/2020\/04\/20200429_170549.jpg 1063w\" sizes=\"(max-width: 1024px) 100vw, 1024px\" \/><\/figure><\/li><\/ul><\/figure>\n<\/div><\/div>\n\n\n\n<figure class=\"wp-block-image size-large is-resized\"><img loading=\"lazy\" src=\"http:\/\/shaggyfluff.pl\/wp-content\/uploads\/2020\/04\/20200429_174531-1024x672.jpg\" alt=\"\" class=\"wp-image-184\" width=\"580\" height=\"380\" srcset=\"https:\/\/shaggyfluff.pl\/wp-content\/uploads\/2020\/04\/20200429_174531-1024x672.jpg 1024w, https:\/\/shaggyfluff.pl\/wp-content\/uploads\/2020\/04\/20200429_174531-300x197.jpg 300w, https:\/\/shaggyfluff.pl\/wp-content\/uploads\/2020\/04\/20200429_174531-768x504.jpg 768w, https:\/\/shaggyfluff.pl\/wp-content\/uploads\/2020\/04\/20200429_174531-700x459.jpg 700w, https:\/\/shaggyfluff.pl\/wp-content\/uploads\/2020\/04\/20200429_174531-520x341.jpg 520w, https:\/\/shaggyfluff.pl\/wp-content\/uploads\/2020\/04\/20200429_174531-360x236.jpg 360w, https:\/\/shaggyfluff.pl\/wp-content\/uploads\/2020\/04\/20200429_174531-250x164.jpg 250w, https:\/\/shaggyfluff.pl\/wp-content\/uploads\/2020\/04\/20200429_174531-100x66.jpg 100w, https:\/\/shaggyfluff.pl\/wp-content\/uploads\/2020\/04\/20200429_174531.jpg 1047w\" sizes=\"(max-width: 580px) 100vw, 580px\" \/><\/figure>\n\n\n\n<figure class=\"wp-block-image size-large\"><img loading=\"lazy\" width=\"714\" height=\"1024\" src=\"https:\/\/shaggyfluff.pl\/wp-content\/uploads\/2020\/10\/20201016_182828-714x1024.jpg\" alt=\"\" class=\"wp-image-830\" srcset=\"https:\/\/shaggyfluff.pl\/wp-content\/uploads\/2020\/10\/20201016_182828-714x1024.jpg 714w, https:\/\/shaggyfluff.pl\/wp-content\/uploads\/2020\/10\/20201016_182828-209x300.jpg 209w, https:\/\/shaggyfluff.pl\/wp-content\/uploads\/2020\/10\/20201016_182828-768x1101.jpg 768w, https:\/\/shaggyfluff.pl\/wp-content\/uploads\/2020\/10\/20201016_182828-700x1004.jpg 700w, https:\/\/shaggyfluff.pl\/wp-content\/uploads\/2020\/10\/20201016_182828-520x746.jpg 520w, https:\/\/shaggyfluff.pl\/wp-content\/uploads\/2020\/10\/20201016_182828-360x516.jpg 360w, https:\/\/shaggyfluff.pl\/wp-content\/uploads\/2020\/10\/20201016_182828-250x358.jpg 250w, https:\/\/shaggyfluff.pl\/wp-content\/uploads\/2020\/10\/20201016_182828-100x143.jpg 100w, https:\/\/shaggyfluff.pl\/wp-content\/uploads\/2020\/10\/20201016_182828.jpg 1053w\" sizes=\"(max-width: 714px) 100vw, 714px\" \/><\/figure>\n\n\n\n<figure class=\"wp-block-image size-large\"><img loading=\"lazy\" width=\"724\" height=\"1024\" src=\"https:\/\/shaggyfluff.pl\/wp-content\/uploads\/2021\/09\/FB_IMG_1632050369926-724x1024.jpg\" alt=\"\" class=\"wp-image-1378\" srcset=\"https:\/\/shaggyfluff.pl\/wp-content\/uploads\/2021\/09\/FB_IMG_1632050369926-724x1024.jpg 724w, https:\/\/shaggyfluff.pl\/wp-content\/uploads\/2021\/09\/FB_IMG_1632050369926-212x300.jpg 212w, https:\/\/shaggyfluff.pl\/wp-content\/uploads\/2021\/09\/FB_IMG_1632050369926-768x1086.jpg 768w, https:\/\/shaggyfluff.pl\/wp-content\/uploads\/2021\/09\/FB_IMG_1632050369926-700x990.jpg 700w, https:\/\/shaggyfluff.pl\/wp-content\/uploads\/2021\/09\/FB_IMG_1632050369926-520x735.jpg 520w, https:\/\/shaggyfluff.pl\/wp-content\/uploads\/2021\/09\/FB_IMG_1632050369926-360x509.jpg 360w, https:\/\/shaggyfluff.pl\/wp-content\/uploads\/2021\/09\/FB_IMG_1632050369926-250x353.jpg 250w, https:\/\/shaggyfluff.pl\/wp-content\/uploads\/2021\/09\/FB_IMG_1632050369926-100x141.jpg 100w, https:\/\/shaggyfluff.pl\/wp-content\/uploads\/2021\/09\/FB_IMG_1632050369926.jpg 1080w\" sizes=\"(max-width: 724px) 100vw, 724px\" \/><\/figure>\n\n\n\n<figure class=\"wp-block-gallery columns-1 is-cropped\"><ul class=\"blocks-gallery-grid\"><li class=\"blocks-gallery-item\"><figure><img loading=\"lazy\" width=\"1024\" height=\"724\" src=\"https:\/\/shaggyfluff.pl\/wp-content\/uploads\/2022\/03\/IMG-20211202-WA0001-1024x724.jpg\" alt=\"\" data-id=\"1607\" data-full-url=\"https:\/\/shaggyfluff.pl\/wp-content\/uploads\/2022\/03\/IMG-20211202-WA0001.jpg\" data-link=\"https:\/\/shaggyfluff.pl\/index.php\/nasze-psy\/sonny-smile\/img-20211202-wa0001\/\" class=\"wp-image-1607\" srcset=\"https:\/\/shaggyfluff.pl\/wp-content\/uploads\/2022\/03\/IMG-20211202-WA0001-1024x724.jpg 1024w, https:\/\/shaggyfluff.pl\/wp-content\/uploads\/2022\/03\/IMG-20211202-WA0001-300x212.jpg 300w, https:\/\/shaggyfluff.pl\/wp-content\/uploads\/2022\/03\/IMG-20211202-WA0001-768x543.jpg 768w, https:\/\/shaggyfluff.pl\/wp-content\/uploads\/2022\/03\/IMG-20211202-WA0001-1536x1086.jpg 1536w, https:\/\/shaggyfluff.pl\/wp-content\/uploads\/2022\/03\/IMG-20211202-WA0001-700x495.jpg 700w, https:\/\/shaggyfluff.pl\/wp-content\/uploads\/2022\/03\/IMG-20211202-WA0001-520x368.jpg 520w, https:\/\/shaggyfluff.pl\/wp-content\/uploads\/2022\/03\/IMG-20211202-WA0001-360x254.jpg 360w, https:\/\/shaggyfluff.pl\/wp-content\/uploads\/2022\/03\/IMG-20211202-WA0001-250x177.jpg 250w, https:\/\/shaggyfluff.pl\/wp-content\/uploads\/2022\/03\/IMG-20211202-WA0001-100x71.jpg 100w, https:\/\/shaggyfluff.pl\/wp-content\/uploads\/2022\/03\/IMG-20211202-WA0001.jpg 1600w\" sizes=\"(max-width: 1024px) 100vw, 1024px\" \/><\/figure><\/li><\/ul><\/figure>\n\n\n\n<figure class=\"wp-block-gallery columns-1 is-cropped\"><ul class=\"blocks-gallery-grid\"><li class=\"blocks-gallery-item\"><figure><img loading=\"lazy\" width=\"724\" height=\"1024\" src=\"https:\/\/shaggyfluff.pl\/wp-content\/uploads\/2021\/12\/dyplom_630355-724x1024.jpg\" alt=\"\" data-id=\"1477\" data-full-url=\"https:\/\/shaggyfluff.pl\/wp-content\/uploads\/2021\/12\/dyplom_630355-scaled.jpg\" data-link=\"https:\/\/shaggyfluff.pl\/index.php\/2021\/12\/09\/poznan\/dyplom_630355\/\" class=\"wp-image-1477\" srcset=\"https:\/\/shaggyfluff.pl\/wp-content\/uploads\/2021\/12\/dyplom_630355-724x1024.jpg 724w, https:\/\/shaggyfluff.pl\/wp-content\/uploads\/2021\/12\/dyplom_630355-212x300.jpg 212w, https:\/\/shaggyfluff.pl\/wp-content\/uploads\/2021\/12\/dyplom_630355-768x1086.jpg 768w, https:\/\/shaggyfluff.pl\/wp-content\/uploads\/2021\/12\/dyplom_630355-1086x1536.jpg 1086w, https:\/\/shaggyfluff.pl\/wp-content\/uploads\/2021\/12\/dyplom_630355-1448x2048.jpg 1448w, https:\/\/shaggyfluff.pl\/wp-content\/uploads\/2021\/12\/dyplom_630355-700x990.jpg 700w, https:\/\/shaggyfluff.pl\/wp-content\/uploads\/2021\/12\/dyplom_630355-520x736.jpg 520w, https:\/\/shaggyfluff.pl\/wp-content\/uploads\/2021\/12\/dyplom_630355-360x509.jpg 360w, https:\/\/shaggyfluff.pl\/wp-content\/uploads\/2021\/12\/dyplom_630355-250x354.jpg 250w, https:\/\/shaggyfluff.pl\/wp-content\/uploads\/2021\/12\/dyplom_630355-100x141.jpg 100w, https:\/\/shaggyfluff.pl\/wp-content\/uploads\/2021\/12\/dyplom_630355-scaled.jpg 1810w\" sizes=\"(max-width: 724px) 100vw, 724px\" \/><\/figure><\/li><\/ul><\/figure>\n","protected":false},"excerpt":{"rendered":"<p>ZDOBYTE TYTU\u0141Y: M\u0142odzie\u017cowy Champion Polski Champion Polski Grand Champion Polski Zwyci\u0119zca Polski 2021 URODZONA: 16.04.2019 KILKA S\u0141\u00d3W O CHILLI: Chilli jest weso\u0142\u0105 i przemi\u0142\u0105 suni\u0105. Uwielbia by\u0107 blisko cz\u0142owieka oraz wylegiwa\u0107 si\u0119 obok niego. Nie odst\u0119puje swojego opiekuna na krok. [&hellip;]<\/p>\n","protected":false},"author":1,"featured_media":0,"parent":1790,"menu_order":0,"comment_status":"closed","ping_status":"closed","template":"","meta":[],"_links":{"self":[{"href":"https:\/\/shaggyfluff.pl\/index.php\/wp-json\/wp\/v2\/pages\/48"}],"collection":[{"href":"https:\/\/shaggyfluff.pl\/index.php\/wp-json\/wp\/v2\/pages"}],"about":[{"href":"https:\/\/shaggyfluff.pl\/index.php\/wp-json\/wp\/v2\/types\/page"}],"author":[{"embeddable":true,"href":"https:\/\/shaggyfluff.pl\/index.php\/wp-json\/wp\/v2\/users\/1"}],"replies":[{"embeddable":true,"href":"https:\/\/shaggyfluff.pl\/index.php\/wp-json\/wp\/v2\/comments?post=48"}],"version-history":[{"count":42,"href":"https:\/\/shaggyfluff.pl\/index.php\/wp-json\/wp\/v2\/pages\/48\/revisions"}],"predecessor-version":[{"id":3154,"href":"https:\/\/shaggyfluff.pl\/index.php\/wp-json\/wp\/v2\/pages\/48\/revisions\/3154"}],"up":[{"embeddable":true,"href":"https:\/\/shaggyfluff.pl\/index.php\/wp-json\/wp\/v2\/pages\/1790"}],"wp:attachment":[{"href":"https:\/\/shaggyfluff.pl\/index.php\/wp-json\/wp\/v2\/media?parent=48"}],"curies":[{"name":"wp","href":"https:\/\/api.w.org\/{rel}","templated":true}]}}