{"id":40,"date":"2020-04-25T23:17:28","date_gmt":"2020-04-25T21:17:28","guid":{"rendered":"http:\/\/shaggyfluff.pl\/?page_id=40"},"modified":"2026-01-03T21:32:21","modified_gmt":"2026-01-03T20:32:21","slug":"nasze-psy","status":"publish","type":"page","link":"https:\/\/shaggyfluff.pl\/index.php\/nasze-psy\/","title":{"rendered":"Nasze psy"},"content":{"rendered":"\n<p>W naszej hodowli posiadamy cztery Szpice Wilcze \ud83d\ude42<\/p>\n\n\n\n<p><a href=\"http:\/\/shaggyfluff.pl\/index.php\/nasze-psy\/hogan-patland\/\">HOGAN Patland<\/a><\/p>\n\n\n\n<p><a href=\"http:\/\/shaggyfluff.pl\/index.php\/nasze-psy\/chilli-element-of-me\/\">CHILLI Element Of Me<\/a><\/p>\n\n\n\n<p><a href=\"http:\/\/shaggyfluff.pl\/index.php\/sonny-smile\/\">SONNY SMILE  <\/a><\/p>\n\n\n\n<p><a href=\"https:\/\/shaggyfluff.pl\/index.php\/nasze-psy\/szpic-wilczy\/megara-shaggy-fluff-fci\">MEGARA Shaggy Fluff FCI<\/a><\/p>\n\n\n\n<p>Oraz Szpica Du\u017cego Bia\u0142ego \ud83d\ude42<\/p>\n\n\n\n<p><a href=\"https:\/\/shaggyfluff.pl\/index.php\/nasze-psy\/szpic-duzy-bialy\/ember-alba-fortuna-moravia\/\">EMBER Alba Fortuna Moravia<\/a><\/p>\n\n\n\n<p><a href=\"https:\/\/shaggyfluff.pl\/index.php\/nasze-psy\/szpic-duzy-bialy\/gracja-shaggy-fluff-fci\/\">GRACJA Shaggy Fluff FCI<\/a><\/p>\n\n\n\n<p>Od niedawna do\u0142\u0105czy\u0142a do nas Nova Scotia Duck Tolling Retriever<\/p>\n\n\n\n<p><a href=\"https:\/\/shaggyfluff.pl\/index.php\/nasze-psy\/nova-scotia-duck-tolling-retriever\/charlies-angel-drew-nova-panonia\/\">Charlie\u2019s Angel Drew Nova Panonia<\/a><\/p>\n\n\n\n<p><a href=\"https:\/\/shaggyfluff.pl\/index.php\/nasze-psy\/nova-scotia-duck-tolling-retriever\/omi-shaggy-fluff-fci\/\">OMI Shaggy Fluff FCI<\/a><\/p>\n\n\n\n<p>          <\/p>\n\n\n\n<blockquote class=\"wp-block-quote\"><p>                                                                                                                          <\/p><cite>\u201eNie ma na \u015bwiecie przyja\u017ani, kt\u00f3ra trwa wiecznie. Jedynym wyj\u0105tkiem jest ta, kt\u00f3r\u0105 obdarza nas pies.\u201d<br>Konrad Lorenz<\/cite><\/blockquote>\n","protected":false},"excerpt":{"rendered":"<p>W naszej hodowli posiadamy cztery Szpice Wilcze \ud83d\ude42 HOGAN Patland CHILLI Element Of Me SONNY SMILE MEGARA Shaggy Fluff FCI Oraz Szpica Du\u017cego Bia\u0142ego \ud83d\ude42 EMBER Alba Fortuna Moravia GRACJA Shaggy Fluff FCI Od niedawna do\u0142\u0105czy\u0142a do nas Nova Scotia [&hellip;]<\/p>\n","protected":false},"author":1,"featured_media":0,"parent":0,"menu_order":0,"comment_status":"closed","ping_status":"closed","template":"","meta":[],"_links":{"self":[{"href":"https:\/\/shaggyfluff.pl\/index.php\/wp-json\/wp\/v2\/pages\/40"}],"collection":[{"href":"https:\/\/shaggyfluff.pl\/index.php\/wp-json\/wp\/v2\/pages"}],"about":[{"href":"https:\/\/shaggyfluff.pl\/index.php\/wp-json\/wp\/v2\/types\/page"}],"author":[{"embeddable":true,"href":"https:\/\/shaggyfluff.pl\/index.php\/wp-json\/wp\/v2\/users\/1"}],"replies":[{"embeddable":true,"href":"https:\/\/shaggyfluff.pl\/index.php\/wp-json\/wp\/v2\/comments?post=40"}],"version-history":[{"count":15,"href":"https:\/\/shaggyfluff.pl\/index.php\/wp-json\/wp\/v2\/pages\/40\/revisions"}],"predecessor-version":[{"id":3797,"href":"https:\/\/shaggyfluff.pl\/index.php\/wp-json\/wp\/v2\/pages\/40\/revisions\/3797"}],"wp:attachment":[{"href":"https:\/\/shaggyfluff.pl\/index.php\/wp-json\/wp\/v2\/media?parent=40"}],"curies":[{"name":"wp","href":"https:\/\/api.w.org\/{rel}","templated":true}]}}