{"id":3521,"date":"2025-09-27T21:17:00","date_gmt":"2025-09-27T19:17:00","guid":{"rendered":"https:\/\/shaggyfluff.pl\/?page_id=3521"},"modified":"2026-02-19T00:57:02","modified_gmt":"2026-02-18T23:57:02","slug":"miot-c","status":"publish","type":"page","link":"https:\/\/shaggyfluff.pl\/index.php\/mioty\/miot-c\/","title":{"rendered":"Miot C"},"content":{"rendered":"\n<p>Nadszed\u0142 ten trudny dzie\u0144&#8230;. Dzie\u0144 rozstania. Maluchy znalaz\u0142y wspania\u0142e domki. B\u0119d\u0105 mieszka\u0107 obok siebie w Sosnowcu i codziennie sp\u0119dza\u0107 ze sob\u0105 czas na zabawie, odpoczynku i jedzonku. Bardzo Wam dzi\u0119kujemy, \u017ce nie chcieli\u015bcie rozdziela\u0107 rodze\u0144stwa i zabrali\u015bcie je razem. Nie mogli\u015bmy wymarzy\u0107 lepszego domku dla nich \ud83d\ude0d\ud83e\udd70<\/p>\n\n\n\n<p><strong><span class=\"has-inline-color has-vivid-red-color\">Celenka &#8211; w domu Lenka, zamieszka\u0142a z Damianem<\/span><\/strong><\/p>\n\n\n\n<p><strong><span class=\"has-inline-color has-vivid-red-color\">Czaru\u015b &#8211; w domu Hoganek, zamieszka\u0142 z rodzicami Damiana, z Ani\u0105 i Januszem<\/span><\/strong><\/p>\n\n\n\n<p>Nasze Cukiereczki rosn\u0105, rozrabiaj\u0105, jak to maluszki. Ciesz\u0105 si\u0119 dzieci\u0144stwem ile si\u0119 da. Cho\u0107 m\u0142odsze od Gumolk\u00f3w i Okruszk\u00f3w, dzielnie staraj\u0105 si\u0119 im dor\u00f3wna\u0107 kroku. <\/p>\n\n\n\n<p>Sonya to dzielna mama. Nie opuszcza maluszk\u00f3w, dba o ich zdrowie i czysto\u015b\u0107. My oczywi\u015bcie zapewniamy jej wszystko, czego potrzebuje, aby szybko wr\u00f3ci\u0142a do siebie po zabiegu. Sonisia czuje si\u0119 coraz lepiej, co nas bardzo cieszy \ud83e\udd70<\/p>\n\n\n\n<p><\/p>\n\n\n\n<p>Dzi\u015b, po ci\u0119\u017ckiej nocy, nasza Sonya zosta\u0142a mam\u0105. Nie zawsze wszystko idzie sprawnie, zgodnie z planem&#8230;. Por\u00f3d zako\u0144czy\u0142 si\u0119 cesarskim ci\u0119ciem. Na \u015bwiat przysz\u0142y ma\u0142e dwa Cukiereczki: synek i c\u00f3reczka.<br>Sonisia, cho\u0107 bardzo zm\u0119czona trudnym porodem, jest bardzo dzieln\u0105 mam\u0105. Nasza ma\u0142a wojowniczka dba o swoje dzieci jak najlepiej potrafi.<br>Sonisiu, jeste\u015b wspania\u0142\u0105 mam\u0105. \u017byczymy Ci zdr\u00f3wka, szybkiego powrotu do zdrowia i du\u017co mleczka dla maluszk\u00f3w. Z naszej strony zapewnimy Ci wszystko, czego b\u0119dziesz potrzebowa\u0107.<\/p>\n","protected":false},"excerpt":{"rendered":"<p>Nadszed\u0142 ten trudny dzie\u0144&#8230;. Dzie\u0144 rozstania. Maluchy znalaz\u0142y wspania\u0142e domki. B\u0119d\u0105 mieszka\u0107 obok siebie w Sosnowcu i codziennie sp\u0119dza\u0107 ze sob\u0105 czas na zabawie, odpoczynku i jedzonku. Bardzo Wam dzi\u0119kujemy, \u017ce nie chcieli\u015bcie rozdziela\u0107 rodze\u0144stwa i zabrali\u015bcie je razem. Nie [&hellip;]<\/p>\n","protected":false},"author":1,"featured_media":0,"parent":36,"menu_order":0,"comment_status":"closed","ping_status":"closed","template":"","meta":[],"_links":{"self":[{"href":"https:\/\/shaggyfluff.pl\/index.php\/wp-json\/wp\/v2\/pages\/3521"}],"collection":[{"href":"https:\/\/shaggyfluff.pl\/index.php\/wp-json\/wp\/v2\/pages"}],"about":[{"href":"https:\/\/shaggyfluff.pl\/index.php\/wp-json\/wp\/v2\/types\/page"}],"author":[{"embeddable":true,"href":"https:\/\/shaggyfluff.pl\/index.php\/wp-json\/wp\/v2\/users\/1"}],"replies":[{"embeddable":true,"href":"https:\/\/shaggyfluff.pl\/index.php\/wp-json\/wp\/v2\/comments?post=3521"}],"version-history":[{"count":5,"href":"https:\/\/shaggyfluff.pl\/index.php\/wp-json\/wp\/v2\/pages\/3521\/revisions"}],"predecessor-version":[{"id":3843,"href":"https:\/\/shaggyfluff.pl\/index.php\/wp-json\/wp\/v2\/pages\/3521\/revisions\/3843"}],"up":[{"embeddable":true,"href":"https:\/\/shaggyfluff.pl\/index.php\/wp-json\/wp\/v2\/pages\/36"}],"wp:attachment":[{"href":"https:\/\/shaggyfluff.pl\/index.php\/wp-json\/wp\/v2\/media?parent=3521"}],"curies":[{"name":"wp","href":"https:\/\/api.w.org\/{rel}","templated":true}]}}