{"id":3427,"date":"2025-08-04T21:45:16","date_gmt":"2025-08-04T19:45:16","guid":{"rendered":"https:\/\/shaggyfluff.pl\/?page_id=3427"},"modified":"2025-08-04T21:52:19","modified_gmt":"2025-08-04T19:52:19","slug":"o-tollerach","status":"publish","type":"page","link":"https:\/\/shaggyfluff.pl\/index.php\/nasze-psy\/o-tollerach\/","title":{"rendered":"O Tollerach"},"content":{"rendered":"\n<p>Nie jest labradorem ani goldenem, a mimo wszystko to retriever. Mowa tu o nikim innym, jak o Nova Scotia duck tolling retriever, czyli po prostu toller. Najpro\u015bciej m\u00f3wi\u0105c, to prawdziwy pies na kaczki. Takie przynajmniej by\u0142o jego pierwotne przeznaczenie. Jest najni\u017cszym psem po\u015br\u00f3d wszystkich retriever\u00f3w. Patrz\u0105c w jego b\u0142yszcz\u0105ce oczy nie spos\u00f3b nie zakocha\u0107 si\u0119 z miejsca. Chocia\u017c nie jest tak popularny, jak swoi kuzyni, to jego \u017cywio\u0142owy charakter i radosne podej\u015bcie do otaczaj\u0105cego go \u015bwiata jest wspania\u0142e. Ten energiczny pupil potrzebuje jednak odpowiedniego wychowania i piel\u0119gnacji.&nbsp;<br>Toller retriever w szkoleniu, opr\u00f3cz socjalizacji, potrzebuje przede wszystkim solidnego treningu pos\u0142usze\u0144stwa. Polega on na nauce podstawowych komend m.in. reagowania na swoje imi\u0119. Bez wzgl\u0119du, czy to pies przeznaczony do pomocy przy polowaniach, czy po prostu przyjaciel rodziny, powinien przej\u015b\u0107 przez takie szkolenie. Dzi\u0119ki temu zwierz\u0119ciu \u0142atwiej b\u0119dzie si\u0119 \u017cy\u0142o w ludzkim \u015bwiecie. Musimy jednak pami\u0119ta\u0107, by \u0107wiczenia nie by\u0142y zbyt monotonne, poniewa\u017c toller nale\u017cy do ps\u00f3w, kt\u00f3re szybko si\u0119 nudz\u0105. W zwi\u0105zku z tym nie skupi si\u0119 d\u0142ugo na jednej, ci\u0105gle powtarzanej czynno\u015bci.<br>Toller to pies m\u0105dry, do\u015b\u0107 szybko si\u0119 uczy i lubi wsp\u00f3\u0142pracowa\u0107 z cz\u0142owiekiem. To istny wulkan energii, kt\u00f3r\u0105 nale\u017cy spo\u017cytkowa\u0107. Opr\u00f3cz tradycyjnych spacer\u00f3w mo\u017cemy zaproponowa\u0107 mu tak\u017ce inne formy aktywno\u015bci. Ze wzgl\u0119du na swoje zami\u0142owanie do aportowania ch\u0119tnie b\u0119dzie bra\u0142 udzia\u0142 w dyscyplinach sportowych z tym zwi\u0105zanych. Odpowiednie b\u0119dzie dla niego dummy, dogfrisbee lub flyball.<\/p>\n\n\n\n<p>Je\u015bli jeste\u015bcie zainteresowani t\u0105 ras\u0105, to kliknijcie poni\u017cszy link. Jest tam spora dawka wiedzy o historii i cechach rasy<\/p>\n\n\n\n<p><a href=\"https:\/\/www.novascotia.pl\/index.php?mod=o_rasie\">https:\/\/www.novascotia.pl\/index.php?mod=o_rasie<\/a><\/p>\n\n\n\n<p><\/p>\n\n\n\n<p><\/p>\n","protected":false},"excerpt":{"rendered":"<p>Nie jest labradorem ani goldenem, a mimo wszystko to retriever. Mowa tu o nikim innym, jak o Nova Scotia duck tolling retriever, czyli po prostu toller. Najpro\u015bciej m\u00f3wi\u0105c, to prawdziwy pies na kaczki. Takie przynajmniej by\u0142o jego pierwotne przeznaczenie. Jest [&hellip;]<\/p>\n","protected":false},"author":1,"featured_media":0,"parent":40,"menu_order":0,"comment_status":"closed","ping_status":"closed","template":"","meta":[],"_links":{"self":[{"href":"https:\/\/shaggyfluff.pl\/index.php\/wp-json\/wp\/v2\/pages\/3427"}],"collection":[{"href":"https:\/\/shaggyfluff.pl\/index.php\/wp-json\/wp\/v2\/pages"}],"about":[{"href":"https:\/\/shaggyfluff.pl\/index.php\/wp-json\/wp\/v2\/types\/page"}],"author":[{"embeddable":true,"href":"https:\/\/shaggyfluff.pl\/index.php\/wp-json\/wp\/v2\/users\/1"}],"replies":[{"embeddable":true,"href":"https:\/\/shaggyfluff.pl\/index.php\/wp-json\/wp\/v2\/comments?post=3427"}],"version-history":[{"count":2,"href":"https:\/\/shaggyfluff.pl\/index.php\/wp-json\/wp\/v2\/pages\/3427\/revisions"}],"predecessor-version":[{"id":3430,"href":"https:\/\/shaggyfluff.pl\/index.php\/wp-json\/wp\/v2\/pages\/3427\/revisions\/3430"}],"up":[{"embeddable":true,"href":"https:\/\/shaggyfluff.pl\/index.php\/wp-json\/wp\/v2\/pages\/40"}],"wp:attachment":[{"href":"https:\/\/shaggyfluff.pl\/index.php\/wp-json\/wp\/v2\/media?parent=3427"}],"curies":[{"name":"wp","href":"https:\/\/api.w.org\/{rel}","templated":true}]}}