{"id":3417,"date":"2025-08-03T21:41:50","date_gmt":"2025-08-03T19:41:50","guid":{"rendered":"https:\/\/shaggyfluff.pl\/?page_id=3417"},"modified":"2026-01-02T21:40:57","modified_gmt":"2026-01-02T20:40:57","slug":"miot-o","status":"publish","type":"page","link":"https:\/\/shaggyfluff.pl\/index.php\/mioty\/miot-o\/","title":{"rendered":"Miot O"},"content":{"rendered":"\n<p>Niestety, czas biegnie nieub\u0142aganie. Nasze Dru\u015bkowe dzieci ko\u0144cz\u0105 sw\u00f3j pierwszy etap \u017cycia i powoli pakuj\u0105 swoje walizki do opuszczenia domowego ogniska. Kochane Okruszki, \u017cyczymy Wam wielu wspania\u0142ych przyg\u00f3d, zwiedzania r\u00f3\u017cnych ciekawych miejsc i samych radosnych dni wraz ze swoimi nowymi rodzinami. A Wam, nowi opiekunowie tych ma\u0142ych rudych serduszek, \u017cyczymy wiele cierpliwo\u015bci i wytrwa\u0142o\u015bci w wychowaniu tych ma\u0142ych rudych kuleczek pe\u0142nych energii, mi\u0142o\u015bci ale i psot. I nie dajcie si\u0119 zwie\u015b\u0107 ich ma\u015blanym spojrzeniom i niewinnym minkom.<br>Powodzenia Kochani!!!<\/p>\n\n\n\n<p><strong><span class=\"has-inline-color has-vivid-red-color\"><em>Omi &#8211; ma\u0142a ksi\u0119\u017cniczka, zostaje z nami<br>Ochi &#8211; z Agnieszk\u0105 uda\u0142a si\u0119 do Polanicy<br>Oppo &#8211; z Jakubem i jego rodzin\u0105 pojecha\u0142 do Warszawy<br>Owen &#8211; zamieszka\u0142 niedaleko, bo w Poznaniu wraz z Justyn\u0105<br>Orto &#8211; z Anielk\u0105 pojecha\u0142 nad morze i zamieszka w Gda\u0144sku<br>Orson &#8211; wraz z Agnieszk\u0105 i jej rodzin\u0105 b\u0119dzie zwiedza\u0142 \u015awiecie<br>Obi-Wan &#8211; razem z Szymonem zasili Pozna\u0144skie miasto<br>Oron &#8211; wraz z Wojtkiem pojecha\u0142 do pi\u0119knego miasta, jakim jest Krak\u00f3w<br>Odion &#8211; skrad\u0142 serce Zuzi i Adama i wraz z nimi pojecha\u0142 do Warszawy<\/em><\/span><\/strong><\/p>\n\n\n\n<p>Maluchy rosn\u0105, daj\u0105 nam wiele rado\u015bci, nowych wyzwa\u0144 i ucz\u0105 cierpliwo\u015bci. Dzi\u015b przyszed\u0142 czas na przegl\u0105d hodowlany. Ciekawe, jak nasze maluszki sobie poradz\u0105? Trzymajcie kciuki!!!<\/p>\n\n\n\n<figure class=\"wp-block-gallery columns-1 is-cropped\"><ul class=\"blocks-gallery-grid\"><li class=\"blocks-gallery-item\"><figure><img loading=\"lazy\" width=\"771\" height=\"1024\" src=\"https:\/\/shaggyfluff.pl\/wp-content\/uploads\/2026\/01\/551322250_2832548326941022_7456165645236711871_n-1-771x1024.jpg\" alt=\"\" data-id=\"3783\" data-full-url=\"https:\/\/shaggyfluff.pl\/wp-content\/uploads\/2026\/01\/551322250_2832548326941022_7456165645236711871_n-1.jpg\" data-link=\"https:\/\/shaggyfluff.pl\/index.php\/mioty\/miot-o\/551322250_2832548326941022_7456165645236711871_n-1\/\" class=\"wp-image-3783\" srcset=\"https:\/\/shaggyfluff.pl\/wp-content\/uploads\/2026\/01\/551322250_2832548326941022_7456165645236711871_n-1-771x1024.jpg 771w, https:\/\/shaggyfluff.pl\/wp-content\/uploads\/2026\/01\/551322250_2832548326941022_7456165645236711871_n-1-226x300.jpg 226w, https:\/\/shaggyfluff.pl\/wp-content\/uploads\/2026\/01\/551322250_2832548326941022_7456165645236711871_n-1-768x1020.jpg 768w, https:\/\/shaggyfluff.pl\/wp-content\/uploads\/2026\/01\/551322250_2832548326941022_7456165645236711871_n-1-1157x1536.jpg 1157w, https:\/\/shaggyfluff.pl\/wp-content\/uploads\/2026\/01\/551322250_2832548326941022_7456165645236711871_n-1-700x929.jpg 700w, https:\/\/shaggyfluff.pl\/wp-content\/uploads\/2026\/01\/551322250_2832548326941022_7456165645236711871_n-1-520x690.jpg 520w, https:\/\/shaggyfluff.pl\/wp-content\/uploads\/2026\/01\/551322250_2832548326941022_7456165645236711871_n-1-360x478.jpg 360w, https:\/\/shaggyfluff.pl\/wp-content\/uploads\/2026\/01\/551322250_2832548326941022_7456165645236711871_n-1-250x332.jpg 250w, https:\/\/shaggyfluff.pl\/wp-content\/uploads\/2026\/01\/551322250_2832548326941022_7456165645236711871_n-1-100x133.jpg 100w, https:\/\/shaggyfluff.pl\/wp-content\/uploads\/2026\/01\/551322250_2832548326941022_7456165645236711871_n-1.jpg 1542w\" sizes=\"(max-width: 771px) 100vw, 771px\" \/><\/figure><\/li><\/ul><\/figure>\n\n\n\n<p>No i s\u0105!<br>Witajcie nasze wyczekiwane Okruszki!<\/p>\n\n\n\n<p>15.08.2025 nasza Dru\u015bka zosta\u0142a mam\u0105. Urodzi\u0142a 9 szczeni\u0105t. Oj, b\u0119dzie potrzebowa\u0142a du\u017co mleczka i cierpliwo\u015bci&#8230; Ale Drusia wie, \u017ce mo\u017ce na nas zawsze liczy\u0107, \u017ce nie zostanie sama z t\u0105 gromadk\u0105 dzieci. A my obiecujemy, ze zrobimy wszystko, aby maluchy ros\u0142y zdrowo. <\/p>\n\n\n\n<figure class=\"wp-block-gallery columns-1 is-cropped\"><ul class=\"blocks-gallery-grid\"><li class=\"blocks-gallery-item\"><figure><img loading=\"lazy\" width=\"1024\" height=\"771\" src=\"https:\/\/shaggyfluff.pl\/wp-content\/uploads\/2025\/09\/534723820_803945098655920_2937948152407258978_n-1024x771.jpg\" alt=\"\" data-id=\"3500\" data-full-url=\"https:\/\/shaggyfluff.pl\/wp-content\/uploads\/2025\/09\/534723820_803945098655920_2937948152407258978_n.jpg\" data-link=\"https:\/\/shaggyfluff.pl\/index.php\/mioty\/miot-o\/534723820_803945098655920_2937948152407258978_n\/\" class=\"wp-image-3500\" srcset=\"https:\/\/shaggyfluff.pl\/wp-content\/uploads\/2025\/09\/534723820_803945098655920_2937948152407258978_n-1024x771.jpg 1024w, https:\/\/shaggyfluff.pl\/wp-content\/uploads\/2025\/09\/534723820_803945098655920_2937948152407258978_n-300x226.jpg 300w, https:\/\/shaggyfluff.pl\/wp-content\/uploads\/2025\/09\/534723820_803945098655920_2937948152407258978_n-768x578.jpg 768w, https:\/\/shaggyfluff.pl\/wp-content\/uploads\/2025\/09\/534723820_803945098655920_2937948152407258978_n-1536x1157.jpg 1536w, https:\/\/shaggyfluff.pl\/wp-content\/uploads\/2025\/09\/534723820_803945098655920_2937948152407258978_n-700x527.jpg 700w, https:\/\/shaggyfluff.pl\/wp-content\/uploads\/2025\/09\/534723820_803945098655920_2937948152407258978_n-520x392.jpg 520w, https:\/\/shaggyfluff.pl\/wp-content\/uploads\/2025\/09\/534723820_803945098655920_2937948152407258978_n-360x271.jpg 360w, https:\/\/shaggyfluff.pl\/wp-content\/uploads\/2025\/09\/534723820_803945098655920_2937948152407258978_n-250x188.jpg 250w, https:\/\/shaggyfluff.pl\/wp-content\/uploads\/2025\/09\/534723820_803945098655920_2937948152407258978_n-100x75.jpg 100w, https:\/\/shaggyfluff.pl\/wp-content\/uploads\/2025\/09\/534723820_803945098655920_2937948152407258978_n.jpg 2048w\" sizes=\"(max-width: 1024px) 100vw, 1024px\" \/><figcaption class=\"blocks-gallery-item__caption\">Okruszki<\/figcaption><\/figure><\/li><\/ul><\/figure>\n\n\n\n<p>Oj b\u0119dzie weso\u0142o! Nasza Dru\u015bka zostanie mam\u0105. Zastanawiamy si\u0119, jak po\u0142\u0105czy bieganie i aportowanie pi\u0142eczki z rol\u0105 mamy \ud83d\ude02\ud83d\ude02\ud83d\ude02<\/p>\n\n\n\n<p>Ale jak na t\u0105 chwil\u0119, pi\u0142eczka wci\u0105\u017c na pierwszym planie, cho\u0107 ju\u017c sporo odpoczywa. <\/p>\n\n\n\n<p>Mi\u0142o nam wi\u0119c og\u0142osi\u0107, \u017ce rodzicami ma\u0142ych uroczych tollerk\u00f3w zostan\u0105:<br><br>Nasza Dru\u015bka &#8211; <strong>CHARLIE&#8217;S ANGEL DREW Nova Panonia (FCI)<\/strong><\/p>\n\n\n\n<ul><li>M\u0142odzie\u017cowy Champion Polski,<\/li><li>Champion Polski,<\/li><li>rozpocz\u0119ty Grand Champion Polski<\/li><\/ul>\n\n\n\n<p>Oraz Gryps &#8211; <strong>SEVENTH SEAL Vadera&#8217;s Team (FCI)<\/strong><\/p>\n\n\n\n<ul><li>M\u0142odzie\u017cowy Champion Polski<\/li><li>Champion Polski<\/li><li>Grand Champion Polski<\/li><li>Champion Litwy<\/li><li>Zwyci\u0119zca Polski Ba\u0142tyku<\/li><li>Zwyci\u0119zca Pomorza Sopot 2024<\/li><li>Zwyci\u0119zca Zag\u0142\u0119bia D\u0105browskiego 2024<\/li><li>Zwyci\u0119zca Poznania 2024<\/li><li>Zwyci\u0119zca Klubu 2024<\/li><li>Top 3 Pies O\/Warszawa 2024<\/li><li>Polish Top Dog &#8211; Vice Top Dog 2024, 2023, 2022<\/li><li>Nominacja Crufts 2026, 2025<\/li><\/ul>\n\n\n\n<p>Oboje rodzice przebadani i zdrowi<\/p>\n\n\n\n<p>Osoby zainteresowane zapraszam do kontaktu<\/p>\n\n\n\n<figure class=\"wp-block-gallery columns-1 is-cropped\"><ul class=\"blocks-gallery-grid\"><li class=\"blocks-gallery-item\"><figure><img loading=\"lazy\" width=\"1024\" height=\"520\" src=\"https:\/\/shaggyfluff.pl\/wp-content\/uploads\/2025\/08\/obraz_2025-07-26_171901236-1024x520.png\" alt=\"\" data-id=\"3420\" data-full-url=\"https:\/\/shaggyfluff.pl\/wp-content\/uploads\/2025\/08\/obraz_2025-07-26_171901236.png\" data-link=\"https:\/\/shaggyfluff.pl\/index.php\/miot-o\/obraz_2025-07-26_171901236\/\" class=\"wp-image-3420\" srcset=\"https:\/\/shaggyfluff.pl\/wp-content\/uploads\/2025\/08\/obraz_2025-07-26_171901236-1024x520.png 1024w, https:\/\/shaggyfluff.pl\/wp-content\/uploads\/2025\/08\/obraz_2025-07-26_171901236-300x152.png 300w, https:\/\/shaggyfluff.pl\/wp-content\/uploads\/2025\/08\/obraz_2025-07-26_171901236-768x390.png 768w, https:\/\/shaggyfluff.pl\/wp-content\/uploads\/2025\/08\/obraz_2025-07-26_171901236-1536x781.png 1536w, https:\/\/shaggyfluff.pl\/wp-content\/uploads\/2025\/08\/obraz_2025-07-26_171901236-2048x1041.png 2048w, https:\/\/shaggyfluff.pl\/wp-content\/uploads\/2025\/08\/obraz_2025-07-26_171901236-700x356.png 700w, https:\/\/shaggyfluff.pl\/wp-content\/uploads\/2025\/08\/obraz_2025-07-26_171901236-520x264.png 520w, https:\/\/shaggyfluff.pl\/wp-content\/uploads\/2025\/08\/obraz_2025-07-26_171901236-360x183.png 360w, https:\/\/shaggyfluff.pl\/wp-content\/uploads\/2025\/08\/obraz_2025-07-26_171901236-250x127.png 250w, https:\/\/shaggyfluff.pl\/wp-content\/uploads\/2025\/08\/obraz_2025-07-26_171901236-100x51.png 100w\" sizes=\"(max-width: 1024px) 100vw, 1024px\" \/><\/figure><\/li><\/ul><\/figure>\n\n\n\n<p> <\/p>\n\n\n\n<p><br><br> <br><br><br> <\/p>\n","protected":false},"excerpt":{"rendered":"<p>Niestety, czas biegnie nieub\u0142aganie. Nasze Dru\u015bkowe dzieci ko\u0144cz\u0105 sw\u00f3j pierwszy etap \u017cycia i powoli pakuj\u0105 swoje walizki do opuszczenia domowego ogniska. Kochane Okruszki, \u017cyczymy Wam wielu wspania\u0142ych przyg\u00f3d, zwiedzania r\u00f3\u017cnych ciekawych miejsc i samych radosnych dni wraz ze swoimi nowymi [&hellip;]<\/p>\n","protected":false},"author":1,"featured_media":0,"parent":36,"menu_order":0,"comment_status":"closed","ping_status":"closed","template":"","meta":[],"_links":{"self":[{"href":"https:\/\/shaggyfluff.pl\/index.php\/wp-json\/wp\/v2\/pages\/3417"}],"collection":[{"href":"https:\/\/shaggyfluff.pl\/index.php\/wp-json\/wp\/v2\/pages"}],"about":[{"href":"https:\/\/shaggyfluff.pl\/index.php\/wp-json\/wp\/v2\/types\/page"}],"author":[{"embeddable":true,"href":"https:\/\/shaggyfluff.pl\/index.php\/wp-json\/wp\/v2\/users\/1"}],"replies":[{"embeddable":true,"href":"https:\/\/shaggyfluff.pl\/index.php\/wp-json\/wp\/v2\/comments?post=3417"}],"version-history":[{"count":9,"href":"https:\/\/shaggyfluff.pl\/index.php\/wp-json\/wp\/v2\/pages\/3417\/revisions"}],"predecessor-version":[{"id":3786,"href":"https:\/\/shaggyfluff.pl\/index.php\/wp-json\/wp\/v2\/pages\/3417\/revisions\/3786"}],"up":[{"embeddable":true,"href":"https:\/\/shaggyfluff.pl\/index.php\/wp-json\/wp\/v2\/pages\/36"}],"wp:attachment":[{"href":"https:\/\/shaggyfluff.pl\/index.php\/wp-json\/wp\/v2\/media?parent=3417"}],"curies":[{"name":"wp","href":"https:\/\/api.w.org\/{rel}","templated":true}]}}