{"id":3389,"date":"2025-07-09T21:18:47","date_gmt":"2025-07-09T19:18:47","guid":{"rendered":"https:\/\/shaggyfluff.pl\/?page_id=3389"},"modified":"2026-03-09T22:04:23","modified_gmt":"2026-03-09T21:04:23","slug":"megara-shaggy-fluff-fci","status":"publish","type":"page","link":"https:\/\/shaggyfluff.pl\/index.php\/nasze-psy\/szpic-wilczy\/megara-shaggy-fluff-fci\/","title":{"rendered":"MEGARA Shaggy Fluff FCI"},"content":{"rendered":"\n<p><strong><em>ZDOBYTE TYTU\u0141Y:<\/em><\/strong><\/p>\n\n\n\n<p><span class=\"has-inline-color has-vivid-red-color\"><strong>Champion Polski<\/strong> <strong>Szczeni\u0105t<\/strong><\/span><\/p>\n\n\n\n<p> <span class=\"has-inline-color has-vivid-red-color\"><strong>M\u0142odzie\u017cowy Champion Polski<\/strong><\/span> <\/p>\n\n\n\n<p> <span class=\"has-inline-color has-vivid-red-color\"><strong>M\u0142odzie\u017cowy Champion S\u0142owacji<\/strong><\/span><\/p>\n\n\n\n<p> <span class=\"has-inline-color has-vivid-red-color\"><strong>M\u0142odzie\u017cowy Zwyci\u0119zca S\u0142owacji<\/strong><\/span><\/p>\n\n\n\n<p> <span class=\"has-inline-color has-vivid-red-color\"><strong>M\u0142odzie\u017cowy Champion Litwy<\/strong><\/span><\/p>\n\n\n\n<p> <span class=\"has-inline-color has-vivid-red-color\"><strong>M\u0142odzie\u017cowy Zwyi\u0119zca Litwy<\/strong><\/span><\/p>\n\n\n\n<p> <span class=\"has-inline-color has-vivid-red-color\"><strong>M\u0142odzie\u017cowy Interchampion<\/strong><\/span>   <br><\/p>\n\n\n\n<p><\/p>\n\n\n\n<p><em><strong>URODZONA<\/strong>:<\/em><\/p>\n\n\n\n<p> 30.01.2025<\/p>\n\n\n\n<p><strong><em>KILKA S\u0141\u00d3W O MEGARZE<\/em><\/strong>:<\/p>\n\n\n\n<p><\/p>\n\n\n\n<p><strong><em><span class=\"has-inline-color has-vivid-cyan-blue-color\">MATKA<\/span><\/em><\/strong><\/p>\n\n\n\n<p>CHILLI Element of Me<\/p>\n\n\n\n<p><strong><em><span class=\"has-inline-color has-vivid-cyan-blue-color\">TYTU\u0141Y MATKI<\/span><\/em><\/strong><\/p>\n\n\n\n<p><span class=\"has-inline-color has-vivid-red-color\"><strong>M\u0142odzie\u017cowy Champion Polski<\/strong><\/span><\/p>\n\n\n\n<p><span class=\"has-inline-color has-vivid-red-color\"><strong>Champion Polski<\/strong><\/span><\/p>\n\n\n\n<p><span class=\"has-inline-color has-vivid-red-color\"><strong>Grand Champion Polski<\/strong><\/span><\/p>\n\n\n\n<p><span class=\"has-inline-color has-vivid-red-color\"><strong>Zwyci\u0119zca Polski<\/strong><\/span><\/p>\n\n\n\n<p><strong><em><span class=\"has-inline-color has-vivid-cyan-blue-color\">OJCIEC:<\/span><\/em><\/strong><\/p>\n\n\n\n<p>Radomir iz Mirashela<\/p>\n\n\n\n<p><strong><em><span class=\"has-inline-color has-vivid-cyan-blue-color\">TYTU\u0141Y OJCA:<\/span><\/em><\/strong><\/p>\n\n\n\n<p><span class=\"has-inline-color has-vivid-red-color\"><strong>M\u0142odzie\u017cowy Champion Polski<\/strong><\/span><\/p>\n\n\n\n<p><span class=\"has-inline-color has-vivid-red-color\"><strong>Champion Polski<\/strong><\/span><\/p>\n\n\n\n<p><span class=\"has-inline-color has-vivid-red-color\"><strong>Grand Champion Polski<\/strong><\/span><\/p>\n\n\n\n<p><span class=\"has-inline-color has-vivid-red-color\"><strong>Zwyci\u0119zca Polski<\/strong><\/span><\/p>\n\n\n\n<p><strong><span class=\"has-inline-color has-vivid-red-color\">Zwyci\u0119zca Pomorza<\/span><\/strong><\/p>\n\n\n\n<p><strong><span class=\"has-inline-color has-vivid-red-color\">Interchampion<\/span><\/strong><\/p>\n\n\n\n<p><strong><span class=\"has-inline-color has-vivid-red-color\">Champion S\u0142owacji<\/span><\/strong><\/p>\n\n\n\n<p><strong><span class=\"has-inline-color has-vivid-red-color\">Champion Czech<\/span><\/strong><\/p>\n\n\n\n<p><strong><span class=\"has-inline-color has-vivid-red-color\">Champion Danii<\/span><\/strong><\/p>\n","protected":false},"excerpt":{"rendered":"<p>ZDOBYTE TYTU\u0141Y: Champion Polski Szczeni\u0105t M\u0142odzie\u017cowy Champion Polski M\u0142odzie\u017cowy Champion S\u0142owacji M\u0142odzie\u017cowy Zwyci\u0119zca S\u0142owacji M\u0142odzie\u017cowy Champion Litwy M\u0142odzie\u017cowy Zwyi\u0119zca Litwy M\u0142odzie\u017cowy Interchampion URODZONA: 30.01.2025 KILKA S\u0141\u00d3W O MEGARZE: MATKA CHILLI Element of Me TYTU\u0141Y MATKI M\u0142odzie\u017cowy Champion Polski Champion Polski [&hellip;]<\/p>\n","protected":false},"author":1,"featured_media":0,"parent":1790,"menu_order":0,"comment_status":"closed","ping_status":"closed","template":"","meta":[],"_links":{"self":[{"href":"https:\/\/shaggyfluff.pl\/index.php\/wp-json\/wp\/v2\/pages\/3389"}],"collection":[{"href":"https:\/\/shaggyfluff.pl\/index.php\/wp-json\/wp\/v2\/pages"}],"about":[{"href":"https:\/\/shaggyfluff.pl\/index.php\/wp-json\/wp\/v2\/types\/page"}],"author":[{"embeddable":true,"href":"https:\/\/shaggyfluff.pl\/index.php\/wp-json\/wp\/v2\/users\/1"}],"replies":[{"embeddable":true,"href":"https:\/\/shaggyfluff.pl\/index.php\/wp-json\/wp\/v2\/comments?post=3389"}],"version-history":[{"count":7,"href":"https:\/\/shaggyfluff.pl\/index.php\/wp-json\/wp\/v2\/pages\/3389\/revisions"}],"predecessor-version":[{"id":3859,"href":"https:\/\/shaggyfluff.pl\/index.php\/wp-json\/wp\/v2\/pages\/3389\/revisions\/3859"}],"up":[{"embeddable":true,"href":"https:\/\/shaggyfluff.pl\/index.php\/wp-json\/wp\/v2\/pages\/1790"}],"wp:attachment":[{"href":"https:\/\/shaggyfluff.pl\/index.php\/wp-json\/wp\/v2\/media?parent=3389"}],"curies":[{"name":"wp","href":"https:\/\/api.w.org\/{rel}","templated":true}]}}