{"id":3207,"date":"2025-01-25T21:19:12","date_gmt":"2025-01-25T20:19:12","guid":{"rendered":"https:\/\/shaggyfluff.pl\/?page_id=3207"},"modified":"2026-01-13T22:02:40","modified_gmt":"2026-01-13T21:02:40","slug":"miot-m","status":"publish","type":"page","link":"https:\/\/shaggyfluff.pl\/index.php\/mioty\/miot-m\/","title":{"rendered":"Miot M"},"content":{"rendered":"\n<p>Maniu\u015bki posz\u0142y \u015bladami starszego rodze\u0144stwa i te\u017c maj\u0105 zwoje pierwsze sukcesy wystawowe na swoim koncie. Serdeczne gratulacje!!!<\/p>\n\n\n\n<figure class=\"wp-block-gallery columns-1 is-cropped wp-block-gallery-1 is-layout-flex wp-block-gallery-is-layout-flex\"><ul class=\"blocks-gallery-grid\"><li class=\"blocks-gallery-item\"><figure><img loading=\"lazy\" decoding=\"async\" width=\"1024\" height=\"724\" src=\"https:\/\/shaggyfluff.pl\/wp-content\/uploads\/2026\/01\/MChPMegara-1024x724.jpg\" alt=\"\" data-id=\"3800\" data-full-url=\"https:\/\/shaggyfluff.pl\/wp-content\/uploads\/2026\/01\/MChPMegara.jpg\" data-link=\"https:\/\/shaggyfluff.pl\/index.php\/mioty\/miot-m\/mchpmegara\/\" class=\"wp-image-3800\" srcset=\"https:\/\/shaggyfluff.pl\/wp-content\/uploads\/2026\/01\/MChPMegara-1024x724.jpg 1024w, https:\/\/shaggyfluff.pl\/wp-content\/uploads\/2026\/01\/MChPMegara-300x212.jpg 300w, https:\/\/shaggyfluff.pl\/wp-content\/uploads\/2026\/01\/MChPMegara-768x543.jpg 768w, https:\/\/shaggyfluff.pl\/wp-content\/uploads\/2026\/01\/MChPMegara-700x495.jpg 700w, https:\/\/shaggyfluff.pl\/wp-content\/uploads\/2026\/01\/MChPMegara-520x368.jpg 520w, https:\/\/shaggyfluff.pl\/wp-content\/uploads\/2026\/01\/MChPMegara-360x255.jpg 360w, https:\/\/shaggyfluff.pl\/wp-content\/uploads\/2026\/01\/MChPMegara-250x177.jpg 250w, https:\/\/shaggyfluff.pl\/wp-content\/uploads\/2026\/01\/MChPMegara-100x71.jpg 100w, https:\/\/shaggyfluff.pl\/wp-content\/uploads\/2026\/01\/MChPMegara.jpg 1169w\" sizes=\"auto, (max-width: 1024px) 100vw, 1024px\" \/><\/figure><\/li><\/ul><\/figure>\n\n\n\n<figure class=\"wp-block-gallery columns-1 is-cropped wp-block-gallery-2 is-layout-flex wp-block-gallery-is-layout-flex\"><ul class=\"blocks-gallery-grid\"><li class=\"blocks-gallery-item\"><figure><img loading=\"lazy\" decoding=\"async\" width=\"1024\" height=\"724\" src=\"https:\/\/shaggyfluff.pl\/wp-content\/uploads\/2025\/09\/chplsz-megara-1024x724.jpg\" alt=\"\" data-id=\"3491\" data-full-url=\"https:\/\/shaggyfluff.pl\/wp-content\/uploads\/2025\/09\/chplsz-megara.jpg\" data-link=\"https:\/\/shaggyfluff.pl\/index.php\/mioty\/miot-m\/chplsz-megara\/\" class=\"wp-image-3491\" srcset=\"https:\/\/shaggyfluff.pl\/wp-content\/uploads\/2025\/09\/chplsz-megara-1024x724.jpg 1024w, https:\/\/shaggyfluff.pl\/wp-content\/uploads\/2025\/09\/chplsz-megara-300x212.jpg 300w, https:\/\/shaggyfluff.pl\/wp-content\/uploads\/2025\/09\/chplsz-megara-768x543.jpg 768w, https:\/\/shaggyfluff.pl\/wp-content\/uploads\/2025\/09\/chplsz-megara-700x495.jpg 700w, https:\/\/shaggyfluff.pl\/wp-content\/uploads\/2025\/09\/chplsz-megara-520x368.jpg 520w, https:\/\/shaggyfluff.pl\/wp-content\/uploads\/2025\/09\/chplsz-megara-360x255.jpg 360w, https:\/\/shaggyfluff.pl\/wp-content\/uploads\/2025\/09\/chplsz-megara-250x177.jpg 250w, https:\/\/shaggyfluff.pl\/wp-content\/uploads\/2025\/09\/chplsz-megara-100x71.jpg 100w, https:\/\/shaggyfluff.pl\/wp-content\/uploads\/2025\/09\/chplsz-megara.jpg 1169w\" sizes=\"auto, (max-width: 1024px) 100vw, 1024px\" \/><\/figure><\/li><\/ul><\/figure>\n\n\n\n<figure class=\"wp-block-gallery columns-1 is-cropped wp-block-gallery-3 is-layout-flex wp-block-gallery-is-layout-flex\"><ul class=\"blocks-gallery-grid\"><li class=\"blocks-gallery-item\"><figure><img loading=\"lazy\" decoding=\"async\" width=\"1024\" height=\"728\" src=\"https:\/\/shaggyfluff.pl\/wp-content\/uploads\/2025\/09\/Moana-ChPSz_n-1024x728.jpg\" alt=\"\" data-id=\"3460\" data-full-url=\"https:\/\/shaggyfluff.pl\/wp-content\/uploads\/2025\/09\/Moana-ChPSz_n.jpg\" data-link=\"https:\/\/shaggyfluff.pl\/index.php\/mioty\/miot-m\/moana-chpsz_n\/\" class=\"wp-image-3460\" srcset=\"https:\/\/shaggyfluff.pl\/wp-content\/uploads\/2025\/09\/Moana-ChPSz_n-1024x728.jpg 1024w, https:\/\/shaggyfluff.pl\/wp-content\/uploads\/2025\/09\/Moana-ChPSz_n-300x213.jpg 300w, https:\/\/shaggyfluff.pl\/wp-content\/uploads\/2025\/09\/Moana-ChPSz_n-768x546.jpg 768w, https:\/\/shaggyfluff.pl\/wp-content\/uploads\/2025\/09\/Moana-ChPSz_n-1536x1092.jpg 1536w, https:\/\/shaggyfluff.pl\/wp-content\/uploads\/2025\/09\/Moana-ChPSz_n-700x498.jpg 700w, https:\/\/shaggyfluff.pl\/wp-content\/uploads\/2025\/09\/Moana-ChPSz_n-520x370.jpg 520w, https:\/\/shaggyfluff.pl\/wp-content\/uploads\/2025\/09\/Moana-ChPSz_n-360x256.jpg 360w, https:\/\/shaggyfluff.pl\/wp-content\/uploads\/2025\/09\/Moana-ChPSz_n-250x178.jpg 250w, https:\/\/shaggyfluff.pl\/wp-content\/uploads\/2025\/09\/Moana-ChPSz_n-100x71.jpg 100w, https:\/\/shaggyfluff.pl\/wp-content\/uploads\/2025\/09\/Moana-ChPSz_n.jpg 2048w\" sizes=\"auto, (max-width: 1024px) 100vw, 1024px\" \/><\/figure><\/li><\/ul><\/figure>\n\n\n\n<p>Maluszki rosn\u0105 jak na dro\u017cd\u017cach \ud83d\ude48 Czas biegnie nieub\u0142aganie&#8230;. Nasze Maniu\u015bki rozje\u017cd\u017caj\u0105 si\u0119 do swoich domk\u00f3w<br><strong><em><span class=\"has-inline-color has-vivid-red-color\">Mores &#8211; Pojecha\u0142 z Iwon\u0105 do Krystyny i zamieszka\u0142 w Wa\u0142czu<br>Moana &#8211; z Alicj\u0105 odby\u0142a d\u0142ug\u0105 podr\u00f3\u017c do domu, bo a\u017c do \u017bor<br>Merida &#8211; z Asi\u0105 i Wojtkiem b\u0119dzie szuka\u0107 Wroc\u0142awskich Krasnali<br>Mufasa &#8211; do\u0142\u0105czy do warszawskich szpic\u00f3w, gdzie zabior\u0105 go Victoria i Wojtek<br>Megara &#8211; ma\u0142y radosny \u0142obuziak, zostaje z nami<\/span><\/em><\/strong><br>Kochani, \u017cyczymy Wam d\u0142ugich wsp\u00f3lnych lat w zdrowiu i niech maluchy daj\u0105 Wam du\u017co rado\u015bci i u\u015bmiechu ka\u017cdego dnia<\/p>\n\n\n\n<figure class=\"wp-block-gallery columns-1 is-cropped wp-block-gallery-4 is-layout-flex wp-block-gallery-is-layout-flex\"><ul class=\"blocks-gallery-grid\"><li class=\"blocks-gallery-item\"><figure><img loading=\"lazy\" decoding=\"async\" width=\"974\" height=\"1024\" src=\"https:\/\/shaggyfluff.pl\/wp-content\/uploads\/2025\/05\/497805983_731091472607950_5613909799692861767_n-974x1024.jpg\" alt=\"\" data-id=\"3350\" data-full-url=\"https:\/\/shaggyfluff.pl\/wp-content\/uploads\/2025\/05\/497805983_731091472607950_5613909799692861767_n.jpg\" data-link=\"https:\/\/shaggyfluff.pl\/index.php\/mioty\/miot-m\/497805983_731091472607950_5613909799692861767_n\/\" class=\"wp-image-3350\" srcset=\"https:\/\/shaggyfluff.pl\/wp-content\/uploads\/2025\/05\/497805983_731091472607950_5613909799692861767_n-974x1024.jpg 974w, https:\/\/shaggyfluff.pl\/wp-content\/uploads\/2025\/05\/497805983_731091472607950_5613909799692861767_n-285x300.jpg 285w, https:\/\/shaggyfluff.pl\/wp-content\/uploads\/2025\/05\/497805983_731091472607950_5613909799692861767_n-768x807.jpg 768w, https:\/\/shaggyfluff.pl\/wp-content\/uploads\/2025\/05\/497805983_731091472607950_5613909799692861767_n-700x736.jpg 700w, https:\/\/shaggyfluff.pl\/wp-content\/uploads\/2025\/05\/497805983_731091472607950_5613909799692861767_n-520x547.jpg 520w, https:\/\/shaggyfluff.pl\/wp-content\/uploads\/2025\/05\/497805983_731091472607950_5613909799692861767_n-360x378.jpg 360w, https:\/\/shaggyfluff.pl\/wp-content\/uploads\/2025\/05\/497805983_731091472607950_5613909799692861767_n-250x263.jpg 250w, https:\/\/shaggyfluff.pl\/wp-content\/uploads\/2025\/05\/497805983_731091472607950_5613909799692861767_n-100x105.jpg 100w, https:\/\/shaggyfluff.pl\/wp-content\/uploads\/2025\/05\/497805983_731091472607950_5613909799692861767_n.jpg 1077w\" sizes=\"auto, (max-width: 974px) 100vw, 974px\" \/><\/figure><\/li><\/ul><\/figure>\n\n\n\n<p>Maniu\u015bki rosn\u0105 jak na dro\u017cd\u017cach \ud83d\ude48 Maj\u0105 ju\u017c 6 tygodni i czeka je pierwsze szczepienie i czipowanie&#8230; Do tej pory wizyty u weterynarza nie robi\u0142y na nich wra\u017cenia, powiem wi\u0119cej, waga s\u0142u\u017cy\u0142a jako dobra kanapa do spania \ud83d\ude02<\/p>\n\n\n\n<figure class=\"wp-block-gallery columns-2 is-cropped wp-block-gallery-5 is-layout-flex wp-block-gallery-is-layout-flex\"><ul class=\"blocks-gallery-grid\"><li class=\"blocks-gallery-item\"><figure><img loading=\"lazy\" decoding=\"async\" width=\"1024\" height=\"1024\" src=\"https:\/\/shaggyfluff.pl\/wp-content\/uploads\/2025\/03\/483364490_122116258070761937_7922678497909769652_n-1024x1024.jpg\" alt=\"\" data-id=\"3330\" data-full-url=\"https:\/\/shaggyfluff.pl\/wp-content\/uploads\/2025\/03\/483364490_122116258070761937_7922678497909769652_n.jpg\" data-link=\"https:\/\/shaggyfluff.pl\/index.php\/mioty\/miot-m\/483364490_122116258070761937_7922678497909769652_n\/\" class=\"wp-image-3330\" srcset=\"https:\/\/shaggyfluff.pl\/wp-content\/uploads\/2025\/03\/483364490_122116258070761937_7922678497909769652_n-1024x1024.jpg 1024w, https:\/\/shaggyfluff.pl\/wp-content\/uploads\/2025\/03\/483364490_122116258070761937_7922678497909769652_n-300x300.jpg 300w, https:\/\/shaggyfluff.pl\/wp-content\/uploads\/2025\/03\/483364490_122116258070761937_7922678497909769652_n-150x150.jpg 150w, https:\/\/shaggyfluff.pl\/wp-content\/uploads\/2025\/03\/483364490_122116258070761937_7922678497909769652_n-768x768.jpg 768w, https:\/\/shaggyfluff.pl\/wp-content\/uploads\/2025\/03\/483364490_122116258070761937_7922678497909769652_n-700x700.jpg 700w, https:\/\/shaggyfluff.pl\/wp-content\/uploads\/2025\/03\/483364490_122116258070761937_7922678497909769652_n-520x520.jpg 520w, https:\/\/shaggyfluff.pl\/wp-content\/uploads\/2025\/03\/483364490_122116258070761937_7922678497909769652_n-360x360.jpg 360w, https:\/\/shaggyfluff.pl\/wp-content\/uploads\/2025\/03\/483364490_122116258070761937_7922678497909769652_n-250x250.jpg 250w, https:\/\/shaggyfluff.pl\/wp-content\/uploads\/2025\/03\/483364490_122116258070761937_7922678497909769652_n-100x100.jpg 100w, https:\/\/shaggyfluff.pl\/wp-content\/uploads\/2025\/03\/483364490_122116258070761937_7922678497909769652_n.jpg 1440w\" sizes=\"auto, (max-width: 1024px) 100vw, 1024px\" \/><\/figure><\/li><li class=\"blocks-gallery-item\"><figure><img loading=\"lazy\" decoding=\"async\" width=\"1024\" height=\"1024\" src=\"https:\/\/shaggyfluff.pl\/wp-content\/uploads\/2025\/03\/483366092_122116258082761937_8540751615853120359_n-1024x1024.jpg\" alt=\"\" data-id=\"3331\" data-full-url=\"https:\/\/shaggyfluff.pl\/wp-content\/uploads\/2025\/03\/483366092_122116258082761937_8540751615853120359_n.jpg\" data-link=\"https:\/\/shaggyfluff.pl\/index.php\/mioty\/miot-m\/483366092_122116258082761937_8540751615853120359_n\/\" class=\"wp-image-3331\" srcset=\"https:\/\/shaggyfluff.pl\/wp-content\/uploads\/2025\/03\/483366092_122116258082761937_8540751615853120359_n-1024x1024.jpg 1024w, https:\/\/shaggyfluff.pl\/wp-content\/uploads\/2025\/03\/483366092_122116258082761937_8540751615853120359_n-300x300.jpg 300w, https:\/\/shaggyfluff.pl\/wp-content\/uploads\/2025\/03\/483366092_122116258082761937_8540751615853120359_n-150x150.jpg 150w, https:\/\/shaggyfluff.pl\/wp-content\/uploads\/2025\/03\/483366092_122116258082761937_8540751615853120359_n-768x768.jpg 768w, https:\/\/shaggyfluff.pl\/wp-content\/uploads\/2025\/03\/483366092_122116258082761937_8540751615853120359_n-700x700.jpg 700w, https:\/\/shaggyfluff.pl\/wp-content\/uploads\/2025\/03\/483366092_122116258082761937_8540751615853120359_n-520x520.jpg 520w, https:\/\/shaggyfluff.pl\/wp-content\/uploads\/2025\/03\/483366092_122116258082761937_8540751615853120359_n-360x360.jpg 360w, https:\/\/shaggyfluff.pl\/wp-content\/uploads\/2025\/03\/483366092_122116258082761937_8540751615853120359_n-250x250.jpg 250w, https:\/\/shaggyfluff.pl\/wp-content\/uploads\/2025\/03\/483366092_122116258082761937_8540751615853120359_n-100x100.jpg 100w, https:\/\/shaggyfluff.pl\/wp-content\/uploads\/2025\/03\/483366092_122116258082761937_8540751615853120359_n.jpg 1440w\" sizes=\"auto, (max-width: 1024px) 100vw, 1024px\" \/><\/figure><\/li><\/ul><\/figure>\n\n\n\n<figure class=\"wp-block-gallery columns-2 is-cropped wp-block-gallery-6 is-layout-flex wp-block-gallery-is-layout-flex\"><ul class=\"blocks-gallery-grid\"><li class=\"blocks-gallery-item\"><figure><img loading=\"lazy\" decoding=\"async\" width=\"1024\" height=\"1024\" src=\"https:\/\/shaggyfluff.pl\/wp-content\/uploads\/2025\/03\/482357152_122116258094761937_6191179965180071678_n-1024x1024.jpg\" alt=\"\" data-id=\"3333\" data-full-url=\"https:\/\/shaggyfluff.pl\/wp-content\/uploads\/2025\/03\/482357152_122116258094761937_6191179965180071678_n.jpg\" data-link=\"https:\/\/shaggyfluff.pl\/index.php\/mioty\/miot-m\/482357152_122116258094761937_6191179965180071678_n\/\" class=\"wp-image-3333\" srcset=\"https:\/\/shaggyfluff.pl\/wp-content\/uploads\/2025\/03\/482357152_122116258094761937_6191179965180071678_n-1024x1024.jpg 1024w, https:\/\/shaggyfluff.pl\/wp-content\/uploads\/2025\/03\/482357152_122116258094761937_6191179965180071678_n-300x300.jpg 300w, https:\/\/shaggyfluff.pl\/wp-content\/uploads\/2025\/03\/482357152_122116258094761937_6191179965180071678_n-150x150.jpg 150w, https:\/\/shaggyfluff.pl\/wp-content\/uploads\/2025\/03\/482357152_122116258094761937_6191179965180071678_n-768x768.jpg 768w, https:\/\/shaggyfluff.pl\/wp-content\/uploads\/2025\/03\/482357152_122116258094761937_6191179965180071678_n-700x700.jpg 700w, https:\/\/shaggyfluff.pl\/wp-content\/uploads\/2025\/03\/482357152_122116258094761937_6191179965180071678_n-520x520.jpg 520w, https:\/\/shaggyfluff.pl\/wp-content\/uploads\/2025\/03\/482357152_122116258094761937_6191179965180071678_n-360x360.jpg 360w, https:\/\/shaggyfluff.pl\/wp-content\/uploads\/2025\/03\/482357152_122116258094761937_6191179965180071678_n-250x250.jpg 250w, https:\/\/shaggyfluff.pl\/wp-content\/uploads\/2025\/03\/482357152_122116258094761937_6191179965180071678_n-100x100.jpg 100w, https:\/\/shaggyfluff.pl\/wp-content\/uploads\/2025\/03\/482357152_122116258094761937_6191179965180071678_n.jpg 1440w\" sizes=\"auto, (max-width: 1024px) 100vw, 1024px\" \/><\/figure><\/li><li class=\"blocks-gallery-item\"><figure><img loading=\"lazy\" decoding=\"async\" width=\"1024\" height=\"1024\" src=\"https:\/\/shaggyfluff.pl\/wp-content\/uploads\/2025\/03\/483465059_122116258088761937_1263282290382613470_n-1024x1024.jpg\" alt=\"\" data-id=\"3332\" data-full-url=\"https:\/\/shaggyfluff.pl\/wp-content\/uploads\/2025\/03\/483465059_122116258088761937_1263282290382613470_n.jpg\" data-link=\"https:\/\/shaggyfluff.pl\/index.php\/mioty\/miot-m\/483465059_122116258088761937_1263282290382613470_n\/\" class=\"wp-image-3332\" srcset=\"https:\/\/shaggyfluff.pl\/wp-content\/uploads\/2025\/03\/483465059_122116258088761937_1263282290382613470_n-1024x1024.jpg 1024w, https:\/\/shaggyfluff.pl\/wp-content\/uploads\/2025\/03\/483465059_122116258088761937_1263282290382613470_n-300x300.jpg 300w, https:\/\/shaggyfluff.pl\/wp-content\/uploads\/2025\/03\/483465059_122116258088761937_1263282290382613470_n-150x150.jpg 150w, https:\/\/shaggyfluff.pl\/wp-content\/uploads\/2025\/03\/483465059_122116258088761937_1263282290382613470_n-768x768.jpg 768w, https:\/\/shaggyfluff.pl\/wp-content\/uploads\/2025\/03\/483465059_122116258088761937_1263282290382613470_n-700x700.jpg 700w, https:\/\/shaggyfluff.pl\/wp-content\/uploads\/2025\/03\/483465059_122116258088761937_1263282290382613470_n-520x520.jpg 520w, https:\/\/shaggyfluff.pl\/wp-content\/uploads\/2025\/03\/483465059_122116258088761937_1263282290382613470_n-360x360.jpg 360w, https:\/\/shaggyfluff.pl\/wp-content\/uploads\/2025\/03\/483465059_122116258088761937_1263282290382613470_n-250x250.jpg 250w, https:\/\/shaggyfluff.pl\/wp-content\/uploads\/2025\/03\/483465059_122116258088761937_1263282290382613470_n-100x100.jpg 100w, https:\/\/shaggyfluff.pl\/wp-content\/uploads\/2025\/03\/483465059_122116258088761937_1263282290382613470_n.jpg 1440w\" sizes=\"auto, (max-width: 1024px) 100vw, 1024px\" \/><\/figure><\/li><\/ul><\/figure>\n\n\n\n<p>Wreszcie s\u0105. \ud83e\udd70 S\u0142odkie, wyczekiwane maluszki. <br>Mama i maluszki czuj\u0105 si\u0119 dobrze, rzeka mleczka p\u0142ynie&#8230; Teraz tylko dmucha\u0107 i chucha\u0107 aby zdrowo ros\u0142y \ud83e\udd70<\/p>\n\n\n\n<figure class=\"wp-block-gallery columns-1 is-cropped wp-block-gallery-7 is-layout-flex wp-block-gallery-is-layout-flex\"><ul class=\"blocks-gallery-grid\"><li class=\"blocks-gallery-item\"><figure><img loading=\"lazy\" decoding=\"async\" width=\"1024\" height=\"771\" src=\"https:\/\/shaggyfluff.pl\/wp-content\/uploads\/2025\/02\/PXL_20250131_185025785.MP_-1024x771.jpg\" alt=\"\" data-id=\"3215\" data-full-url=\"https:\/\/shaggyfluff.pl\/wp-content\/uploads\/2025\/02\/PXL_20250131_185025785.MP_-scaled.jpg\" data-link=\"https:\/\/shaggyfluff.pl\/index.php\/mioty\/miot-m\/pxl_20250131_185025785-mp\/\" class=\"wp-image-3215\" srcset=\"https:\/\/shaggyfluff.pl\/wp-content\/uploads\/2025\/02\/PXL_20250131_185025785.MP_-1024x771.jpg 1024w, https:\/\/shaggyfluff.pl\/wp-content\/uploads\/2025\/02\/PXL_20250131_185025785.MP_-300x226.jpg 300w, https:\/\/shaggyfluff.pl\/wp-content\/uploads\/2025\/02\/PXL_20250131_185025785.MP_-768x578.jpg 768w, https:\/\/shaggyfluff.pl\/wp-content\/uploads\/2025\/02\/PXL_20250131_185025785.MP_-1536x1157.jpg 1536w, https:\/\/shaggyfluff.pl\/wp-content\/uploads\/2025\/02\/PXL_20250131_185025785.MP_-2048x1542.jpg 2048w, https:\/\/shaggyfluff.pl\/wp-content\/uploads\/2025\/02\/PXL_20250131_185025785.MP_-700x527.jpg 700w, https:\/\/shaggyfluff.pl\/wp-content\/uploads\/2025\/02\/PXL_20250131_185025785.MP_-520x392.jpg 520w, https:\/\/shaggyfluff.pl\/wp-content\/uploads\/2025\/02\/PXL_20250131_185025785.MP_-360x271.jpg 360w, https:\/\/shaggyfluff.pl\/wp-content\/uploads\/2025\/02\/PXL_20250131_185025785.MP_-250x188.jpg 250w, https:\/\/shaggyfluff.pl\/wp-content\/uploads\/2025\/02\/PXL_20250131_185025785.MP_-100x75.jpg 100w\" sizes=\"auto, (max-width: 1024px) 100vw, 1024px\" \/><\/figure><\/li><\/ul><\/figure>\n\n\n\n<p>Czekamy na maluszki!!! B\u0119dzie to drugi miot tej pary<\/p>\n\n\n\n<p>Mam\u0105 zostanie nasza s\u0142odka Chilli Element of Me;<\/p>\n\n\n\n<ul class=\"wp-block-list\"><li>M\u0142odzie\u017cowy Champion Polski,<\/li><li>Champion Polski,&nbsp;<\/li><li>Grand Champion Polski,<\/li><li>Zwyci\u0119zca Polski<\/li><\/ul>\n\n\n\n<p>a ojcem Radomir iz Mirashela, pies o ciekawym rodowodzie.<\/p>\n\n\n\n<ul class=\"wp-block-list\"><li>M\u0142odzie\u017cowy Champion Polski<\/li><li>Champion Polski<\/li><li>Interchampion<\/li><li>Zwyci\u0119zca&nbsp;Pomorza<\/li><li>Champion&nbsp;Czech<\/li><li>Champion&nbsp;S\u0142owacji<\/li><\/ul>\n\n\n\n<p>Osoby zainteresowane zapraszam do kontaktu<\/p>\n\n\n\n<figure class=\"wp-block-gallery columns-1 is-cropped wp-block-gallery-8 is-layout-flex wp-block-gallery-is-layout-flex\"><ul class=\"blocks-gallery-grid\"><li class=\"blocks-gallery-item\"><figure><img loading=\"lazy\" decoding=\"async\" width=\"1024\" height=\"1015\" src=\"https:\/\/shaggyfluff.pl\/wp-content\/uploads\/2025\/01\/Zapowiedz-miotu-Wilcza-2-1024x1015.jpg\" alt=\"\" data-id=\"3204\" data-full-url=\"https:\/\/shaggyfluff.pl\/wp-content\/uploads\/2025\/01\/Zapowiedz-miotu-Wilcza-2.jpg\" data-link=\"https:\/\/shaggyfluff.pl\/index.php\/mioty\/miot-b\/zapowiedz-miotu-wilcza-2\/\" class=\"wp-image-3204\" srcset=\"https:\/\/shaggyfluff.pl\/wp-content\/uploads\/2025\/01\/Zapowiedz-miotu-Wilcza-2-1024x1015.jpg 1024w, https:\/\/shaggyfluff.pl\/wp-content\/uploads\/2025\/01\/Zapowiedz-miotu-Wilcza-2-300x297.jpg 300w, https:\/\/shaggyfluff.pl\/wp-content\/uploads\/2025\/01\/Zapowiedz-miotu-Wilcza-2-150x150.jpg 150w, https:\/\/shaggyfluff.pl\/wp-content\/uploads\/2025\/01\/Zapowiedz-miotu-Wilcza-2-768x761.jpg 768w, https:\/\/shaggyfluff.pl\/wp-content\/uploads\/2025\/01\/Zapowiedz-miotu-Wilcza-2-1536x1522.jpg 1536w, https:\/\/shaggyfluff.pl\/wp-content\/uploads\/2025\/01\/Zapowiedz-miotu-Wilcza-2-700x694.jpg 700w, https:\/\/shaggyfluff.pl\/wp-content\/uploads\/2025\/01\/Zapowiedz-miotu-Wilcza-2-520x515.jpg 520w, https:\/\/shaggyfluff.pl\/wp-content\/uploads\/2025\/01\/Zapowiedz-miotu-Wilcza-2-360x357.jpg 360w, https:\/\/shaggyfluff.pl\/wp-content\/uploads\/2025\/01\/Zapowiedz-miotu-Wilcza-2-250x248.jpg 250w, https:\/\/shaggyfluff.pl\/wp-content\/uploads\/2025\/01\/Zapowiedz-miotu-Wilcza-2-100x99.jpg 100w, https:\/\/shaggyfluff.pl\/wp-content\/uploads\/2025\/01\/Zapowiedz-miotu-Wilcza-2.jpg 1820w\" sizes=\"auto, (max-width: 1024px) 100vw, 1024px\" \/><\/figure><\/li><\/ul><\/figure>\n","protected":false},"excerpt":{"rendered":"<p>Maniu\u015bki posz\u0142y \u015bladami starszego rodze\u0144stwa i te\u017c maj\u0105 zwoje pierwsze sukcesy wystawowe na swoim koncie. Serdeczne gratulacje!!! Maluszki rosn\u0105 jak na dro\u017cd\u017cach \ud83d\ude48 Czas biegnie nieub\u0142aganie&#8230;. Nasze Maniu\u015bki rozje\u017cd\u017caj\u0105 si\u0119 do swoich domk\u00f3wMores &#8211; Pojecha\u0142 z Iwon\u0105 do Krystyny i [&hellip;]<\/p>\n","protected":false},"author":1,"featured_media":0,"parent":36,"menu_order":0,"comment_status":"closed","ping_status":"closed","template":"","meta":{"footnotes":""},"class_list":["post-3207","page","type-page","status-publish","hentry","clearfix"],"_links":{"self":[{"href":"https:\/\/shaggyfluff.pl\/index.php\/wp-json\/wp\/v2\/pages\/3207","targetHints":{"allow":["GET"]}}],"collection":[{"href":"https:\/\/shaggyfluff.pl\/index.php\/wp-json\/wp\/v2\/pages"}],"about":[{"href":"https:\/\/shaggyfluff.pl\/index.php\/wp-json\/wp\/v2\/types\/page"}],"author":[{"embeddable":true,"href":"https:\/\/shaggyfluff.pl\/index.php\/wp-json\/wp\/v2\/users\/1"}],"replies":[{"embeddable":true,"href":"https:\/\/shaggyfluff.pl\/index.php\/wp-json\/wp\/v2\/comments?post=3207"}],"version-history":[{"count":13,"href":"https:\/\/shaggyfluff.pl\/index.php\/wp-json\/wp\/v2\/pages\/3207\/revisions"}],"predecessor-version":[{"id":3801,"href":"https:\/\/shaggyfluff.pl\/index.php\/wp-json\/wp\/v2\/pages\/3207\/revisions\/3801"}],"up":[{"embeddable":true,"href":"https:\/\/shaggyfluff.pl\/index.php\/wp-json\/wp\/v2\/pages\/36"}],"wp:attachment":[{"href":"https:\/\/shaggyfluff.pl\/index.php\/wp-json\/wp\/v2\/media?parent=3207"}],"curies":[{"name":"wp","href":"https:\/\/api.w.org\/{rel}","templated":true}]}}