{"id":2729,"date":"2024-05-10T16:13:00","date_gmt":"2024-05-10T14:13:00","guid":{"rendered":"https:\/\/shaggyfluff.pl\/?page_id=2729"},"modified":"2025-03-31T21:17:44","modified_gmt":"2025-03-31T19:17:44","slug":"miot-b","status":"publish","type":"page","link":"https:\/\/shaggyfluff.pl\/index.php\/mioty\/miot-b\/","title":{"rendered":"Miot B"},"content":{"rendered":"\n<p>R\u00f3wnie\u017c maluszki z miotu B rozpocz\u0119\u0142y swoj\u0105 przygod\u0119 z wystawami. Bantu, Bolter i Bryska walcz\u0105 o tytu\u0142 Championa Szczeni\u0105t Polski!!! Bardzo cieszymy si\u0119 z osi\u0105gni\u0119\u0107 naszych psich dzieci i czekamy na dalsze sukcesy.<\/p>\n\n\n\n<figure class=\"wp-block-gallery columns-1 is-cropped\"><ul class=\"blocks-gallery-grid\"><li class=\"blocks-gallery-item\"><figure><img loading=\"lazy\" width=\"1024\" height=\"768\" src=\"https:\/\/shaggyfluff.pl\/wp-content\/uploads\/2025\/03\/bolter-ChPlSz-e1743448630878-1024x768.jpg\" alt=\"\" data-id=\"3338\" data-full-url=\"https:\/\/shaggyfluff.pl\/wp-content\/uploads\/2025\/03\/bolter-ChPlSz-e1743448630878.jpg\" data-link=\"https:\/\/shaggyfluff.pl\/index.php\/mioty\/miot-b\/bolter-chplsz\/\" class=\"wp-image-3338\" srcset=\"https:\/\/shaggyfluff.pl\/wp-content\/uploads\/2025\/03\/bolter-ChPlSz-e1743448630878-1024x768.jpg 1024w, https:\/\/shaggyfluff.pl\/wp-content\/uploads\/2025\/03\/bolter-ChPlSz-e1743448630878-300x225.jpg 300w, https:\/\/shaggyfluff.pl\/wp-content\/uploads\/2025\/03\/bolter-ChPlSz-e1743448630878-768x576.jpg 768w, https:\/\/shaggyfluff.pl\/wp-content\/uploads\/2025\/03\/bolter-ChPlSz-e1743448630878-1536x1152.jpg 1536w, https:\/\/shaggyfluff.pl\/wp-content\/uploads\/2025\/03\/bolter-ChPlSz-e1743448630878-700x525.jpg 700w, https:\/\/shaggyfluff.pl\/wp-content\/uploads\/2025\/03\/bolter-ChPlSz-e1743448630878-520x390.jpg 520w, https:\/\/shaggyfluff.pl\/wp-content\/uploads\/2025\/03\/bolter-ChPlSz-e1743448630878-360x270.jpg 360w, https:\/\/shaggyfluff.pl\/wp-content\/uploads\/2025\/03\/bolter-ChPlSz-e1743448630878-250x188.jpg 250w, https:\/\/shaggyfluff.pl\/wp-content\/uploads\/2025\/03\/bolter-ChPlSz-e1743448630878-100x75.jpg 100w, https:\/\/shaggyfluff.pl\/wp-content\/uploads\/2025\/03\/bolter-ChPlSz-e1743448630878.jpg 1600w\" sizes=\"(max-width: 1024px) 100vw, 1024px\" \/><\/figure><\/li><\/ul><\/figure>\n\n\n\n<figure class=\"wp-block-gallery columns-1 is-cropped\"><ul class=\"blocks-gallery-grid\"><li class=\"blocks-gallery-item\"><figure><img loading=\"lazy\" width=\"1024\" height=\"713\" src=\"https:\/\/shaggyfluff.pl\/wp-content\/uploads\/2025\/03\/bryska-ChPlSz_n-1024x713.jpg\" alt=\"\" data-id=\"3339\" data-full-url=\"https:\/\/shaggyfluff.pl\/wp-content\/uploads\/2025\/03\/bryska-ChPlSz_n.jpg\" data-link=\"https:\/\/shaggyfluff.pl\/index.php\/mioty\/miot-b\/bryska-chplsz_n\/\" class=\"wp-image-3339\" srcset=\"https:\/\/shaggyfluff.pl\/wp-content\/uploads\/2025\/03\/bryska-ChPlSz_n-1024x713.jpg 1024w, https:\/\/shaggyfluff.pl\/wp-content\/uploads\/2025\/03\/bryska-ChPlSz_n-300x209.jpg 300w, https:\/\/shaggyfluff.pl\/wp-content\/uploads\/2025\/03\/bryska-ChPlSz_n-768x535.jpg 768w, https:\/\/shaggyfluff.pl\/wp-content\/uploads\/2025\/03\/bryska-ChPlSz_n-1536x1070.jpg 1536w, https:\/\/shaggyfluff.pl\/wp-content\/uploads\/2025\/03\/bryska-ChPlSz_n-700x488.jpg 700w, https:\/\/shaggyfluff.pl\/wp-content\/uploads\/2025\/03\/bryska-ChPlSz_n-520x362.jpg 520w, https:\/\/shaggyfluff.pl\/wp-content\/uploads\/2025\/03\/bryska-ChPlSz_n-360x251.jpg 360w, https:\/\/shaggyfluff.pl\/wp-content\/uploads\/2025\/03\/bryska-ChPlSz_n-250x174.jpg 250w, https:\/\/shaggyfluff.pl\/wp-content\/uploads\/2025\/03\/bryska-ChPlSz_n-100x70.jpg 100w, https:\/\/shaggyfluff.pl\/wp-content\/uploads\/2025\/03\/bryska-ChPlSz_n.jpg 1898w\" sizes=\"(max-width: 1024px) 100vw, 1024px\" \/><\/figure><\/li><\/ul><\/figure>\n\n\n\n<figure class=\"wp-block-gallery columns-1 is-cropped\"><ul class=\"blocks-gallery-grid\"><li class=\"blocks-gallery-item\"><figure><img loading=\"lazy\" width=\"1024\" height=\"730\" src=\"https:\/\/shaggyfluff.pl\/wp-content\/uploads\/2025\/01\/bantuChpSz-1024x730.jpg\" alt=\"\" data-id=\"3205\" data-full-url=\"https:\/\/shaggyfluff.pl\/wp-content\/uploads\/2025\/01\/bantuChpSz.jpg\" data-link=\"https:\/\/shaggyfluff.pl\/index.php\/mioty\/miot-b\/bantuchpsz\/\" class=\"wp-image-3205\" srcset=\"https:\/\/shaggyfluff.pl\/wp-content\/uploads\/2025\/01\/bantuChpSz-1024x730.jpg 1024w, https:\/\/shaggyfluff.pl\/wp-content\/uploads\/2025\/01\/bantuChpSz-300x214.jpg 300w, https:\/\/shaggyfluff.pl\/wp-content\/uploads\/2025\/01\/bantuChpSz-768x547.jpg 768w, https:\/\/shaggyfluff.pl\/wp-content\/uploads\/2025\/01\/bantuChpSz-1536x1095.jpg 1536w, https:\/\/shaggyfluff.pl\/wp-content\/uploads\/2025\/01\/bantuChpSz-2048x1459.jpg 2048w, https:\/\/shaggyfluff.pl\/wp-content\/uploads\/2025\/01\/bantuChpSz-700x499.jpg 700w, https:\/\/shaggyfluff.pl\/wp-content\/uploads\/2025\/01\/bantuChpSz-520x371.jpg 520w, https:\/\/shaggyfluff.pl\/wp-content\/uploads\/2025\/01\/bantuChpSz-360x257.jpg 360w, https:\/\/shaggyfluff.pl\/wp-content\/uploads\/2025\/01\/bantuChpSz-250x178.jpg 250w, https:\/\/shaggyfluff.pl\/wp-content\/uploads\/2025\/01\/bantuChpSz-100x71.jpg 100w\" sizes=\"(max-width: 1024px) 100vw, 1024px\" \/><\/figure><\/li><\/ul><\/figure>\n\n\n\n<p>Czas biegnie tak szybko&#8230;<br>Maluszki rosn\u0105, daj\u0105 nam du\u017co rado\u015bci i mi\u0142o\u015bci. Na ka\u017cdego z nich czeka nowy dom. Kochane Be\u015bciaki, \u017cyczymy Wam wszystkiego najlepszego ze swoimi nowymi rodzinami, mn\u00f3stwo spacer\u00f3w i szcz\u0119\u015bliwych lat. Dajcie im du\u017co rado\u015bci i mi\u0142o\u015bci kochane s\u0142oneczka.<\/p>\n\n\n\n<p><span class=\"has-inline-color has-vivid-red-color\"><em><strong>Bono \u2013 sw\u00f3j nowy dom znalaz\u0142 w Gda\u0144sku, u  Zdzis\u0142awy<br>Bantu \u2013 Pojecha\u0142 do Warszawy z Anastasii\u0105 i Marcinem<\/strong><\/em><br><em><strong>Brodka \u2013 Razem Oliwi\u0105 i Krzy\u015bkiem r\u00f3wnie\u017c zamieszka w Warszawie<br>Bryska \u2013 z Ewelin\u0105 i Grzesiem i Michasi\u0105 zamieszka niedaleko Bydgoszczy<br>Bolter \u2013 Wraz z Sar\u0105 zamieszka\u0142 w Warszawie<\/strong><\/em><\/span><\/p>\n\n\n\n<p><\/p>\n\n\n\n<p>10.05.2024 powitali\u015bmy na \u015bwiecie maluszki Sonisi i Hogusia. Mama i male\u0144stwa czuj\u0105 si\u0119 dobrze. Teraz \u017cyczymy naszej mamusi du\u017co mleczka i cierpliwo\u015bci dla swoich dzieci \u263a<\/p>\n\n\n\n<ul><li><span class=\"has-inline-color has-vivid-red-color\"><strong>Brodka,<\/strong><\/span><\/li><li><span class=\"has-inline-color has-vivid-red-color\"><strong>Bryska,<\/strong><\/span><\/li><li><span class=\"has-inline-color has-vivid-red-color\"><strong>Bono<\/strong>,<\/span><\/li><li><span class=\"has-inline-color has-vivid-red-color\"><strong>Bolter,<\/strong><\/span><\/li><li><span class=\"has-inline-color has-vivid-red-color\"><strong>Bantu<\/strong>.<\/span><\/li><\/ul>\n\n\n\n<figure class=\"wp-block-gallery columns-1 is-cropped\"><ul class=\"blocks-gallery-grid\"><li class=\"blocks-gallery-item\"><figure><img loading=\"lazy\" width=\"1024\" height=\"771\" src=\"https:\/\/shaggyfluff.pl\/wp-content\/uploads\/2024\/05\/440362993_485935337123566_1653799372811830015_n-1024x771.jpg\" alt=\"\" data-id=\"2765\" data-full-url=\"https:\/\/shaggyfluff.pl\/wp-content\/uploads\/2024\/05\/440362993_485935337123566_1653799372811830015_n.jpg\" data-link=\"https:\/\/shaggyfluff.pl\/index.php\/mioty\/miot-b\/440362993_485935337123566_1653799372811830015_n\/\" class=\"wp-image-2765\" srcset=\"https:\/\/shaggyfluff.pl\/wp-content\/uploads\/2024\/05\/440362993_485935337123566_1653799372811830015_n-1024x771.jpg 1024w, https:\/\/shaggyfluff.pl\/wp-content\/uploads\/2024\/05\/440362993_485935337123566_1653799372811830015_n-300x226.jpg 300w, https:\/\/shaggyfluff.pl\/wp-content\/uploads\/2024\/05\/440362993_485935337123566_1653799372811830015_n-768x578.jpg 768w, https:\/\/shaggyfluff.pl\/wp-content\/uploads\/2024\/05\/440362993_485935337123566_1653799372811830015_n-1536x1157.jpg 1536w, https:\/\/shaggyfluff.pl\/wp-content\/uploads\/2024\/05\/440362993_485935337123566_1653799372811830015_n-700x527.jpg 700w, https:\/\/shaggyfluff.pl\/wp-content\/uploads\/2024\/05\/440362993_485935337123566_1653799372811830015_n-520x392.jpg 520w, https:\/\/shaggyfluff.pl\/wp-content\/uploads\/2024\/05\/440362993_485935337123566_1653799372811830015_n-360x271.jpg 360w, https:\/\/shaggyfluff.pl\/wp-content\/uploads\/2024\/05\/440362993_485935337123566_1653799372811830015_n-250x188.jpg 250w, https:\/\/shaggyfluff.pl\/wp-content\/uploads\/2024\/05\/440362993_485935337123566_1653799372811830015_n-100x75.jpg 100w, https:\/\/shaggyfluff.pl\/wp-content\/uploads\/2024\/05\/440362993_485935337123566_1653799372811830015_n.jpg 2048w\" sizes=\"(max-width: 1024px) 100vw, 1024px\" \/><\/figure><\/li><\/ul><\/figure>\n\n\n\n<p>Mi\u0142o nam poinformowa\u0107, \u017ce w maju spodziewamy si\u0119 szczeni\u0105t tej wspania\u0142ej pary.<\/p>\n\n\n\n<p>Mam\u0105 zostanie nasza urocza Sonny Smile;<\/p>\n\n\n\n<ul><li>M\u0142odzie\u017cowy Champion Polski,<\/li><li>Champion Polski,&nbsp;<\/li><li>Grand Champion Polski,<\/li><\/ul>\n\n\n\n<p>a ojcem nasz Hogan Patland.<\/p>\n\n\n\n<ul><li>M\u0142odzie\u017cowy Champion Polski,<\/li><li>Champion Polski,&nbsp;<\/li><li>Grand Champion Polski,<\/li><\/ul>\n\n\n\n<p>Osoby zainteresowane zapraszam do kontaktu.<\/p>\n\n\n\n<figure class=\"wp-block-gallery columns-1 is-cropped\"><ul class=\"blocks-gallery-grid\"><li class=\"blocks-gallery-item\"><figure><img loading=\"lazy\" width=\"1024\" height=\"575\" src=\"https:\/\/shaggyfluff.pl\/wp-content\/uploads\/2024\/05\/raindrops-3216607_1280-1-1024x575.jpg\" alt=\"\" data-id=\"2735\" data-full-url=\"https:\/\/shaggyfluff.pl\/wp-content\/uploads\/2024\/05\/raindrops-3216607_1280-1.jpg\" data-link=\"https:\/\/shaggyfluff.pl\/index.php\/mioty\/miot-b\/raindrops-3216607_1280-2\/\" class=\"wp-image-2735\" srcset=\"https:\/\/shaggyfluff.pl\/wp-content\/uploads\/2024\/05\/raindrops-3216607_1280-1-1024x575.jpg 1024w, https:\/\/shaggyfluff.pl\/wp-content\/uploads\/2024\/05\/raindrops-3216607_1280-1-300x169.jpg 300w, https:\/\/shaggyfluff.pl\/wp-content\/uploads\/2024\/05\/raindrops-3216607_1280-1-768x431.jpg 768w, https:\/\/shaggyfluff.pl\/wp-content\/uploads\/2024\/05\/raindrops-3216607_1280-1-700x393.jpg 700w, https:\/\/shaggyfluff.pl\/wp-content\/uploads\/2024\/05\/raindrops-3216607_1280-1-520x292.jpg 520w, https:\/\/shaggyfluff.pl\/wp-content\/uploads\/2024\/05\/raindrops-3216607_1280-1-360x202.jpg 360w, https:\/\/shaggyfluff.pl\/wp-content\/uploads\/2024\/05\/raindrops-3216607_1280-1-250x140.jpg 250w, https:\/\/shaggyfluff.pl\/wp-content\/uploads\/2024\/05\/raindrops-3216607_1280-1-100x56.jpg 100w, https:\/\/shaggyfluff.pl\/wp-content\/uploads\/2024\/05\/raindrops-3216607_1280-1.jpg 1280w\" sizes=\"(max-width: 1024px) 100vw, 1024px\" \/><\/figure><\/li><\/ul><\/figure>\n","protected":false},"excerpt":{"rendered":"<p>R\u00f3wnie\u017c maluszki z miotu B rozpocz\u0119\u0142y swoj\u0105 przygod\u0119 z wystawami. Bantu, Bolter i Bryska walcz\u0105 o tytu\u0142 Championa Szczeni\u0105t Polski!!! Bardzo cieszymy si\u0119 z osi\u0105gni\u0119\u0107 naszych psich dzieci i czekamy na dalsze sukcesy. Czas biegnie tak szybko&#8230;Maluszki rosn\u0105, daj\u0105 nam [&hellip;]<\/p>\n","protected":false},"author":1,"featured_media":0,"parent":36,"menu_order":0,"comment_status":"closed","ping_status":"closed","template":"","meta":[],"_links":{"self":[{"href":"https:\/\/shaggyfluff.pl\/index.php\/wp-json\/wp\/v2\/pages\/2729"}],"collection":[{"href":"https:\/\/shaggyfluff.pl\/index.php\/wp-json\/wp\/v2\/pages"}],"about":[{"href":"https:\/\/shaggyfluff.pl\/index.php\/wp-json\/wp\/v2\/types\/page"}],"author":[{"embeddable":true,"href":"https:\/\/shaggyfluff.pl\/index.php\/wp-json\/wp\/v2\/users\/1"}],"replies":[{"embeddable":true,"href":"https:\/\/shaggyfluff.pl\/index.php\/wp-json\/wp\/v2\/comments?post=2729"}],"version-history":[{"count":15,"href":"https:\/\/shaggyfluff.pl\/index.php\/wp-json\/wp\/v2\/pages\/2729\/revisions"}],"predecessor-version":[{"id":3341,"href":"https:\/\/shaggyfluff.pl\/index.php\/wp-json\/wp\/v2\/pages\/2729\/revisions\/3341"}],"up":[{"embeddable":true,"href":"https:\/\/shaggyfluff.pl\/index.php\/wp-json\/wp\/v2\/pages\/36"}],"wp:attachment":[{"href":"https:\/\/shaggyfluff.pl\/index.php\/wp-json\/wp\/v2\/media?parent=2729"}],"curies":[{"name":"wp","href":"https:\/\/api.w.org\/{rel}","templated":true}]}}