{"id":2490,"date":"2023-11-28T22:16:25","date_gmt":"2023-11-28T21:16:25","guid":{"rendered":"https:\/\/shaggyfluff.pl\/?page_id=2490"},"modified":"2023-12-07T23:53:53","modified_gmt":"2023-12-07T22:53:53","slug":"nova-scotia-duck-tolling-retriever1","status":"publish","type":"page","link":"https:\/\/shaggyfluff.pl\/index.php\/wzorzec-2\/nova-scotia-duck-tolling-retriever1\/","title":{"rendered":"Nova Scotia Duck Tolling Retriever"},"content":{"rendered":"\n<p>Wzorzec FCI nr 312\/05.02.1999\/GB<\/p>\n\n\n\n<p><strong><span class=\"has-inline-color has-vivid-red-color\">WZORCE RAS<\/span><\/strong> &#8211; grupa VIII<\/p>\n\n\n\n<p><strong><span class=\"has-inline-color has-vivid-red-color\">Pochodzenie<\/span><\/strong> &#8211; Kanada<\/p>\n\n\n\n<p><strong><span class=\"has-inline-color has-black-color\">DATA PUBLIKACJI OBOWI\u0104ZUJ\u0104CEGO WZORCA: 24.06.1987<\/span><\/strong><\/p>\n\n\n\n<p><strong><span class=\"has-inline-color has-vivid-red-color\">U\u017bYTKOWO\u015a\u0106<\/span><\/strong> &#8211; Pies biega, skacze, bawi si\u0119 wzd\u0142u\u017c linii brzegowej obserwuj\u0105c stado kaczek, od czasu do czasu znika z pola widzenia, po czym<br>szybko pojawia si\u0119 ponownie, wspomagany przez ukrytego my\u015bliwego,<br>kt\u00f3ry rzuca mu patyki lub pi\u0142k\u0119. Bawi\u0105cy si\u0119 pies wzbudza zainteresowanie p\u0142ywaj\u0105cych z dala od brzegu kaczek, kt\u00f3re s\u0105 wyp\u0142aszane<br>w zasi\u0119gu strza\u0142u. Nast\u0119pnie pies jest wysy\u0142any w celu odnalezienia<br>martwego lub rannego ptaka.<\/p>\n\n\n\n<p><strong><span class=\"has-inline-color has-vivid-red-color\">KLASYFIKACJA FCI<\/span><\/strong> &#8211; Grupa 8 &#8211; Aportery, p\u0142ochacze i psy dowodne.<br>Sekcja 1 &#8211; Aportery<br>Podlega pr\u00f3bom pracy<\/p>\n\n\n\n<p><strong><span class=\"has-inline-color has-vivid-red-color\">WYGL\u0104D OG\u00d3LNY<\/span><\/strong> &#8211; Pies \u015bredniej wielko\u015bci, silny, zwarty, harmonijny, dobrze umi\u0119\u015bniony, o \u015brednim lub ci\u0119\u017ckim Ko\u015b\u0107cu; zwinny, czujny i zdecydowany. Wiele ps\u00f3w tej rasy ma nieco smutny wyraz pyska, do momentu rozpocz\u0119cia<br>pracy, kiedy nabiera wyrazu g\u0142\u0119bokiego skupienia i ekscytacji. W pracy szybki i energiczny w dzia\u0142aniu; g\u0142owa noszona prawie na poziomie linii grzbietu; mocno ow\u0142osiony ogon znajduje si\u0119 w ci\u0105g\u0142ym ruchu.<\/p>\n\n\n\n<p><strong><span class=\"has-inline-color has-vivid-red-color\">USPOSOBIENIE\/TEMPERAMENT<\/span><\/strong> &#8211; Pies wysoce inteligentny, \u0142atwy w uk\u0142adaniu, bardzo wytrwa\u0142y. Silny i dobry p\u0142ywak, urodzony i wytrwa\u0142y aporter na l\u0105dzie i w wodzie, gotowy do pracy w ka\u017cdym momencie. Jego silna potrzeba aportowania oraz weso\u0142o\u015b\u0107 s\u0105 niezb\u0119dnymi cechami potrzebnymi do pracy.<\/p>\n\n\n\n<p><span class=\"has-inline-color has-vivid-cyan-blue-color\"><strong>G\u0141OWA:<\/strong><\/span><br>Wyra\u017anie zarysowana, nieznacznie klinowata.<\/p>\n\n\n\n<p><br><span class=\"has-inline-color has-vivid-red-color\"><strong>M\u00d3ZGOCZASZKA<\/strong><\/span> &#8211; Czaszka: Szeroka, lekko zaokr\u0105glona, guz potyliczny nie wystaj\u0105cy; policzki p\u0142askie. Szeroko\u015b\u0107 czaszki u przeci\u0119tnego samca wynosi ok. 14 cm pomi\u0119dzy uszami, zw\u0119\u017caj\u0105c si\u0119 do ok. 3,8 cm na grzbiecie nosa. D\u0142ugo\u015b\u0107 g\u0142owy wynosi w przybli\u017ceniu 23 cm od nosa do potylicy. G\u0142owa musi by\u0107 proporcjonalna wzgl\u0119dem wielko\u015bci cia\u0142a.<br><strong><span class=\"has-inline-color has-black-color\">Stop<\/span><\/strong>: Umiarkowanie zaznaczony.<\/p>\n\n\n\n<p><br><strong><span class=\"has-inline-color has-vivid-red-color\">TRZEWIOCZASZKA<\/span><\/strong>:<br><strong>Nos<\/strong>: Nozdrza rozwarte. Kolor powinien zlewa\u0107 si\u0119 z umaszczeniem lub by\u0107 czarny.<\/p>\n\n\n\n<p><br><strong>Kufa<\/strong>: Zw\u0119\u017ca si\u0119 w prostej linii od stopu do wierzcho\u0142ka nosa, z siln\u0105, ale nie wystaj\u0105c\u0105 \u017cuchw\u0105. Dolna linia kufy prawie prosta. Sier\u015b\u0107 na kufie jest kr\u00f3tka i delikatna.<\/p>\n\n\n\n<p><br><strong>Wargi<\/strong>: Przylegaj\u0105 niemal szczelnie; z profilu tworz\u0105 delikatny \u0142uk, fafle nie obwis\u0142e.<\/p>\n\n\n\n<p><br><strong>Szcz\u0119ki\/uz\u0119bienie<\/strong>: Wystarczaj\u0105co silne do utrzymania do\u015b\u0107 du\u017cego ptaka, ale o delikatnym uchwycie. Prawid\u0142owy zgryz no\u017cycowy; wymagane jest pe\u0142ne uz\u0119bienie.<\/p>\n\n\n\n<p><br><strong>Oczy<\/strong>: Dobrze osadzone o migda\u0142owym kszta\u0142cie, \u015bredniej wielko\u015bci. Koloru od bursztynowego do br\u0105zowego; o przyjaznym, czujnym i inteligentnym wyrazie. Sk\u00f3ra wok\u00f3\u0142 oczu powinna by\u0107 tego samego koloru, co wargi.<\/p>\n\n\n\n<p><br><strong>Uszy<\/strong>: Tr\u00f3jk\u0105tne, \u015bredniej wielko\u015bci, wysoko i dobrze osadzone z ty\u0142u czaszki z delikatnie podniesion\u0105 podstaw\u0105, dobrze ow\u0142osione; kr\u00f3tkie w\u0142osy wyst\u0119puj\u0105 na zaokr\u0105glonych ko\u0144c\u00f3wkach.<\/p>\n\n\n\n<p><br><strong>Szyja<\/strong>: Mocno umi\u0119\u015bniona, dobrze wysklepiona, \u015bredniej d\u0142ugo\u015bci, bez oznak podgardla.<\/p>\n\n\n\n<p><br><strong><span class=\"has-inline-color has-vivid-cyan-blue-color\">TU\u0141\u00d3W<\/span><\/strong>:<br>Linia grzbietu pozioma.<\/p>\n\n\n\n<p><br><strong>Grzbie<\/strong>t: Kr\u00f3tki i prosty.<\/p>\n\n\n\n<p><br><strong>L\u0119d\u017awie<\/strong>: Silne i umi\u0119\u015bnione.<\/p>\n\n\n\n<p><br><strong>Klatka piersiowa<\/strong>: G\u0142\u0119boka, mostek si\u0119gaj\u0105cy \u0142okci. \u017bebra dobrze wysklepione, nie s\u0105 ani beczkowate ani p\u0142askie.<\/p>\n\n\n\n<p><br><strong>Brzuch<\/strong>: Umiarkowanie podkasany.<\/p>\n\n\n\n<p><br><strong><span class=\"has-inline-color has-black-color\">Ogon<\/span><\/strong>: Stanowi naturalne przed\u0142u\u017cenie zadu z jego lekkim spadkiem, szeroki u nasady, mocno ow\u0142osiony, si\u0119ga przynajmniej do stawu skokowego. Ogon mo\u017ce by\u0107 noszony poni\u017cej linii grzbietu, z wyj\u0105tkiem, kiedy pies jest w stanie czujno\u015bci &#8211; wtedy wygina go mocno ku g\u00f3rze, ale nigdy nie zarzuca na grzbiet.<\/p>\n\n\n\n<p><br><strong><span class=\"has-inline-color has-vivid-cyan-blue-color\">KO\u0143CZYNY<\/span><\/strong>:<\/p>\n\n\n\n<p><br><strong><span class=\"has-inline-color has-vivid-red-color\">KO\u0143CZYNY PRZEDNIE<\/span><\/strong>:<br>Powinny wygl\u0105da\u0107 jak r\u00f3wnoleg\u0142e kolumny; proste i o mocnym ko\u015b\u0107cu.<\/p>\n\n\n\n<p><br><strong>\u0141opatki:<\/strong> Muskularne, ko\u015bci \u0142opatek dobrze pochylone do ty\u0142u, dobrze osadzone, daj\u0105cy wyra\u017any k\u0142\u0105b przechodz\u0105cy w kr\u00f3tki grzbiet. \u0141opatki i ramiona s\u0105 mniej wi\u0119cej r\u00f3wnej d\u0142ugo\u015bci.<br><br><strong>\u0141okcie<\/strong>: Powinny delikatnie przylega\u0107 do cia\u0142a, nie odstaj\u0105ce ani zbyt mocno przylegaj\u0105ce, pracuj\u0105ce g\u0142adko i r\u00f3wno.<\/p>\n\n\n\n<p><br><strong>\u015ar\u00f3dr\u0119cza<\/strong>: Mocne, lekko pochylone.<\/p>\n\n\n\n<p><br><strong>Przednie \u0142apy<\/strong>: Z mocn\u0105 b\u0142on\u0105 p\u0142awn\u0105; \u015bredniej wielko\u015bci, zwarte i okr\u0105g\u0142e, palce dobrze wysklepione z grubymi opuszkami. Palce szcz\u0105tkowe mog\u0105 by\u0107 usuni\u0119te.<\/p>\n\n\n\n<p><br><strong><span class=\"has-inline-color has-vivid-red-color\">KO\u0143CZYNY TYLNIE<\/span><\/strong>:<br>Zad muskularny, szeroki i kwadratowy. Ko\u0144czyny dobrze k\u0105towane. G\u00f3rna i dolna cz\u0119\u015b\u0107 powinna by\u0107 w przybli\u017ceniu tej samej d\u0142ugo\u015bci.<\/p>\n\n\n\n<p><br><strong>Uda<\/strong>: Dobrze umi\u0119\u015bnione.<\/p>\n\n\n\n<p><br><strong>Stawy kolanowe:<\/strong> Dobrze k\u0105towane.<\/p>\n\n\n\n<p><br><strong>Stawy skokowe<\/strong>: Nisko osadzone, nie s\u0105 zwr\u00f3cone ani na zewn\u0105trz, ani do wewn\u0105trz. Nie powinno by\u0107 wilczych pazur\u00f3w.<\/p>\n\n\n\n<p><br><strong>Tylne \u0142apy<\/strong>: Takie jak przednie.<\/p>\n\n\n\n<p><br><strong><span class=\"has-inline-color has-vivid-red-color\">RUCH<\/span><\/strong> &#8211; Pies \u0142\u0105czy wra\u017cenie spr\u0119\u017cysto\u015bci i si\u0142y; ruchy energiczne, o dobrym wykroku przednich ko\u0144czyn i dobrej dynamice tylnych. \u0141apy nie powinny by\u0107 zwr\u00f3cone ani do wewn\u0105trz, ani na zewn\u0105trz, ko\u0144czyny poruszaj\u0105 si\u0119 w linii prostej. Wraz ze wzrostem pr\u0119dko\u015bci, pies powinien porusza\u0107 si\u0119 w linii prostej (jedno\u015bladem), z lini\u0105 grzbietu pozostaj\u0105c\u0105 w poziomie<\/p>\n\n\n\n<p><strong><span class=\"has-inline-color has-vivid-cyan-blue-color\">OKRYWA W\u0141OSOWA<\/span><\/strong>:<br><strong><span class=\"has-inline-color has-vivid-red-color\">W\u0142os<\/span><\/strong>: Rasa ta zosta\u0142a wyhodowana w celu aportowania z lodowatej wody, tym samym musi posiada\u0107 wodoodporn\u0105, dwuwarstwow\u0105 okryw\u0119 w\u0142osow\u0105:<br> <strong>w\u0142os okrywowy<\/strong> \u015bredniej d\u0142ugo\u015bci i twardo\u015bci, z g\u0119stym i bardziej mi\u0119kkim podszerstekiem. W\u0142os na grzbiecie<br>mo\u017ce by\u0107 lekko falisty, ale w ka\u017cdym innym miejscu jest prosty. Niekiedy zim\u0105 mog\u0105 tworzy\u0107 si\u0119 d\u0142ugie, lu\u017ane k\u0119dziory (pi\u00f3ra) na podgardlu. Mog\u0105 wyst\u0119powa\u0107 tak\u017ce na podgardlu, za uszami oraz na tylnej stronie ud, przednie \u0142apy s\u0105 umiarkowanie ow\u0142osione.<br><strong>Umaszczenie<\/strong>: R\u00f3\u017cne odcienie czerwonego lub pomara\u0144czowego z ja\u015bniejszym pi\u00f3rem na spodniej stronie ogona. Zwykle wyst\u0119puje przynajmniej jedno z bia\u0142ych znacze\u0144: na koniuszku ogona, na \u0142apach (nie mo\u017ce jednak si\u0119ga\u0107 powy\u017cej nadgarstka lub stawu skokowego), na przedpiersiu oraz jako strza\u0142ka na g\u0142owie. Psy wysokiej klasy nie powinny mie\u0107 obni\u017canej oceny za brak bia\u0142ych znacze\u0144. Pigment nosa, warg oraz powiek powinien by\u0107 koloru cielistego, zlewa\u0107 si\u0119 z umaszczeniem lub by\u0107 czarny.<br><br><strong><span class=\"has-inline-color has-vivid-red-color\">WZROST I WAGA:<\/span><\/strong><br>Idealna wysoko\u015b\u0107 w k\u0142\u0119bie: psa powy\u017cej 18 miesi\u0119cy wynosi 19-20 cali (48-51 cm);<br>suki powy\u017cej 18 miesi\u0119cy wynosi 18-19 cali (45-48 cm);<br>Jeden cal (2,5 cm) powy\u017cej lub poni\u017cej idealnej wysoko\u015bci stanowi dopuszczalne odchylenie.<br>Waga: powinna by\u0107 proporcjonalna do wielko\u015bci i ko\u015b\u0107ca psa &#8211; 45-51 funt\u00f3w (20-23 kg) dla psa; 37-43 funty (17-20 kg) dla suki.<br><br><strong><span class=\"has-inline-color has-vivid-red-color\">WADY:<\/span><\/strong><br>Wszelkie odst\u0119pstwa od powy\u017cszego wzorca powinny by\u0107 traktowane jako wady, obni\u017caj\u0105ce ocen\u0119 w zale\u017cno\u015bci od stopnia ich nasilenia.<\/p>\n\n\n\n<ul><li>kufa wkl\u0119s\u0142a lub \u015bci\u0119ta,<\/li><li>zbyt wyra\u017any stop,<\/li><li>jasnor\u00f3\u017cowy nos,<\/li><li>nos i powieki w kolorze innym ni\u017c opisane powy\u017cej,<\/li><li>zgryz przemienny,<\/li><li>du\u017ce, okr\u0105g\u0142e oczy,<\/li><li>mi\u0119kki, lu\u017any grzbiet.<\/li><li>lu\u017ane l\u0119d\u017awie,<\/li><li>ogon w akcji noszony poni\u017cej linii grzbiet; zbyt kr\u00f3tki, zakr\u0119cony lub zawini\u0119ty dotykaj\u0105cy grzbietu,<\/li><li>pochylone \u015br\u00f3dstopia,<\/li><li>ma\u0142o zwarte \u0142apy,<\/li><li>s\u0142aba (rzadka) sier\u015b\u0107 (nie wystarczaj\u0105co g\u0119sta),<\/li><li>brak masy u doros\u0142ego psa,<\/li><li>wysoko\u015b\u0107 w k\u0142\u0119bie powy\u017cej lub poni\u017cej jednego cala (2,5 cm).|<br><br><strong><span class=\"has-inline-color has-vivid-red-color\">WADY ELIMINUJ\u0104CE<\/span><\/strong>:<\/li><li>\u201emotylkowy\u201d nos,<\/li><li>ty\u0142ozgryz wi\u0119cej ni\u017c 1\/8 cala (3 mm),<\/li><li>przodozgryz, skrzywiona kufa,<\/li><li>brak b\u0142on p\u0142awnych,<\/li><li>bia\u0142e \u0142aty na ramionach, wok\u00f3\u0142 uszu, na karku, wzd\u0142u\u017c grzbietu lub na bokach,<\/li><li>srebrzysta okrywa w\u0142osowa, szare w\u0142osy w sier\u015bci, czarne plamy,<\/li><li>jakikolwiek inny kolor ni\u017c odcienie czerwonego lub pomara\u0144czowego,<\/li><li>l\u0119kliwo\u015b\u0107 u ps\u00f3w doros\u0142ych.<br><br><strong><span class=\"has-inline-color has-vivid-red-color\">UWAGA:<\/span><\/strong><br>Samce musz\u0105 mie\u0107 dwa, prawid\u0142owo wykszta\u0142cone j\u0105dra, ca\u0142kowicie<br>umieszczone w worku mosznowym.<\/li><\/ul>\n","protected":false},"excerpt":{"rendered":"<p>Wzorzec FCI nr 312\/05.02.1999\/GB WZORCE RAS &#8211; grupa VIII Pochodzenie &#8211; Kanada DATA PUBLIKACJI OBOWI\u0104ZUJ\u0104CEGO WZORCA: 24.06.1987 U\u017bYTKOWO\u015a\u0106 &#8211; Pies biega, skacze, bawi si\u0119 wzd\u0142u\u017c linii brzegowej obserwuj\u0105c stado kaczek, od czasu do czasu znika z pola widzenia, po czymszybko [&hellip;]<\/p>\n","protected":false},"author":1,"featured_media":0,"parent":1821,"menu_order":0,"comment_status":"closed","ping_status":"closed","template":"","meta":[],"_links":{"self":[{"href":"https:\/\/shaggyfluff.pl\/index.php\/wp-json\/wp\/v2\/pages\/2490"}],"collection":[{"href":"https:\/\/shaggyfluff.pl\/index.php\/wp-json\/wp\/v2\/pages"}],"about":[{"href":"https:\/\/shaggyfluff.pl\/index.php\/wp-json\/wp\/v2\/types\/page"}],"author":[{"embeddable":true,"href":"https:\/\/shaggyfluff.pl\/index.php\/wp-json\/wp\/v2\/users\/1"}],"replies":[{"embeddable":true,"href":"https:\/\/shaggyfluff.pl\/index.php\/wp-json\/wp\/v2\/comments?post=2490"}],"version-history":[{"count":8,"href":"https:\/\/shaggyfluff.pl\/index.php\/wp-json\/wp\/v2\/pages\/2490\/revisions"}],"predecessor-version":[{"id":2513,"href":"https:\/\/shaggyfluff.pl\/index.php\/wp-json\/wp\/v2\/pages\/2490\/revisions\/2513"}],"up":[{"embeddable":true,"href":"https:\/\/shaggyfluff.pl\/index.php\/wp-json\/wp\/v2\/pages\/1821"}],"wp:attachment":[{"href":"https:\/\/shaggyfluff.pl\/index.php\/wp-json\/wp\/v2\/media?parent=2490"}],"curies":[{"name":"wp","href":"https:\/\/api.w.org\/{rel}","templated":true}]}}