{"id":1934,"date":"2022-10-05T20:15:46","date_gmt":"2022-10-05T18:15:46","guid":{"rendered":"https:\/\/shaggyfluff.pl\/?page_id=1934"},"modified":"2022-10-05T20:16:06","modified_gmt":"2022-10-05T18:16:06","slug":"miot-a-2","status":"publish","type":"page","link":"https:\/\/shaggyfluff.pl\/index.php\/mioty\/miot-a-2\/","title":{"rendered":"Miot A"},"content":{"rendered":"\n<p>Mi\u0142o nam poinformowa\u0107, \u017ce na pocz\u0105tku listopada spodziewamy si\u0119 szczeni\u0105t.<\/p>\n\n\n\n<p>Mam\u0105 zostanie nasza urocza  Sonny Smile;<\/p>\n\n\n\n<ul><li>M\u0142odzie\u017cowy Champion Polski,<\/li><li>Champion Polski,\u00a0<\/li><li>Grand Champion Polski,<\/li><\/ul>\n\n\n\n<p>a ojcem nasz Hogan Patland, <\/p>\n\n\n\n<ul><li>M\u0142odzie\u017cowy Champion Polski,<\/li><li>Champion Polski,\u00a0<\/li><li>Grand Champion Polski,<\/li><\/ul>\n\n\n\n<p>Osoby zainteresowane zapraszam do kontaktu.<\/p>\n","protected":false},"excerpt":{"rendered":"<p>Mi\u0142o nam poinformowa\u0107, \u017ce na pocz\u0105tku listopada spodziewamy si\u0119 szczeni\u0105t. Mam\u0105 zostanie nasza urocza Sonny Smile; M\u0142odzie\u017cowy Champion Polski, Champion Polski,\u00a0 Grand Champion Polski, a ojcem nasz Hogan Patland, M\u0142odzie\u017cowy Champion Polski, Champion Polski,\u00a0 Grand Champion Polski, Osoby zainteresowane zapraszam [&hellip;]<\/p>\n","protected":false},"author":1,"featured_media":0,"parent":36,"menu_order":0,"comment_status":"closed","ping_status":"closed","template":"","meta":[],"_links":{"self":[{"href":"https:\/\/shaggyfluff.pl\/index.php\/wp-json\/wp\/v2\/pages\/1934"}],"collection":[{"href":"https:\/\/shaggyfluff.pl\/index.php\/wp-json\/wp\/v2\/pages"}],"about":[{"href":"https:\/\/shaggyfluff.pl\/index.php\/wp-json\/wp\/v2\/types\/page"}],"author":[{"embeddable":true,"href":"https:\/\/shaggyfluff.pl\/index.php\/wp-json\/wp\/v2\/users\/1"}],"replies":[{"embeddable":true,"href":"https:\/\/shaggyfluff.pl\/index.php\/wp-json\/wp\/v2\/comments?post=1934"}],"version-history":[{"count":1,"href":"https:\/\/shaggyfluff.pl\/index.php\/wp-json\/wp\/v2\/pages\/1934\/revisions"}],"predecessor-version":[{"id":1935,"href":"https:\/\/shaggyfluff.pl\/index.php\/wp-json\/wp\/v2\/pages\/1934\/revisions\/1935"}],"up":[{"embeddable":true,"href":"https:\/\/shaggyfluff.pl\/index.php\/wp-json\/wp\/v2\/pages\/36"}],"wp:attachment":[{"href":"https:\/\/shaggyfluff.pl\/index.php\/wp-json\/wp\/v2\/media?parent=1934"}],"curies":[{"name":"wp","href":"https:\/\/api.w.org\/{rel}","templated":true}]}}