{"id":1848,"date":"2022-08-14T20:56:00","date_gmt":"2022-08-14T18:56:00","guid":{"rendered":"https:\/\/shaggyfluff.pl\/?page_id=1848"},"modified":"2025-01-25T21:21:12","modified_gmt":"2025-01-25T20:21:12","slug":"miot-a","status":"publish","type":"page","link":"https:\/\/shaggyfluff.pl\/index.php\/mioty\/miot-a\/","title":{"rendered":"Miot A"},"content":{"rendered":"\n<p>No i rozjecha\u0142y si\u0119 nasze dzieci do swoich dom\u00f3w. Niekt\u00f3re s\u0105 blisko, niekt\u00f3re daleko. Jednak za wszystkimi tak samo t\u0119sknimy. Powodzenia Wam \u017cycz\u0119 i wspania\u0142ych domk\u00f3w<\/p>\n\n\n\n<p><span class=\"has-inline-color has-vivid-red-color\"> <strong><em>Artemida jedzie do Szczecina, do Roksany i Marcina<br>Atena zamieszka niedaleko, z Mirk\u0105 i Mirkiem w Mogilnie, wi\u0119c b\u0119dziemy j\u0105 cz\u0119sto widywa\u0107 \ud83d\ude42<br>Asteria pojedzie do Milo\u0142ajek, do Moniki i Marcina<br>Aglaja i Ares wyruszy\u0142y w drog\u0119 do Arkelstorp w Szwecji Do Marzeny i Rogera<br>Afrodyta wyruszy\u0142a w drog\u0119 do Budapesztu, na W\u0119gry do Vivien<\/em> <\/strong><\/span><\/p>\n\n\n\n<p><\/p>\n\n\n\n<p>Maluszki dorastaj\u0105 zbyt szybko&#8230;.<br>Zaczynaj\u0105 opuszcza\u0107 rodzinny dom. Nasza ostatnia wsp\u00f3lna fotka<\/p>\n\n\n\n<figure class=\"wp-block-gallery columns-3 is-cropped\"><ul class=\"blocks-gallery-grid\"><li class=\"blocks-gallery-item\"><figure><img loading=\"lazy\" width=\"1024\" height=\"787\" src=\"https:\/\/shaggyfluff.pl\/wp-content\/uploads\/2023\/01\/324299743_1155180185183026_7543717516287039274_n-1024x787.jpg\" alt=\"\" data-id=\"2168\" data-full-url=\"https:\/\/shaggyfluff.pl\/wp-content\/uploads\/2023\/01\/324299743_1155180185183026_7543717516287039274_n.jpg\" data-link=\"https:\/\/shaggyfluff.pl\/index.php\/miot-a\/324299743_1155180185183026_7543717516287039274_n\/\" class=\"wp-image-2168\" srcset=\"https:\/\/shaggyfluff.pl\/wp-content\/uploads\/2023\/01\/324299743_1155180185183026_7543717516287039274_n-1024x787.jpg 1024w, https:\/\/shaggyfluff.pl\/wp-content\/uploads\/2023\/01\/324299743_1155180185183026_7543717516287039274_n-300x230.jpg 300w, https:\/\/shaggyfluff.pl\/wp-content\/uploads\/2023\/01\/324299743_1155180185183026_7543717516287039274_n-768x590.jpg 768w, https:\/\/shaggyfluff.pl\/wp-content\/uploads\/2023\/01\/324299743_1155180185183026_7543717516287039274_n-700x538.jpg 700w, https:\/\/shaggyfluff.pl\/wp-content\/uploads\/2023\/01\/324299743_1155180185183026_7543717516287039274_n-520x400.jpg 520w, https:\/\/shaggyfluff.pl\/wp-content\/uploads\/2023\/01\/324299743_1155180185183026_7543717516287039274_n-360x277.jpg 360w, https:\/\/shaggyfluff.pl\/wp-content\/uploads\/2023\/01\/324299743_1155180185183026_7543717516287039274_n-250x192.jpg 250w, https:\/\/shaggyfluff.pl\/wp-content\/uploads\/2023\/01\/324299743_1155180185183026_7543717516287039274_n-100x77.jpg 100w, https:\/\/shaggyfluff.pl\/wp-content\/uploads\/2023\/01\/324299743_1155180185183026_7543717516287039274_n.jpg 1299w\" sizes=\"(max-width: 1024px) 100vw, 1024px\" \/><\/figure><\/li><li class=\"blocks-gallery-item\"><figure><img loading=\"lazy\" width=\"960\" height=\"777\" src=\"https:\/\/shaggyfluff.pl\/wp-content\/uploads\/2023\/01\/323631217_546095894237682_924781531921478175_n.jpg\" alt=\"\" data-id=\"2169\" data-full-url=\"https:\/\/shaggyfluff.pl\/wp-content\/uploads\/2023\/01\/323631217_546095894237682_924781531921478175_n.jpg\" data-link=\"https:\/\/shaggyfluff.pl\/index.php\/miot-a\/323631217_546095894237682_924781531921478175_n\/\" class=\"wp-image-2169\" srcset=\"https:\/\/shaggyfluff.pl\/wp-content\/uploads\/2023\/01\/323631217_546095894237682_924781531921478175_n.jpg 960w, https:\/\/shaggyfluff.pl\/wp-content\/uploads\/2023\/01\/323631217_546095894237682_924781531921478175_n-300x243.jpg 300w, https:\/\/shaggyfluff.pl\/wp-content\/uploads\/2023\/01\/323631217_546095894237682_924781531921478175_n-768x622.jpg 768w, https:\/\/shaggyfluff.pl\/wp-content\/uploads\/2023\/01\/323631217_546095894237682_924781531921478175_n-700x567.jpg 700w, https:\/\/shaggyfluff.pl\/wp-content\/uploads\/2023\/01\/323631217_546095894237682_924781531921478175_n-520x421.jpg 520w, https:\/\/shaggyfluff.pl\/wp-content\/uploads\/2023\/01\/323631217_546095894237682_924781531921478175_n-360x291.jpg 360w, https:\/\/shaggyfluff.pl\/wp-content\/uploads\/2023\/01\/323631217_546095894237682_924781531921478175_n-250x202.jpg 250w, https:\/\/shaggyfluff.pl\/wp-content\/uploads\/2023\/01\/323631217_546095894237682_924781531921478175_n-100x81.jpg 100w\" sizes=\"(max-width: 960px) 100vw, 960px\" \/><\/figure><\/li><li class=\"blocks-gallery-item\"><figure><img loading=\"lazy\" width=\"960\" height=\"747\" src=\"https:\/\/shaggyfluff.pl\/wp-content\/uploads\/2023\/01\/321547857_1349446485790203_3704214650426089758_n.jpg\" alt=\"\" data-id=\"2170\" data-full-url=\"https:\/\/shaggyfluff.pl\/wp-content\/uploads\/2023\/01\/321547857_1349446485790203_3704214650426089758_n.jpg\" data-link=\"https:\/\/shaggyfluff.pl\/index.php\/miot-a\/321547857_1349446485790203_3704214650426089758_n\/\" class=\"wp-image-2170\" srcset=\"https:\/\/shaggyfluff.pl\/wp-content\/uploads\/2023\/01\/321547857_1349446485790203_3704214650426089758_n.jpg 960w, https:\/\/shaggyfluff.pl\/wp-content\/uploads\/2023\/01\/321547857_1349446485790203_3704214650426089758_n-300x233.jpg 300w, https:\/\/shaggyfluff.pl\/wp-content\/uploads\/2023\/01\/321547857_1349446485790203_3704214650426089758_n-768x598.jpg 768w, https:\/\/shaggyfluff.pl\/wp-content\/uploads\/2023\/01\/321547857_1349446485790203_3704214650426089758_n-700x545.jpg 700w, https:\/\/shaggyfluff.pl\/wp-content\/uploads\/2023\/01\/321547857_1349446485790203_3704214650426089758_n-520x405.jpg 520w, https:\/\/shaggyfluff.pl\/wp-content\/uploads\/2023\/01\/321547857_1349446485790203_3704214650426089758_n-360x280.jpg 360w, https:\/\/shaggyfluff.pl\/wp-content\/uploads\/2023\/01\/321547857_1349446485790203_3704214650426089758_n-250x195.jpg 250w, https:\/\/shaggyfluff.pl\/wp-content\/uploads\/2023\/01\/321547857_1349446485790203_3704214650426089758_n-100x78.jpg 100w\" sizes=\"(max-width: 960px) 100vw, 960px\" \/><\/figure><\/li><\/ul><\/figure>\n\n\n\n<p>Nasze maluszki podczas przegl\u0105du dosta\u0142y bardzo \u0142adn\u0105 ocen\u0119. Jestem dumna z maluszk\u00f3w, a zw\u0142aszcza z rodzic\u00f3w,  kt\u00f3rzy dali tak wspania\u0142e potomstwo <\/p>\n\n\n\n<figure class=\"wp-block-gallery columns-1 is-cropped\"><ul class=\"blocks-gallery-grid\"><li class=\"blocks-gallery-item\"><figure><img loading=\"lazy\" width=\"724\" height=\"1024\" src=\"https:\/\/shaggyfluff.pl\/wp-content\/uploads\/2023\/01\/miot-A-przeglad-724x1024.jpg\" alt=\"\" data-id=\"2164\" data-full-url=\"https:\/\/shaggyfluff.pl\/wp-content\/uploads\/2023\/01\/miot-A-przeglad.jpg\" data-link=\"https:\/\/shaggyfluff.pl\/index.php\/miot-a\/miot-a-przeglad\/\" class=\"wp-image-2164\" srcset=\"https:\/\/shaggyfluff.pl\/wp-content\/uploads\/2023\/01\/miot-A-przeglad-724x1024.jpg 724w, https:\/\/shaggyfluff.pl\/wp-content\/uploads\/2023\/01\/miot-A-przeglad-212x300.jpg 212w, https:\/\/shaggyfluff.pl\/wp-content\/uploads\/2023\/01\/miot-A-przeglad-768x1086.jpg 768w, https:\/\/shaggyfluff.pl\/wp-content\/uploads\/2023\/01\/miot-A-przeglad-1087x1536.jpg 1087w, https:\/\/shaggyfluff.pl\/wp-content\/uploads\/2023\/01\/miot-A-przeglad-1449x2048.jpg 1449w, https:\/\/shaggyfluff.pl\/wp-content\/uploads\/2023\/01\/miot-A-przeglad-700x989.jpg 700w, https:\/\/shaggyfluff.pl\/wp-content\/uploads\/2023\/01\/miot-A-przeglad-520x735.jpg 520w, https:\/\/shaggyfluff.pl\/wp-content\/uploads\/2023\/01\/miot-A-przeglad-360x509.jpg 360w, https:\/\/shaggyfluff.pl\/wp-content\/uploads\/2023\/01\/miot-A-przeglad-250x353.jpg 250w, https:\/\/shaggyfluff.pl\/wp-content\/uploads\/2023\/01\/miot-A-przeglad-100x141.jpg 100w, https:\/\/shaggyfluff.pl\/wp-content\/uploads\/2023\/01\/miot-A-przeglad.jpg 1654w\" sizes=\"(max-width: 724px) 100vw, 724px\" \/><\/figure><\/li><\/ul><\/figure>\n\n\n\n<p><\/p>\n\n\n\n<p>Dzi\u015b, 5 listopada nasza Sonya i Hogan zostali rodzicami 6-ciu cudnych maluszk\u00f3w. <\/p>\n\n\n\n<ul><li><span class=\"has-inline-color has-vivid-red-color\"><strong>Ares<\/strong>,<\/span><\/li><li><span class=\"has-inline-color has-vivid-red-color\"><strong>Afrodyta<\/strong>,<\/span><\/li><li><span class=\"has-inline-color has-vivid-red-color\"><strong>Asteria<\/strong>,<\/span><\/li><li><span class=\"has-inline-color has-vivid-red-color\"><strong>Artemida<\/strong>,<\/span><\/li><li><span class=\"has-inline-color has-vivid-red-color\"><strong>Atena<\/strong>,<\/span><\/li><li><span class=\"has-inline-color has-vivid-red-color\"><strong>Aglaja<\/strong>.<\/span><\/li><\/ul>\n\n\n\n<p>Mama jak i dzieci czuj\u0105 si\u0119 dobrze. Du\u017co mleczka nasza dzielna wojowniczko \ud83d\ude42<\/p>\n\n\n\n<figure class=\"wp-block-gallery columns-1 is-cropped\"><ul class=\"blocks-gallery-grid\"><li class=\"blocks-gallery-item\"><figure><img loading=\"lazy\" width=\"1024\" height=\"683\" src=\"https:\/\/shaggyfluff.pl\/wp-content\/uploads\/2022\/11\/DSC_0339-1024x683.jpg\" alt=\"\" data-id=\"1987\" data-full-url=\"https:\/\/shaggyfluff.pl\/wp-content\/uploads\/2022\/11\/DSC_0339-scaled.jpg\" data-link=\"https:\/\/shaggyfluff.pl\/index.php\/2022\/11\/05\/sonisia-zostala-mama\/dsc_0339\/\" class=\"wp-image-1987\" srcset=\"https:\/\/shaggyfluff.pl\/wp-content\/uploads\/2022\/11\/DSC_0339-1024x683.jpg 1024w, https:\/\/shaggyfluff.pl\/wp-content\/uploads\/2022\/11\/DSC_0339-300x200.jpg 300w, https:\/\/shaggyfluff.pl\/wp-content\/uploads\/2022\/11\/DSC_0339-768x512.jpg 768w, https:\/\/shaggyfluff.pl\/wp-content\/uploads\/2022\/11\/DSC_0339-1536x1024.jpg 1536w, https:\/\/shaggyfluff.pl\/wp-content\/uploads\/2022\/11\/DSC_0339-2048x1365.jpg 2048w, https:\/\/shaggyfluff.pl\/wp-content\/uploads\/2022\/11\/DSC_0339-700x467.jpg 700w, https:\/\/shaggyfluff.pl\/wp-content\/uploads\/2022\/11\/DSC_0339-520x347.jpg 520w, https:\/\/shaggyfluff.pl\/wp-content\/uploads\/2022\/11\/DSC_0339-360x240.jpg 360w, https:\/\/shaggyfluff.pl\/wp-content\/uploads\/2022\/11\/DSC_0339-250x167.jpg 250w, https:\/\/shaggyfluff.pl\/wp-content\/uploads\/2022\/11\/DSC_0339-100x67.jpg 100w\" sizes=\"(max-width: 1024px) 100vw, 1024px\" \/><\/figure><\/li><\/ul><\/figure>\n\n\n\n<p>Mi\u0142o nam poinformowa\u0107, \u017ce na pocz\u0105tku listopada spodziewamy si\u0119 szczeni\u0105t.<\/p>\n\n\n\n<p>Mam\u0105 zostanie nasza urocza Sonny Smile;<\/p>\n\n\n\n<ul><li>M\u0142odzie\u017cowy Champion Polski,<\/li><li>Champion Polski,&nbsp;<\/li><li>Grand Champion Polski,<\/li><\/ul>\n\n\n\n<p>a ojcem nasz Hogan Patland.<\/p>\n\n\n\n<ul><li>M\u0142odzie\u017cowy Champion Polski,<\/li><li>Champion Polski,&nbsp;<\/li><li>Grand Champion Polski,<\/li><\/ul>\n\n\n\n<p>Osoby zainteresowane zapraszam do kontaktu.<\/p>\n\n\n\n<figure class=\"wp-block-gallery columns-1 is-cropped\"><ul class=\"blocks-gallery-grid\"><li class=\"blocks-gallery-item\"><figure><img loading=\"lazy\" width=\"1024\" height=\"869\" src=\"https:\/\/shaggyfluff.pl\/wp-content\/uploads\/2022\/10\/306491535_1426284641232455_875543452330099608_n-1024x869.jpg\" alt=\"\" data-id=\"1983\" data-full-url=\"https:\/\/shaggyfluff.pl\/wp-content\/uploads\/2022\/10\/306491535_1426284641232455_875543452330099608_n.jpg\" data-link=\"https:\/\/shaggyfluff.pl\/index.php\/miot-a\/306491535_1426284641232455_875543452330099608_n\/\" class=\"wp-image-1983\" srcset=\"https:\/\/shaggyfluff.pl\/wp-content\/uploads\/2022\/10\/306491535_1426284641232455_875543452330099608_n-1024x869.jpg 1024w, https:\/\/shaggyfluff.pl\/wp-content\/uploads\/2022\/10\/306491535_1426284641232455_875543452330099608_n-300x255.jpg 300w, https:\/\/shaggyfluff.pl\/wp-content\/uploads\/2022\/10\/306491535_1426284641232455_875543452330099608_n-768x652.jpg 768w, https:\/\/shaggyfluff.pl\/wp-content\/uploads\/2022\/10\/306491535_1426284641232455_875543452330099608_n-700x594.jpg 700w, https:\/\/shaggyfluff.pl\/wp-content\/uploads\/2022\/10\/306491535_1426284641232455_875543452330099608_n-520x441.jpg 520w, https:\/\/shaggyfluff.pl\/wp-content\/uploads\/2022\/10\/306491535_1426284641232455_875543452330099608_n-360x306.jpg 360w, https:\/\/shaggyfluff.pl\/wp-content\/uploads\/2022\/10\/306491535_1426284641232455_875543452330099608_n-250x212.jpg 250w, https:\/\/shaggyfluff.pl\/wp-content\/uploads\/2022\/10\/306491535_1426284641232455_875543452330099608_n-100x85.jpg 100w, https:\/\/shaggyfluff.pl\/wp-content\/uploads\/2022\/10\/306491535_1426284641232455_875543452330099608_n.jpg 1284w\" sizes=\"(max-width: 1024px) 100vw, 1024px\" \/><\/figure><\/li><\/ul><\/figure>\n","protected":false},"excerpt":{"rendered":"<p>No i rozjecha\u0142y si\u0119 nasze dzieci do swoich dom\u00f3w. Niekt\u00f3re s\u0105 blisko, niekt\u00f3re daleko. Jednak za wszystkimi tak samo t\u0119sknimy. Powodzenia Wam \u017cycz\u0119 i wspania\u0142ych domk\u00f3w Artemida jedzie do Szczecina, do Roksany i MarcinaAtena zamieszka niedaleko, z Mirk\u0105 i Mirkiem [&hellip;]<\/p>\n","protected":false},"author":1,"featured_media":0,"parent":36,"menu_order":0,"comment_status":"closed","ping_status":"closed","template":"","meta":[],"_links":{"self":[{"href":"https:\/\/shaggyfluff.pl\/index.php\/wp-json\/wp\/v2\/pages\/1848"}],"collection":[{"href":"https:\/\/shaggyfluff.pl\/index.php\/wp-json\/wp\/v2\/pages"}],"about":[{"href":"https:\/\/shaggyfluff.pl\/index.php\/wp-json\/wp\/v2\/types\/page"}],"author":[{"embeddable":true,"href":"https:\/\/shaggyfluff.pl\/index.php\/wp-json\/wp\/v2\/users\/1"}],"replies":[{"embeddable":true,"href":"https:\/\/shaggyfluff.pl\/index.php\/wp-json\/wp\/v2\/comments?post=1848"}],"version-history":[{"count":12,"href":"https:\/\/shaggyfluff.pl\/index.php\/wp-json\/wp\/v2\/pages\/1848\/revisions"}],"predecessor-version":[{"id":2254,"href":"https:\/\/shaggyfluff.pl\/index.php\/wp-json\/wp\/v2\/pages\/1848\/revisions\/2254"}],"up":[{"embeddable":true,"href":"https:\/\/shaggyfluff.pl\/index.php\/wp-json\/wp\/v2\/pages\/36"}],"wp:attachment":[{"href":"https:\/\/shaggyfluff.pl\/index.php\/wp-json\/wp\/v2\/media?parent=1848"}],"curies":[{"name":"wp","href":"https:\/\/api.w.org\/{rel}","templated":true}]}}