{"id":1793,"date":"2022-07-12T21:37:19","date_gmt":"2022-07-12T19:37:19","guid":{"rendered":"https:\/\/shaggyfluff.pl\/?page_id=1793"},"modified":"2023-11-25T22:59:05","modified_gmt":"2023-11-25T21:59:05","slug":"szpic-duzy-bialy","status":"publish","type":"page","link":"https:\/\/shaggyfluff.pl\/index.php\/nasze-psy\/szpic-duzy-bialy\/","title":{"rendered":"Szpic Du\u017cy Bia\u0142y"},"content":{"rendered":"\n<p>Szpic du\u017cy to jeden z czterech szpic\u00f3w, kt\u00f3re r\u00f3\u017cni\u0105 si\u0119 g\u0142\u00f3wnie wielko\u015bci\u0105. Wszystkie s\u0105 bardzo efektownymi, bogato ow\u0142osionymi psami o spiczastych uszach i bujnym, zawini\u0119tym na grzbiet ogonie. Inteligentne, czujne, nieufne wobec obcych.<br>Szpic du\u017cy to\u00a0pies inteligentny, o\u00a0\u017cywym usposobieniu. Du\u017ce szpice, w\u00a0odr\u00f3\u017cnieniu od\u00a0swoich mniejszych krewniak\u00f3w, s\u0105\u00a0spokojne, opanowane i\u00a0nieha\u0142a\u015bliwe. Odznaczaj\u0105 si\u0119 zr\u00f3wnowa\u017conym charakterem i\u00a0pewno\u015bci\u0105 siebie. Ich odwaga sprawia, \u017ce\u00a0niekiedy bywaj\u0105 wr\u0119cz lekkomy\u015blne. Nie powinny jednak okazywa\u0107 nerwowo\u015bci i\u00a0niepotrzebnej agresji. Szpice du\u017ce maj\u0105 silny instynkt str\u00f3\u017cowania, a\u00a0ich niew\u0105tpliw\u0105 zalet\u0105 jest brak sk\u0142onno\u015bci do\u00a0w\u0142\u00f3cz\u0119gostwa.<br>W otoczeniu domownik\u00f3w szpice du\u017ce s\u0105\u00a0weso\u0142e, zabawne, niekiedy przebieg\u0142e, bardzo uczuciowe i\u00a0\u0142atwe we\u00a0wsp\u00f3\u0142\u017cyciu. Lubi\u0105 si\u0119 przypodoba\u0107 cz\u0142owiekowi, ale ceni\u0105 sobie r\u00f3wnie\u017c niezale\u017cno\u015b\u0107 i\u00a0wiedz\u0105, jak j\u0105\u00a0uzyska\u0107. Bardzo lubi\u0105 towarzystwo dzieci i\u00a0ch\u0119tnie si\u0119 z\u00a0nimi bawi\u0105. S\u0105\u00a0zwierz\u0119tami stadnymi i\u00a0najlepiej czuj\u0105 si\u0119 wtedy, gdy ca\u0142a rodzina jest w\u00a0komplecie. Wobec obcych ps\u00f3w nie s\u0105\u00a0zaczepne, ale nie dadz\u0105 sobie dmucha\u0107 w\u00a0kasz\u0119 \u2013 sprowokowany szpic du\u017cy b\u0119dzie si\u0119 broni\u0107.<\/p>\n","protected":false},"excerpt":{"rendered":"<p>Szpic du\u017cy to jeden z czterech szpic\u00f3w, kt\u00f3re r\u00f3\u017cni\u0105 si\u0119 g\u0142\u00f3wnie wielko\u015bci\u0105. Wszystkie s\u0105 bardzo efektownymi, bogato ow\u0142osionymi psami o spiczastych uszach i bujnym, zawini\u0119tym na grzbiet ogonie. Inteligentne, czujne, nieufne wobec obcych.Szpic du\u017cy to\u00a0pies inteligentny, o\u00a0\u017cywym usposobieniu. Du\u017ce szpice, [&hellip;]<\/p>\n","protected":false},"author":1,"featured_media":0,"parent":40,"menu_order":0,"comment_status":"closed","ping_status":"closed","template":"","meta":[],"_links":{"self":[{"href":"https:\/\/shaggyfluff.pl\/index.php\/wp-json\/wp\/v2\/pages\/1793"}],"collection":[{"href":"https:\/\/shaggyfluff.pl\/index.php\/wp-json\/wp\/v2\/pages"}],"about":[{"href":"https:\/\/shaggyfluff.pl\/index.php\/wp-json\/wp\/v2\/types\/page"}],"author":[{"embeddable":true,"href":"https:\/\/shaggyfluff.pl\/index.php\/wp-json\/wp\/v2\/users\/1"}],"replies":[{"embeddable":true,"href":"https:\/\/shaggyfluff.pl\/index.php\/wp-json\/wp\/v2\/comments?post=1793"}],"version-history":[{"count":2,"href":"https:\/\/shaggyfluff.pl\/index.php\/wp-json\/wp\/v2\/pages\/1793\/revisions"}],"predecessor-version":[{"id":2481,"href":"https:\/\/shaggyfluff.pl\/index.php\/wp-json\/wp\/v2\/pages\/1793\/revisions\/2481"}],"up":[{"embeddable":true,"href":"https:\/\/shaggyfluff.pl\/index.php\/wp-json\/wp\/v2\/pages\/40"}],"wp:attachment":[{"href":"https:\/\/shaggyfluff.pl\/index.php\/wp-json\/wp\/v2\/media?parent=1793"}],"curies":[{"name":"wp","href":"https:\/\/api.w.org\/{rel}","templated":true}]}}