{"id":1790,"date":"2022-07-12T21:33:54","date_gmt":"2022-07-12T19:33:54","guid":{"rendered":"https:\/\/shaggyfluff.pl\/?page_id=1790"},"modified":"2023-11-25T22:54:31","modified_gmt":"2023-11-25T21:54:31","slug":"szpic-wilczy","status":"publish","type":"page","link":"https:\/\/shaggyfluff.pl\/index.php\/nasze-psy\/szpic-wilczy\/","title":{"rendered":"Szpic Wilczy"},"content":{"rendered":"\n<p>Wbrew nazwie szpic wilczy z wilka ma g\u0142\u00f3wnie umaszczenie &#8211; poza tym to bardzo cywilizowany pies. To przyjemny towarzysz zachowuj\u0105cy sporo dystansu do obcych ludzi.<br>Szpic wilczy ma\u00a0charakter typowego szpica &#8211;\u00a0jest odwa\u017cny, aktywny i\u00a0ekspresyjny. W\u00a0stosunku do\u00a0ca\u0142ej rodziny jest czu\u0142y i\u00a0\u0142atwo nawi\u0105zuje kontakt. Ch\u0119tnie bawi si\u0119 z\u00a0dzie\u0107mi, cho\u0107 niedelikatnie traktowany mo\u017ce dobitnie okaza\u0107 swoje niezadowolenie.<br>Wobec obcych zazwyczaj bywa nieufny, ale zdarzaj\u0105 si\u0119 osobniki przyjazne. Nie mo\u017cna zaniedbywa\u0107 oswajania go\u00a0w m\u0142odym wieku z\u00a0r\u00f3\u017cnymi zjawiskami, poniewa\u017c jest wra\u017cliwy na\u00a0bod\u017ace. Szpic wilczy to\u00a0dobry i\u00a0czujny str\u00f3\u017c, kt\u00f3ry zaalarmuje opiekuna o\u00a0ka\u017cdej podejrzanej sytuacji.<br>Z domowymi zwierz\u0119tami szpic wilczy dogaduje si\u0119 bardzo dobrze. Spotkania z\u00a0obcymi czworonogami na\u00a0spacerach zazwyczaj przebiegaj\u0105 bezproblemowo, cho\u0107 samce mog\u0105 si\u0119 wdawa\u0107 w\u00a0utarczki.<br>Pies tej rasy wymaga \u015bredniej ilo\u015bci ruchu i\u00a0zaj\u0119cia. Przystosuje si\u0119 do\u00a0r\u00f3\u017cnych styl\u00f3w \u017cycia. Nie powinien jedynie mieszka\u0107 w\u00a0kojcu &#8211;\u00a0odizolowany od\u00a0opiekuna stanie si\u0119 sfrustrowany i\u00a0problematyczny.<\/p>\n","protected":false},"excerpt":{"rendered":"<p>Wbrew nazwie szpic wilczy z wilka ma g\u0142\u00f3wnie umaszczenie &#8211; poza tym to bardzo cywilizowany pies. To przyjemny towarzysz zachowuj\u0105cy sporo dystansu do obcych ludzi.Szpic wilczy ma\u00a0charakter typowego szpica &#8211;\u00a0jest odwa\u017cny, aktywny i\u00a0ekspresyjny. W\u00a0stosunku do\u00a0ca\u0142ej rodziny jest czu\u0142y i\u00a0\u0142atwo nawi\u0105zuje [&hellip;]<\/p>\n","protected":false},"author":1,"featured_media":0,"parent":40,"menu_order":0,"comment_status":"closed","ping_status":"closed","template":"","meta":[],"_links":{"self":[{"href":"https:\/\/shaggyfluff.pl\/index.php\/wp-json\/wp\/v2\/pages\/1790"}],"collection":[{"href":"https:\/\/shaggyfluff.pl\/index.php\/wp-json\/wp\/v2\/pages"}],"about":[{"href":"https:\/\/shaggyfluff.pl\/index.php\/wp-json\/wp\/v2\/types\/page"}],"author":[{"embeddable":true,"href":"https:\/\/shaggyfluff.pl\/index.php\/wp-json\/wp\/v2\/users\/1"}],"replies":[{"embeddable":true,"href":"https:\/\/shaggyfluff.pl\/index.php\/wp-json\/wp\/v2\/comments?post=1790"}],"version-history":[{"count":2,"href":"https:\/\/shaggyfluff.pl\/index.php\/wp-json\/wp\/v2\/pages\/1790\/revisions"}],"predecessor-version":[{"id":2479,"href":"https:\/\/shaggyfluff.pl\/index.php\/wp-json\/wp\/v2\/pages\/1790\/revisions\/2479"}],"up":[{"embeddable":true,"href":"https:\/\/shaggyfluff.pl\/index.php\/wp-json\/wp\/v2\/pages\/40"}],"wp:attachment":[{"href":"https:\/\/shaggyfluff.pl\/index.php\/wp-json\/wp\/v2\/media?parent=1790"}],"curies":[{"name":"wp","href":"https:\/\/api.w.org\/{rel}","templated":true}]}}