{"id":1525,"date":"2022-01-27T21:07:31","date_gmt":"2022-01-27T20:07:31","guid":{"rendered":"https:\/\/shaggyfluff.pl\/?page_id=1525"},"modified":"2022-05-31T13:24:53","modified_gmt":"2022-05-31T11:24:53","slug":"tweety-hogan","status":"publish","type":"page","link":"https:\/\/shaggyfluff.pl\/index.php\/nasze-psy\/szpic-wilczy\/hogan-patland\/hogan-reproduktor-2\/tweety-hogan\/","title":{"rendered":"Tweety &#038; Hogan"},"content":{"rendered":"\n<p>Dnia 30 stycznia 2022 roku w zaprzyja\u017anionej hodowli Wataha z Pa\u0142uk nasz Hogu\u015b zosta\u0142 tat\u0105 czw\u00f3rki wspania\u0142ych maluszk\u00f3w (2 ch\u0142opc\u00f3w i 2 dziewczynek). Mam\u0105 zosta\u0142a Tweety Kees Collarium.\u00a0<\/p>\n\n\n\n<p>Gratulacje dla rodzic\u00f3w i du\u017co zdr\u00f3wka dla szczeni\u0105t.<\/p>\n\n\n\n<figure class=\"wp-block-image size-large\"><img loading=\"lazy\" width=\"1024\" height=\"869\" src=\"https:\/\/shaggyfluff.pl\/wp-content\/uploads\/2022\/05\/Miot_wiosna_2022-1024x869.jpg\" alt=\"\" class=\"wp-image-1747\" srcset=\"https:\/\/shaggyfluff.pl\/wp-content\/uploads\/2022\/05\/Miot_wiosna_2022-1024x869.jpg 1024w, https:\/\/shaggyfluff.pl\/wp-content\/uploads\/2022\/05\/Miot_wiosna_2022-300x255.jpg 300w, https:\/\/shaggyfluff.pl\/wp-content\/uploads\/2022\/05\/Miot_wiosna_2022-768x652.jpg 768w, https:\/\/shaggyfluff.pl\/wp-content\/uploads\/2022\/05\/Miot_wiosna_2022-1536x1303.jpg 1536w, https:\/\/shaggyfluff.pl\/wp-content\/uploads\/2022\/05\/Miot_wiosna_2022-2048x1738.jpg 2048w, https:\/\/shaggyfluff.pl\/wp-content\/uploads\/2022\/05\/Miot_wiosna_2022-700x594.jpg 700w, https:\/\/shaggyfluff.pl\/wp-content\/uploads\/2022\/05\/Miot_wiosna_2022-520x441.jpg 520w, https:\/\/shaggyfluff.pl\/wp-content\/uploads\/2022\/05\/Miot_wiosna_2022-360x305.jpg 360w, https:\/\/shaggyfluff.pl\/wp-content\/uploads\/2022\/05\/Miot_wiosna_2022-250x212.jpg 250w, https:\/\/shaggyfluff.pl\/wp-content\/uploads\/2022\/05\/Miot_wiosna_2022-100x85.jpg 100w\" sizes=\"(max-width: 1024px) 100vw, 1024px\" \/><\/figure>\n\n\n\n<figure class=\"wp-block-gallery columns-2 is-cropped\"><ul class=\"blocks-gallery-grid\"><li class=\"blocks-gallery-item\"><figure><img loading=\"lazy\" width=\"736\" height=\"1000\" src=\"https:\/\/shaggyfluff.pl\/wp-content\/uploads\/2022\/02\/maluszki-Tweety.jpg\" alt=\"\" data-id=\"1546\" data-full-url=\"https:\/\/shaggyfluff.pl\/wp-content\/uploads\/2022\/02\/maluszki-Tweety.jpg\" data-link=\"https:\/\/shaggyfluff.pl\/index.php\/nasze-psy\/hogan-patland\/hogan-reproduktor-2\/tweety-hogan\/maluszki-tweety\/\" class=\"wp-image-1546\" srcset=\"https:\/\/shaggyfluff.pl\/wp-content\/uploads\/2022\/02\/maluszki-Tweety.jpg 736w, https:\/\/shaggyfluff.pl\/wp-content\/uploads\/2022\/02\/maluszki-Tweety-221x300.jpg 221w, https:\/\/shaggyfluff.pl\/wp-content\/uploads\/2022\/02\/maluszki-Tweety-700x951.jpg 700w, https:\/\/shaggyfluff.pl\/wp-content\/uploads\/2022\/02\/maluszki-Tweety-520x707.jpg 520w, https:\/\/shaggyfluff.pl\/wp-content\/uploads\/2022\/02\/maluszki-Tweety-360x489.jpg 360w, https:\/\/shaggyfluff.pl\/wp-content\/uploads\/2022\/02\/maluszki-Tweety-250x340.jpg 250w, https:\/\/shaggyfluff.pl\/wp-content\/uploads\/2022\/02\/maluszki-Tweety-100x136.jpg 100w\" sizes=\"(max-width: 736px) 100vw, 736px\" \/><\/figure><\/li><li class=\"blocks-gallery-item\"><figure><img loading=\"lazy\" width=\"736\" height=\"1000\" src=\"https:\/\/shaggyfluff.pl\/wp-content\/uploads\/2022\/02\/maluszki-Tweety1.jpg\" alt=\"\" data-id=\"1547\" data-full-url=\"https:\/\/shaggyfluff.pl\/wp-content\/uploads\/2022\/02\/maluszki-Tweety1.jpg\" data-link=\"https:\/\/shaggyfluff.pl\/index.php\/nasze-psy\/hogan-patland\/hogan-reproduktor-2\/tweety-hogan\/maluszki-tweety1\/\" class=\"wp-image-1547\" srcset=\"https:\/\/shaggyfluff.pl\/wp-content\/uploads\/2022\/02\/maluszki-Tweety1.jpg 736w, https:\/\/shaggyfluff.pl\/wp-content\/uploads\/2022\/02\/maluszki-Tweety1-221x300.jpg 221w, https:\/\/shaggyfluff.pl\/wp-content\/uploads\/2022\/02\/maluszki-Tweety1-700x951.jpg 700w, https:\/\/shaggyfluff.pl\/wp-content\/uploads\/2022\/02\/maluszki-Tweety1-520x707.jpg 520w, https:\/\/shaggyfluff.pl\/wp-content\/uploads\/2022\/02\/maluszki-Tweety1-360x489.jpg 360w, https:\/\/shaggyfluff.pl\/wp-content\/uploads\/2022\/02\/maluszki-Tweety1-250x340.jpg 250w, https:\/\/shaggyfluff.pl\/wp-content\/uploads\/2022\/02\/maluszki-Tweety1-100x136.jpg 100w\" sizes=\"(max-width: 736px) 100vw, 736px\" \/><\/figure><\/li><\/ul><\/figure>\n","protected":false},"excerpt":{"rendered":"<p>Dnia 30 stycznia 2022 roku w zaprzyja\u017anionej hodowli Wataha z Pa\u0142uk nasz Hogu\u015b zosta\u0142 tat\u0105 czw\u00f3rki wspania\u0142ych maluszk\u00f3w (2 ch\u0142opc\u00f3w i 2 dziewczynek). Mam\u0105 zosta\u0142a Tweety Kees Collarium.\u00a0 Gratulacje dla rodzic\u00f3w i du\u017co zdr\u00f3wka dla szczeni\u0105t.<\/p>\n","protected":false},"author":1,"featured_media":0,"parent":1522,"menu_order":0,"comment_status":"closed","ping_status":"closed","template":"","meta":[],"_links":{"self":[{"href":"https:\/\/shaggyfluff.pl\/index.php\/wp-json\/wp\/v2\/pages\/1525"}],"collection":[{"href":"https:\/\/shaggyfluff.pl\/index.php\/wp-json\/wp\/v2\/pages"}],"about":[{"href":"https:\/\/shaggyfluff.pl\/index.php\/wp-json\/wp\/v2\/types\/page"}],"author":[{"embeddable":true,"href":"https:\/\/shaggyfluff.pl\/index.php\/wp-json\/wp\/v2\/users\/1"}],"replies":[{"embeddable":true,"href":"https:\/\/shaggyfluff.pl\/index.php\/wp-json\/wp\/v2\/comments?post=1525"}],"version-history":[{"count":6,"href":"https:\/\/shaggyfluff.pl\/index.php\/wp-json\/wp\/v2\/pages\/1525\/revisions"}],"predecessor-version":[{"id":1749,"href":"https:\/\/shaggyfluff.pl\/index.php\/wp-json\/wp\/v2\/pages\/1525\/revisions\/1749"}],"up":[{"embeddable":true,"href":"https:\/\/shaggyfluff.pl\/index.php\/wp-json\/wp\/v2\/pages\/1522"}],"wp:attachment":[{"href":"https:\/\/shaggyfluff.pl\/index.php\/wp-json\/wp\/v2\/media?parent=1525"}],"curies":[{"name":"wp","href":"https:\/\/api.w.org\/{rel}","templated":true}]}}